{"id":669,"date":"2025-10-07T21:02:06","date_gmt":"2025-10-07T19:02:06","guid":{"rendered":"https:\/\/sof2.jmstudios.es\/?post_type=product&#038;p=669"},"modified":"2026-02-22T01:54:42","modified_gmt":"2026-02-22T00:54:42","slug":"licencia-windows-11-home-oem","status":"publish","type":"product","link":"https:\/\/sof2.jmstudios.es\/?product=licencia-windows-11-home-oem","title":{"rendered":"Licencia Windows 11 Home OEM"},"content":{"rendered":"<p>Importante: Las licencias OEM<\/p>\n<p>se asocian directamente al hardware del equipo, en especial a la placa base. Esto significa que, una vez activada, queda vinculada de forma permanente a ese dispositivo y no puede transferirse a otro equipo. Si formateas o reinstalas el sistema, podr\u00edas perder la activaci\u00f3n y necesitar una nueva licencia.<\/p>\n<p>Si buscas una opci\u00f3n transferible y m\u00e1s flexible, disponemos de la versi\u00f3n Windows 11 Home Retail, que s\u00ed permite instalarse en otros equipos.<\/p>\n<p>Tras tu compra, recibir\u00e1s por correo electr\u00f3nico, un email confirmado la fecha de asistencia y instalaci\u00f3n de la licencia .<br \/>\ndeveras de tener instalado anydysk y para dejarle instalado la licencia<\/p>\n<p>En sofwarefacil\u00a0 tienes la seguridad de que estas comprando licencias originales de Windows 11 Home procedentes de proveedores autorizados por Microsoft.<\/p>\n<p>Procesador: 64 bits, 1 GHz o superior, compatible con SSE3 o superior.<br \/>\nMemoria RAM: 4 GB o m\u00e1s.<br \/>\nAlmacenamiento: 64 GB o m\u00e1s de espacio libre.<br \/>\nTarjeta gr\u00e1fica: compatible con DirectX 12 y con un controlador WDDM 2.0.<br \/>\nPantalla: resoluci\u00f3n de 720p o superior, con una diagonal de al menos 9 pulgadas.<br \/>\nConexi\u00f3n a Internet: necesaria para descargar e instalar actualizaciones.<br \/>\nCompatibilidad con TPM 2.0: tu equipo debe contar con un m\u00f3dulo TPM 2.0 para garantizar la seguridad y la protecci\u00f3n de datos.<\/p>\n<p>Inportartante: facilitar en el pedido numero de telefono con washap ya que contctaremos con usted para concretar dia y hora para la instalacion<\/p>\n","protected":false},"excerpt":{"rendered":"<p><strong>Licencia OEM de WINDOWS 11 Home\u00a0<\/strong><\/p>\n<ul>\n<li>Esta licencia se asocia al hardware en el que se instala.<\/li>\n<li>No puede transferirse a otro dispositivo.<\/li>\n<li>Licencia v\u00e1lida para activar solamente un PC.<\/li>\n<li>soporte e instlaci\u00f3n telematica incluida<\/li>\n<\/ul>\n","protected":false},"featured_media":670,"comment_status":"open","ping_status":"closed","template":"","meta":[],"product_brand":[],"product_cat":[34],"product_tag":[37,35,36],"class_list":{"0":"post-669","1":"product","2":"type-product","3":"status-publish","4":"has-post-thumbnail","6":"product_cat-windows","7":"product_tag-licencia","8":"product_tag-sofware","9":"product_tag-windos-11","11":"first","12":"instock","13":"virtual","14":"taxable","15":"purchasable","16":"product-type-simple"},"yoast_head":"<!-- This site is optimized with the Yoast SEO plugin v27.5 - https:\/\/yoast.com\/product\/yoast-seo-wordpress\/ -->\n<title>Licencia Windows 11 Home OEM - Software F\u00e1cil<\/title>\n<meta name=\"robots\" content=\"noindex, follow, max-snippet:-1, max-image-preview:large, max-video-preview:-1\" \/>\n<meta property=\"og:locale\" content=\"es_ES\" \/>\n<meta property=\"og:type\" content=\"article\" \/>\n<meta property=\"og:title\" content=\"Licencia Windows 11 Home OEM - Software F\u00e1cil\" \/>\n<meta property=\"og:description\" content=\"Licencia OEM de WINDOWS 11 Home\u00a0   Esta licencia se asocia al hardware en el que se instala.  No puede transferirse a otro dispositivo.  Licencia v\u00e1lida para activar solamente un PC.  soporte e instlaci\u00f3n telematica incluida\" \/>\n<meta property=\"og:url\" content=\"https:\/\/sof2.jmstudios.es\/product\/licencia-windows-11-home-oem\/\" \/>\n<meta property=\"og:site_name\" content=\"Software F\u00e1cil\" \/>\n<meta property=\"article:modified_time\" content=\"2026-02-22T00:54:42+00:00\" \/>\n<meta property=\"og:image\" content=\"https:\/\/sof2.jmstudios.es\/wp-content\/uploads\/2025\/10\/windows-11-home-oem.jpg\" \/>\n\t<meta property=\"og:image:width\" content=\"700\" \/>\n\t<meta property=\"og:image:height\" content=\"700\" \/>\n\t<meta property=\"og:image:type\" content=\"image\/jpeg\" \/>\n<meta name=\"twitter:card\" content=\"summary_large_image\" \/>\n<meta name=\"twitter:label1\" content=\"Tiempo de lectura\" \/>\n\t<meta name=\"twitter:data1\" content=\"2 minutos\" \/>\n<script type=\"application\/ld+json\" class=\"yoast-schema-graph\">{\"@context\":\"https:\\\/\\\/schema.org\",\"@graph\":[{\"@type\":\"WebPage\",\"@id\":\"https:\\\/\\\/sof2.jmstudios.es\\\/product\\\/licencia-windows-11-home-oem\\\/\",\"url\":\"https:\\\/\\\/sof2.jmstudios.es\\\/product\\\/licencia-windows-11-home-oem\\\/\",\"name\":\"Licencia Windows 11 Home OEM - Software F\u00e1cil\",\"isPartOf\":{\"@id\":\"https:\\\/\\\/sof2.jmstudios.es\\\/#website\"},\"primaryImageOfPage\":{\"@id\":\"https:\\\/\\\/sof2.jmstudios.es\\\/product\\\/licencia-windows-11-home-oem\\\/#primaryimage\"},\"image\":{\"@id\":\"https:\\\/\\\/sof2.jmstudios.es\\\/product\\\/licencia-windows-11-home-oem\\\/#primaryimage\"},\"thumbnailUrl\":\"https:\\\/\\\/sof2.jmstudios.es\\\/wp-content\\\/uploads\\\/2025\\\/10\\\/windows-11-home-oem.jpg\",\"datePublished\":\"2025-10-07T19:02:06+00:00\",\"dateModified\":\"2026-02-22T00:54:42+00:00\",\"breadcrumb\":{\"@id\":\"https:\\\/\\\/sof2.jmstudios.es\\\/product\\\/licencia-windows-11-home-oem\\\/#breadcrumb\"},\"inLanguage\":\"es\",\"potentialAction\":[{\"@type\":\"ReadAction\",\"target\":[\"https:\\\/\\\/sof2.jmstudios.es\\\/product\\\/licencia-windows-11-home-oem\\\/\"]}]},{\"@type\":\"ImageObject\",\"inLanguage\":\"es\",\"@id\":\"https:\\\/\\\/sof2.jmstudios.es\\\/product\\\/licencia-windows-11-home-oem\\\/#primaryimage\",\"url\":\"https:\\\/\\\/sof2.jmstudios.es\\\/wp-content\\\/uploads\\\/2025\\\/10\\\/windows-11-home-oem.jpg\",\"contentUrl\":\"https:\\\/\\\/sof2.jmstudios.es\\\/wp-content\\\/uploads\\\/2025\\\/10\\\/windows-11-home-oem.jpg\",\"width\":700,\"height\":700},{\"@type\":\"BreadcrumbList\",\"@id\":\"https:\\\/\\\/sof2.jmstudios.es\\\/product\\\/licencia-windows-11-home-oem\\\/#breadcrumb\",\"itemListElement\":[{\"@type\":\"ListItem\",\"position\":1,\"name\":\"Portada\",\"item\":\"https:\\\/\\\/sof2.jmstudios.es\\\/\"},{\"@type\":\"ListItem\",\"position\":2,\"name\":\"Productos\",\"item\":\"https:\\\/\\\/sof2.jmstudios.es\\\/shop\\\/\"},{\"@type\":\"ListItem\",\"position\":3,\"name\":\"Licencia Windows 11 Home OEM\"}]},{\"@type\":\"WebSite\",\"@id\":\"https:\\\/\\\/sof2.jmstudios.es\\\/#website\",\"url\":\"https:\\\/\\\/sof2.jmstudios.es\\\/\",\"name\":\"Software F\u00e1cil\",\"description\":\" WooCommerce Template For Toy Store\",\"publisher\":{\"@id\":\"https:\\\/\\\/sof2.jmstudios.es\\\/#organization\"},\"potentialAction\":[{\"@type\":\"SearchAction\",\"target\":{\"@type\":\"EntryPoint\",\"urlTemplate\":\"https:\\\/\\\/sof2.jmstudios.es\\\/?s={search_term_string}\"},\"query-input\":{\"@type\":\"PropertyValueSpecification\",\"valueRequired\":true,\"valueName\":\"search_term_string\"}}],\"inLanguage\":\"es\"},{\"@type\":\"Organization\",\"@id\":\"https:\\\/\\\/sof2.jmstudios.es\\\/#organization\",\"name\":\"Software F\u00e1cil\",\"url\":\"https:\\\/\\\/sof2.jmstudios.es\\\/\",\"logo\":{\"@type\":\"ImageObject\",\"inLanguage\":\"es\",\"@id\":\"https:\\\/\\\/sof2.jmstudios.es\\\/#\\\/schema\\\/logo\\\/image\\\/\",\"url\":\"https:\\\/\\\/sof2.jmstudios.es\\\/wp-content\\\/uploads\\\/2025\\\/10\\\/cropped-software_facil_logo-e1767484425268.png\",\"contentUrl\":\"https:\\\/\\\/sof2.jmstudios.es\\\/wp-content\\\/uploads\\\/2025\\\/10\\\/cropped-software_facil_logo-e1767484425268.png\",\"width\":400,\"height\":114,\"caption\":\"Software F\u00e1cil\"},\"image\":{\"@id\":\"https:\\\/\\\/sof2.jmstudios.es\\\/#\\\/schema\\\/logo\\\/image\\\/\"}}]}<\/script>\n<!-- \/ Yoast SEO plugin. -->","yoast_head_json":{"title":"Licencia Windows 11 Home OEM - Software F\u00e1cil","robots":{"index":"noindex","follow":"follow","max-snippet":"max-snippet:-1","max-image-preview":"max-image-preview:large","max-video-preview":"max-video-preview:-1"},"og_locale":"es_ES","og_type":"article","og_title":"Licencia Windows 11 Home OEM - Software F\u00e1cil","og_description":"Licencia OEM de WINDOWS 11 Home\u00a0   Esta licencia se asocia al hardware en el que se instala.  No puede transferirse a otro dispositivo.  Licencia v\u00e1lida para activar solamente un PC.  soporte e instlaci\u00f3n telematica incluida","og_url":"https:\/\/sof2.jmstudios.es\/product\/licencia-windows-11-home-oem\/","og_site_name":"Software F\u00e1cil","article_modified_time":"2026-02-22T00:54:42+00:00","og_image":[{"width":700,"height":700,"url":"https:\/\/sof2.jmstudios.es\/wp-content\/uploads\/2025\/10\/windows-11-home-oem.jpg","type":"image\/jpeg"}],"twitter_card":"summary_large_image","twitter_misc":{"Tiempo de lectura":"2 minutos"},"schema":{"@context":"https:\/\/schema.org","@graph":[{"@type":"WebPage","@id":"https:\/\/sof2.jmstudios.es\/product\/licencia-windows-11-home-oem\/","url":"https:\/\/sof2.jmstudios.es\/product\/licencia-windows-11-home-oem\/","name":"Licencia Windows 11 Home OEM - Software F\u00e1cil","isPartOf":{"@id":"https:\/\/sof2.jmstudios.es\/#website"},"primaryImageOfPage":{"@id":"https:\/\/sof2.jmstudios.es\/product\/licencia-windows-11-home-oem\/#primaryimage"},"image":{"@id":"https:\/\/sof2.jmstudios.es\/product\/licencia-windows-11-home-oem\/#primaryimage"},"thumbnailUrl":"https:\/\/sof2.jmstudios.es\/wp-content\/uploads\/2025\/10\/windows-11-home-oem.jpg","datePublished":"2025-10-07T19:02:06+00:00","dateModified":"2026-02-22T00:54:42+00:00","breadcrumb":{"@id":"https:\/\/sof2.jmstudios.es\/product\/licencia-windows-11-home-oem\/#breadcrumb"},"inLanguage":"es","potentialAction":[{"@type":"ReadAction","target":["https:\/\/sof2.jmstudios.es\/product\/licencia-windows-11-home-oem\/"]}]},{"@type":"ImageObject","inLanguage":"es","@id":"https:\/\/sof2.jmstudios.es\/product\/licencia-windows-11-home-oem\/#primaryimage","url":"https:\/\/sof2.jmstudios.es\/wp-content\/uploads\/2025\/10\/windows-11-home-oem.jpg","contentUrl":"https:\/\/sof2.jmstudios.es\/wp-content\/uploads\/2025\/10\/windows-11-home-oem.jpg","width":700,"height":700},{"@type":"BreadcrumbList","@id":"https:\/\/sof2.jmstudios.es\/product\/licencia-windows-11-home-oem\/#breadcrumb","itemListElement":[{"@type":"ListItem","position":1,"name":"Portada","item":"https:\/\/sof2.jmstudios.es\/"},{"@type":"ListItem","position":2,"name":"Productos","item":"https:\/\/sof2.jmstudios.es\/shop\/"},{"@type":"ListItem","position":3,"name":"Licencia Windows 11 Home OEM"}]},{"@type":"WebSite","@id":"https:\/\/sof2.jmstudios.es\/#website","url":"https:\/\/sof2.jmstudios.es\/","name":"Software F\u00e1cil","description":" WooCommerce Template For Toy Store","publisher":{"@id":"https:\/\/sof2.jmstudios.es\/#organization"},"potentialAction":[{"@type":"SearchAction","target":{"@type":"EntryPoint","urlTemplate":"https:\/\/sof2.jmstudios.es\/?s={search_term_string}"},"query-input":{"@type":"PropertyValueSpecification","valueRequired":true,"valueName":"search_term_string"}}],"inLanguage":"es"},{"@type":"Organization","@id":"https:\/\/sof2.jmstudios.es\/#organization","name":"Software F\u00e1cil","url":"https:\/\/sof2.jmstudios.es\/","logo":{"@type":"ImageObject","inLanguage":"es","@id":"https:\/\/sof2.jmstudios.es\/#\/schema\/logo\/image\/","url":"https:\/\/sof2.jmstudios.es\/wp-content\/uploads\/2025\/10\/cropped-software_facil_logo-e1767484425268.png","contentUrl":"https:\/\/sof2.jmstudios.es\/wp-content\/uploads\/2025\/10\/cropped-software_facil_logo-e1767484425268.png","width":400,"height":114,"caption":"Software F\u00e1cil"},"image":{"@id":"https:\/\/sof2.jmstudios.es\/#\/schema\/logo\/image\/"}}]}},"_links":{"self":[{"href":"https:\/\/sof2.jmstudios.es\/index.php?rest_route=\/wp\/v2\/product\/669","targetHints":{"allow":["GET"]}}],"collection":[{"href":"https:\/\/sof2.jmstudios.es\/index.php?rest_route=\/wp\/v2\/product"}],"about":[{"href":"https:\/\/sof2.jmstudios.es\/index.php?rest_route=\/wp\/v2\/types\/product"}],"replies":[{"embeddable":true,"href":"https:\/\/sof2.jmstudios.es\/index.php?rest_route=%2Fwp%2Fv2%2Fcomments&post=669"}],"wp:featuredmedia":[{"embeddable":true,"href":"https:\/\/sof2.jmstudios.es\/index.php?rest_route=\/wp\/v2\/media\/670"}],"wp:attachment":[{"href":"https:\/\/sof2.jmstudios.es\/index.php?rest_route=%2Fwp%2Fv2%2Fmedia&parent=669"}],"wp:term":[{"taxonomy":"product_brand","embeddable":true,"href":"https:\/\/sof2.jmstudios.es\/index.php?rest_route=%2Fwp%2Fv2%2Fproduct_brand&post=669"},{"taxonomy":"product_cat","embeddable":true,"href":"https:\/\/sof2.jmstudios.es\/index.php?rest_route=%2Fwp%2Fv2%2Fproduct_cat&post=669"},{"taxonomy":"product_tag","embeddable":true,"href":"https:\/\/sof2.jmstudios.es\/index.php?rest_route=%2Fwp%2Fv2%2Fproduct_tag&post=669"}],"curies":[{"name":"wp","href":"https:\/\/api.w.org\/{rel}","templated":true}]}}