{"id":668,"date":"2025-10-07T20:31:28","date_gmt":"2025-10-07T18:31:28","guid":{"rendered":"https:\/\/sof2.jmstudios.es\/?post_type=product&#038;p=668"},"modified":"2026-02-22T01:58:07","modified_gmt":"2026-02-22T00:58:07","slug":"licencia-windows-11-pro-oem-para-1-pc","status":"publish","type":"product","link":"https:\/\/sof2.jmstudios.es\/?product=licencia-windows-11-pro-oem-para-1-pc","title":{"rendered":"Licencia Windows 11 PRO OEM para 1 PC"},"content":{"rendered":"<p>La licencia OEM de Windows 11 Pro est\u00e1 vinculada al hardware del equipo donde se realiza la instalaci\u00f3n inicial y no puede ser transferida a otro dispositivo.<\/p>\n<p>Actualizar desde la versi\u00f3n Home a Pro<br \/>\nSi tienes Windows 11 Home y deseas actualizar a la versi\u00f3n Pro, debes avisarlo en la nota del pedido para que se tenga en cuenta ala hora de prestar la asistencia y instalar la licencia atreves de asistencia remota<\/p>\n<p>Caracter\u00edsticas Destacadas de Windows 11 Pro<br \/>\nConectividad 5G: Compatible con tecnolog\u00eda de conexi\u00f3n ultrarr\u00e1pida.<br \/>\nAuto HDR: Mejora la calidad visual en monitores con capacidad HDR.<br \/>\nBitLocker to Go: Protege tus datos con cifrado avanzado, disponible en unidades flash USB.<br \/>\nCliente Hyper-V: Ideal para virtualizaci\u00f3n, requiere procesador con SLAT.<br \/>\nDirectStorage: Disfruta de tiempos de carga reducidos con SSD NVMe y GPU compatible.<br \/>\nWindows Hello: Acceso r\u00e1pido y seguro con reconocimiento facial o lector de huellas.<br \/>\nCortana y Asistentes de Voz: Herramientas integradas para aumentar tu productividad.<br \/>\nVideoconferencia y Colaboraci\u00f3n: Optimizado para Teams con c\u00e1mara, micr\u00f3fono y altavoces.<br \/>\nAutenticaci\u00f3n de Dos Factores: Incrementa la seguridad de tus datos con PIN, biometr\u00eda o dispositivos externos.<\/p>\n<p>Requisitos del Sistema para Windows 11 Pro<br \/>\nProcesador: 64 bits, 2 n\u00facleos, 1 GHz o superior.<br \/>\nMemoria RAM: 4 GB o m\u00e1s.<br \/>\nAlmacenamiento: M\u00ednimo 64 GB.<br \/>\nCompatibilidad: Tarjeta gr\u00e1fica con DirectX 12, TPM 2.0, arranque seguro UEFI.<br \/>\nResoluci\u00f3n de pantalla: 1280 x 720 o superior.<\/p>\n<p>Si\u00a0 se tiene un equipo con windos 10 o inferior compatible con windos 11 tambi\u00e9n se le puede realizara la actualizaci\u00f3n, por asistencia remota, o usted mismo se pose los conocimientos<\/p>\n","protected":false},"excerpt":{"rendered":"<p>Licencia WINDOWS 11 PRO OEM para 1 PC<\/p>\n<p>Esta licencia se asocia al hardware en el que se instala, no puede transferirse a otro dispositivo.<br \/>\nLicencia v\u00e1lida para particulares y empresas.<br \/>\nincluye puesta en marcha, en el pc por asistencia remota , como es atreves de anydisk,<\/p>\n<p>Inportartante: facilitar en el pedido numero de telefono con washap ya que contctaremos con usted para concretar dia y hora para la instalacion<\/p>\n","protected":false},"featured_media":666,"comment_status":"open","ping_status":"closed","template":"","meta":[],"product_brand":[],"product_cat":[34],"product_tag":[37,35],"class_list":{"0":"post-668","1":"product","2":"type-product","3":"status-publish","4":"has-post-thumbnail","6":"product_cat-windows","7":"product_tag-licencia","8":"product_tag-sofware","10":"first","11":"instock","12":"virtual","13":"taxable","14":"purchasable","15":"product-type-simple"},"yoast_head":"<!-- This site is optimized with the Yoast SEO plugin v27.5 - https:\/\/yoast.com\/product\/yoast-seo-wordpress\/ -->\n<title>Licencia Windows 11 PRO OEM para 1 PC - Software F\u00e1cil<\/title>\n<meta name=\"robots\" content=\"noindex, follow, max-snippet:-1, max-image-preview:large, max-video-preview:-1\" \/>\n<meta property=\"og:locale\" content=\"es_ES\" \/>\n<meta property=\"og:type\" content=\"article\" \/>\n<meta property=\"og:title\" content=\"Licencia Windows 11 PRO OEM para 1 PC - Software F\u00e1cil\" \/>\n<meta property=\"og:description\" content=\"Licencia WINDOWS 11 PRO OEM para 1 PC  Esta licencia se asocia al hardware en el que se instala, no puede transferirse a otro dispositivo. Licencia v\u00e1lida para particulares y empresas. incluye puesta en marcha, en el pc por asistencia remota , como es atreves de anydisk,  Inportartante: facilitar en el pedido numero de telefono con washap ya que contctaremos con usted para concretar dia y hora para la instalacion\" \/>\n<meta property=\"og:url\" content=\"https:\/\/sof2.jmstudios.es\/product\/licencia-windows-11-pro-oem-para-1-pc\/\" \/>\n<meta property=\"og:site_name\" content=\"Software F\u00e1cil\" \/>\n<meta property=\"article:modified_time\" content=\"2026-02-22T00:58:07+00:00\" \/>\n<meta property=\"og:image\" content=\"https:\/\/sof2.jmstudios.es\/wp-content\/uploads\/2025\/10\/licencia-windows-11-pro-eom.webp\" \/>\n\t<meta property=\"og:image:width\" content=\"800\" \/>\n\t<meta property=\"og:image:height\" content=\"800\" \/>\n\t<meta property=\"og:image:type\" content=\"image\/webp\" \/>\n<meta name=\"twitter:card\" content=\"summary_large_image\" \/>\n<meta name=\"twitter:label1\" content=\"Tiempo de lectura\" \/>\n\t<meta name=\"twitter:data1\" content=\"2 minutos\" \/>\n<script type=\"application\/ld+json\" class=\"yoast-schema-graph\">{\"@context\":\"https:\\\/\\\/schema.org\",\"@graph\":[{\"@type\":\"WebPage\",\"@id\":\"https:\\\/\\\/sof2.jmstudios.es\\\/product\\\/licencia-windows-11-pro-oem-para-1-pc\\\/\",\"url\":\"https:\\\/\\\/sof2.jmstudios.es\\\/product\\\/licencia-windows-11-pro-oem-para-1-pc\\\/\",\"name\":\"Licencia Windows 11 PRO OEM para 1 PC - Software F\u00e1cil\",\"isPartOf\":{\"@id\":\"https:\\\/\\\/sof2.jmstudios.es\\\/#website\"},\"primaryImageOfPage\":{\"@id\":\"https:\\\/\\\/sof2.jmstudios.es\\\/product\\\/licencia-windows-11-pro-oem-para-1-pc\\\/#primaryimage\"},\"image\":{\"@id\":\"https:\\\/\\\/sof2.jmstudios.es\\\/product\\\/licencia-windows-11-pro-oem-para-1-pc\\\/#primaryimage\"},\"thumbnailUrl\":\"https:\\\/\\\/sof2.jmstudios.es\\\/wp-content\\\/uploads\\\/2025\\\/10\\\/licencia-windows-11-pro-eom.webp\",\"datePublished\":\"2025-10-07T18:31:28+00:00\",\"dateModified\":\"2026-02-22T00:58:07+00:00\",\"breadcrumb\":{\"@id\":\"https:\\\/\\\/sof2.jmstudios.es\\\/product\\\/licencia-windows-11-pro-oem-para-1-pc\\\/#breadcrumb\"},\"inLanguage\":\"es\",\"potentialAction\":[{\"@type\":\"ReadAction\",\"target\":[\"https:\\\/\\\/sof2.jmstudios.es\\\/product\\\/licencia-windows-11-pro-oem-para-1-pc\\\/\"]}]},{\"@type\":\"ImageObject\",\"inLanguage\":\"es\",\"@id\":\"https:\\\/\\\/sof2.jmstudios.es\\\/product\\\/licencia-windows-11-pro-oem-para-1-pc\\\/#primaryimage\",\"url\":\"https:\\\/\\\/sof2.jmstudios.es\\\/wp-content\\\/uploads\\\/2025\\\/10\\\/licencia-windows-11-pro-eom.webp\",\"contentUrl\":\"https:\\\/\\\/sof2.jmstudios.es\\\/wp-content\\\/uploads\\\/2025\\\/10\\\/licencia-windows-11-pro-eom.webp\",\"width\":800,\"height\":800},{\"@type\":\"BreadcrumbList\",\"@id\":\"https:\\\/\\\/sof2.jmstudios.es\\\/product\\\/licencia-windows-11-pro-oem-para-1-pc\\\/#breadcrumb\",\"itemListElement\":[{\"@type\":\"ListItem\",\"position\":1,\"name\":\"Portada\",\"item\":\"https:\\\/\\\/sof2.jmstudios.es\\\/\"},{\"@type\":\"ListItem\",\"position\":2,\"name\":\"Productos\",\"item\":\"https:\\\/\\\/sof2.jmstudios.es\\\/shop\\\/\"},{\"@type\":\"ListItem\",\"position\":3,\"name\":\"Licencia Windows 11 PRO OEM para 1 PC\"}]},{\"@type\":\"WebSite\",\"@id\":\"https:\\\/\\\/sof2.jmstudios.es\\\/#website\",\"url\":\"https:\\\/\\\/sof2.jmstudios.es\\\/\",\"name\":\"Software F\u00e1cil\",\"description\":\" WooCommerce Template For Toy Store\",\"publisher\":{\"@id\":\"https:\\\/\\\/sof2.jmstudios.es\\\/#organization\"},\"potentialAction\":[{\"@type\":\"SearchAction\",\"target\":{\"@type\":\"EntryPoint\",\"urlTemplate\":\"https:\\\/\\\/sof2.jmstudios.es\\\/?s={search_term_string}\"},\"query-input\":{\"@type\":\"PropertyValueSpecification\",\"valueRequired\":true,\"valueName\":\"search_term_string\"}}],\"inLanguage\":\"es\"},{\"@type\":\"Organization\",\"@id\":\"https:\\\/\\\/sof2.jmstudios.es\\\/#organization\",\"name\":\"Software F\u00e1cil\",\"url\":\"https:\\\/\\\/sof2.jmstudios.es\\\/\",\"logo\":{\"@type\":\"ImageObject\",\"inLanguage\":\"es\",\"@id\":\"https:\\\/\\\/sof2.jmstudios.es\\\/#\\\/schema\\\/logo\\\/image\\\/\",\"url\":\"https:\\\/\\\/sof2.jmstudios.es\\\/wp-content\\\/uploads\\\/2025\\\/10\\\/cropped-software_facil_logo-e1767484425268.png\",\"contentUrl\":\"https:\\\/\\\/sof2.jmstudios.es\\\/wp-content\\\/uploads\\\/2025\\\/10\\\/cropped-software_facil_logo-e1767484425268.png\",\"width\":400,\"height\":114,\"caption\":\"Software F\u00e1cil\"},\"image\":{\"@id\":\"https:\\\/\\\/sof2.jmstudios.es\\\/#\\\/schema\\\/logo\\\/image\\\/\"}}]}<\/script>\n<!-- \/ Yoast SEO plugin. -->","yoast_head_json":{"title":"Licencia Windows 11 PRO OEM para 1 PC - Software F\u00e1cil","robots":{"index":"noindex","follow":"follow","max-snippet":"max-snippet:-1","max-image-preview":"max-image-preview:large","max-video-preview":"max-video-preview:-1"},"og_locale":"es_ES","og_type":"article","og_title":"Licencia Windows 11 PRO OEM para 1 PC - Software F\u00e1cil","og_description":"Licencia WINDOWS 11 PRO OEM para 1 PC  Esta licencia se asocia al hardware en el que se instala, no puede transferirse a otro dispositivo. Licencia v\u00e1lida para particulares y empresas. incluye puesta en marcha, en el pc por asistencia remota , como es atreves de anydisk,  Inportartante: facilitar en el pedido numero de telefono con washap ya que contctaremos con usted para concretar dia y hora para la instalacion","og_url":"https:\/\/sof2.jmstudios.es\/product\/licencia-windows-11-pro-oem-para-1-pc\/","og_site_name":"Software F\u00e1cil","article_modified_time":"2026-02-22T00:58:07+00:00","og_image":[{"width":800,"height":800,"url":"https:\/\/sof2.jmstudios.es\/wp-content\/uploads\/2025\/10\/licencia-windows-11-pro-eom.webp","type":"image\/webp"}],"twitter_card":"summary_large_image","twitter_misc":{"Tiempo de lectura":"2 minutos"},"schema":{"@context":"https:\/\/schema.org","@graph":[{"@type":"WebPage","@id":"https:\/\/sof2.jmstudios.es\/product\/licencia-windows-11-pro-oem-para-1-pc\/","url":"https:\/\/sof2.jmstudios.es\/product\/licencia-windows-11-pro-oem-para-1-pc\/","name":"Licencia Windows 11 PRO OEM para 1 PC - Software F\u00e1cil","isPartOf":{"@id":"https:\/\/sof2.jmstudios.es\/#website"},"primaryImageOfPage":{"@id":"https:\/\/sof2.jmstudios.es\/product\/licencia-windows-11-pro-oem-para-1-pc\/#primaryimage"},"image":{"@id":"https:\/\/sof2.jmstudios.es\/product\/licencia-windows-11-pro-oem-para-1-pc\/#primaryimage"},"thumbnailUrl":"https:\/\/sof2.jmstudios.es\/wp-content\/uploads\/2025\/10\/licencia-windows-11-pro-eom.webp","datePublished":"2025-10-07T18:31:28+00:00","dateModified":"2026-02-22T00:58:07+00:00","breadcrumb":{"@id":"https:\/\/sof2.jmstudios.es\/product\/licencia-windows-11-pro-oem-para-1-pc\/#breadcrumb"},"inLanguage":"es","potentialAction":[{"@type":"ReadAction","target":["https:\/\/sof2.jmstudios.es\/product\/licencia-windows-11-pro-oem-para-1-pc\/"]}]},{"@type":"ImageObject","inLanguage":"es","@id":"https:\/\/sof2.jmstudios.es\/product\/licencia-windows-11-pro-oem-para-1-pc\/#primaryimage","url":"https:\/\/sof2.jmstudios.es\/wp-content\/uploads\/2025\/10\/licencia-windows-11-pro-eom.webp","contentUrl":"https:\/\/sof2.jmstudios.es\/wp-content\/uploads\/2025\/10\/licencia-windows-11-pro-eom.webp","width":800,"height":800},{"@type":"BreadcrumbList","@id":"https:\/\/sof2.jmstudios.es\/product\/licencia-windows-11-pro-oem-para-1-pc\/#breadcrumb","itemListElement":[{"@type":"ListItem","position":1,"name":"Portada","item":"https:\/\/sof2.jmstudios.es\/"},{"@type":"ListItem","position":2,"name":"Productos","item":"https:\/\/sof2.jmstudios.es\/shop\/"},{"@type":"ListItem","position":3,"name":"Licencia Windows 11 PRO OEM para 1 PC"}]},{"@type":"WebSite","@id":"https:\/\/sof2.jmstudios.es\/#website","url":"https:\/\/sof2.jmstudios.es\/","name":"Software F\u00e1cil","description":" WooCommerce Template For Toy Store","publisher":{"@id":"https:\/\/sof2.jmstudios.es\/#organization"},"potentialAction":[{"@type":"SearchAction","target":{"@type":"EntryPoint","urlTemplate":"https:\/\/sof2.jmstudios.es\/?s={search_term_string}"},"query-input":{"@type":"PropertyValueSpecification","valueRequired":true,"valueName":"search_term_string"}}],"inLanguage":"es"},{"@type":"Organization","@id":"https:\/\/sof2.jmstudios.es\/#organization","name":"Software F\u00e1cil","url":"https:\/\/sof2.jmstudios.es\/","logo":{"@type":"ImageObject","inLanguage":"es","@id":"https:\/\/sof2.jmstudios.es\/#\/schema\/logo\/image\/","url":"https:\/\/sof2.jmstudios.es\/wp-content\/uploads\/2025\/10\/cropped-software_facil_logo-e1767484425268.png","contentUrl":"https:\/\/sof2.jmstudios.es\/wp-content\/uploads\/2025\/10\/cropped-software_facil_logo-e1767484425268.png","width":400,"height":114,"caption":"Software F\u00e1cil"},"image":{"@id":"https:\/\/sof2.jmstudios.es\/#\/schema\/logo\/image\/"}}]}},"_links":{"self":[{"href":"https:\/\/sof2.jmstudios.es\/index.php?rest_route=\/wp\/v2\/product\/668","targetHints":{"allow":["GET"]}}],"collection":[{"href":"https:\/\/sof2.jmstudios.es\/index.php?rest_route=\/wp\/v2\/product"}],"about":[{"href":"https:\/\/sof2.jmstudios.es\/index.php?rest_route=\/wp\/v2\/types\/product"}],"replies":[{"embeddable":true,"href":"https:\/\/sof2.jmstudios.es\/index.php?rest_route=%2Fwp%2Fv2%2Fcomments&post=668"}],"wp:featuredmedia":[{"embeddable":true,"href":"https:\/\/sof2.jmstudios.es\/index.php?rest_route=\/wp\/v2\/media\/666"}],"wp:attachment":[{"href":"https:\/\/sof2.jmstudios.es\/index.php?rest_route=%2Fwp%2Fv2%2Fmedia&parent=668"}],"wp:term":[{"taxonomy":"product_brand","embeddable":true,"href":"https:\/\/sof2.jmstudios.es\/index.php?rest_route=%2Fwp%2Fv2%2Fproduct_brand&post=668"},{"taxonomy":"product_cat","embeddable":true,"href":"https:\/\/sof2.jmstudios.es\/index.php?rest_route=%2Fwp%2Fv2%2Fproduct_cat&post=668"},{"taxonomy":"product_tag","embeddable":true,"href":"https:\/\/sof2.jmstudios.es\/index.php?rest_route=%2Fwp%2Fv2%2Fproduct_tag&post=668"}],"curies":[{"name":"wp","href":"https:\/\/api.w.org\/{rel}","templated":true}]}}