{"id":1386,"date":"2026-03-19T16:13:32","date_gmt":"2026-03-19T15:13:32","guid":{"rendered":"https:\/\/sof2.jmstudios.es\/?post_type=product&#038;p=1386"},"modified":"2026-03-19T16:15:09","modified_gmt":"2026-03-19T15:15:09","slug":"smart-defrag-11","status":"publish","type":"product","link":"https:\/\/sof2.jmstudios.es\/?product=smart-defrag-11","title":{"rendered":"Smart Defrag 11"},"content":{"rendered":"<p>Requisitos del Sistema<br \/>\nAl igual que el resto de herramientas de IObit, es muy ligero y compatible con sistemas operativos antiguos:<br \/>\nSistemas Operativos: Windows 11, 10, 8\/8.1, 7, Vista, y XP.<br \/>\nEspacio en Disco Duro: Menos de 50 MB necesarios para la instalaci\u00f3n.<br \/>\nMemoria RAM: M\u00ednimo 256 MB de RAM.<br \/>\nResoluci\u00f3n de Pantalla: 1024 x 768 p\u00edxeles.<\/p>\n<p>Funciones Principales de Smart Defrag 11:<\/p>\n<ul>\n<li>La versi\u00f3n 11, y sus subsiguientes actualizaciones (hasta la versi\u00f3n 9 actual), se enfocan en la automatizaci\u00f3n y la optimizaci\u00f3n inteligente:<\/li>\n<li>Desfragmentaci\u00f3n Autom\u00e1tica: Permite desfragmentar tus discos en segundo plano mientras trabajas, sin ralentizar tu PC.<\/li>\n<li>Desfragmentaci\u00f3n Programada: Puedes establecer horas espec\u00edficas para realizar la limpieza y optimizaci\u00f3n del disco.<\/li>\n<li>Optimizaci\u00f3n de Tiempo de Arranque (Boot Time Defrag): Una caracter\u00edstica cr\u00edtica que desfragmenta archivos que est\u00e1n bloqueados o en uso durante el arranque de Windows, mejorando significativamente la velocidad de inicio del sistema.<\/li>\n<li>Game Optimize: Mueve los datos de los juegos a las partes m\u00e1s r\u00e1pidas del disco para acelerar los tiempos de carga y mejorar el rendimiento general en el juego.<\/li>\n<li>Optimizaci\u00f3n de SSD: Aunque los SSD no se desfragmentan de la misma manera que los HDD, Smart Defrag 11 incluye herramientas para optimizar y prolongar su vida \u00fatil mediante la limpieza de archivos innecesarios.<\/li>\n<\/ul>\n<p>Subscripci\u00f3n anual.<\/p>\n","protected":false},"excerpt":{"rendered":"<p>IObit Smart Defrag 11 es la herramienta de IObit dise\u00f1ada para optimizar el rendimiento de discos duros (HDD y SSD) mediante la desfragmentaci\u00f3n y organizaci\u00f3n de archivos.<\/p>\n<p>Subscripci\u00f3n anual.<\/p>\n","protected":false},"featured_media":1388,"comment_status":"open","ping_status":"closed","template":"","meta":[],"product_brand":[],"product_cat":[69],"product_tag":[],"class_list":{"0":"post-1386","1":"product","2":"type-product","3":"status-publish","4":"has-post-thumbnail","6":"product_cat-mantenimiento-pc","8":"first","9":"instock","10":"taxable","11":"shipping-taxable","12":"purchasable","13":"product-type-simple"},"yoast_head":"<!-- This site is optimized with the Yoast SEO plugin v27.5 - https:\/\/yoast.com\/product\/yoast-seo-wordpress\/ -->\n<title>Smart Defrag 11 - Software F\u00e1cil<\/title>\n<meta name=\"description\" content=\"\u00a1Maximiza la velocidad de tu disco con Smart Defrag 11 PRO! Optimizaci\u00f3n inteligente para HDD y SSD, inicio de Windows m\u00e1s r\u00e1pido y mejor rendimiento en juegos. Licencia oficial con entrega inmediata.\" \/>\n<meta name=\"robots\" content=\"noindex, follow, max-snippet:-1, max-image-preview:large, max-video-preview:-1\" \/>\n<meta property=\"og:locale\" content=\"es_ES\" \/>\n<meta property=\"og:type\" content=\"article\" \/>\n<meta property=\"og:title\" content=\"Smart Defrag 11 - Software F\u00e1cil\" \/>\n<meta property=\"og:description\" content=\"\u00a1Maximiza la velocidad de tu disco con Smart Defrag 11 PRO! Optimizaci\u00f3n inteligente para HDD y SSD, inicio de Windows m\u00e1s r\u00e1pido y mejor rendimiento en juegos. Licencia oficial con entrega inmediata.\" \/>\n<meta property=\"og:url\" content=\"https:\/\/sof2.jmstudios.es\/product\/smart-defrag-11\/\" \/>\n<meta property=\"og:site_name\" content=\"Software F\u00e1cil\" \/>\n<meta property=\"article:modified_time\" content=\"2026-03-19T15:15:09+00:00\" \/>\n<meta property=\"og:image\" content=\"https:\/\/sof2.jmstudios.es\/wp-content\/uploads\/2026\/03\/Smart-Defrag-11.webp\" \/>\n\t<meta property=\"og:image:width\" content=\"323\" \/>\n\t<meta property=\"og:image:height\" content=\"433\" \/>\n\t<meta property=\"og:image:type\" content=\"image\/webp\" \/>\n<meta name=\"twitter:card\" content=\"summary_large_image\" \/>\n<meta name=\"twitter:label1\" content=\"Tiempo de lectura\" \/>\n\t<meta name=\"twitter:data1\" content=\"2 minutos\" \/>\n<script type=\"application\/ld+json\" class=\"yoast-schema-graph\">{\"@context\":\"https:\\\/\\\/schema.org\",\"@graph\":[{\"@type\":\"WebPage\",\"@id\":\"https:\\\/\\\/sof2.jmstudios.es\\\/product\\\/smart-defrag-11\\\/\",\"url\":\"https:\\\/\\\/sof2.jmstudios.es\\\/product\\\/smart-defrag-11\\\/\",\"name\":\"Smart Defrag 11 - Software F\u00e1cil\",\"isPartOf\":{\"@id\":\"https:\\\/\\\/sof2.jmstudios.es\\\/#website\"},\"primaryImageOfPage\":{\"@id\":\"https:\\\/\\\/sof2.jmstudios.es\\\/product\\\/smart-defrag-11\\\/#primaryimage\"},\"image\":{\"@id\":\"https:\\\/\\\/sof2.jmstudios.es\\\/product\\\/smart-defrag-11\\\/#primaryimage\"},\"thumbnailUrl\":\"https:\\\/\\\/sof2.jmstudios.es\\\/wp-content\\\/uploads\\\/2026\\\/03\\\/Smart-Defrag-11.webp\",\"datePublished\":\"2026-03-19T15:13:32+00:00\",\"dateModified\":\"2026-03-19T15:15:09+00:00\",\"description\":\"\u00a1Maximiza la velocidad de tu disco con Smart Defrag 11 PRO! Optimizaci\u00f3n inteligente para HDD y SSD, inicio de Windows m\u00e1s r\u00e1pido y mejor rendimiento en juegos. Licencia oficial con entrega inmediata.\",\"breadcrumb\":{\"@id\":\"https:\\\/\\\/sof2.jmstudios.es\\\/product\\\/smart-defrag-11\\\/#breadcrumb\"},\"inLanguage\":\"es\",\"potentialAction\":[{\"@type\":\"ReadAction\",\"target\":[\"https:\\\/\\\/sof2.jmstudios.es\\\/product\\\/smart-defrag-11\\\/\"]}]},{\"@type\":\"ImageObject\",\"inLanguage\":\"es\",\"@id\":\"https:\\\/\\\/sof2.jmstudios.es\\\/product\\\/smart-defrag-11\\\/#primaryimage\",\"url\":\"https:\\\/\\\/sof2.jmstudios.es\\\/wp-content\\\/uploads\\\/2026\\\/03\\\/Smart-Defrag-11.webp\",\"contentUrl\":\"https:\\\/\\\/sof2.jmstudios.es\\\/wp-content\\\/uploads\\\/2026\\\/03\\\/Smart-Defrag-11.webp\",\"width\":323,\"height\":433},{\"@type\":\"BreadcrumbList\",\"@id\":\"https:\\\/\\\/sof2.jmstudios.es\\\/product\\\/smart-defrag-11\\\/#breadcrumb\",\"itemListElement\":[{\"@type\":\"ListItem\",\"position\":1,\"name\":\"Portada\",\"item\":\"https:\\\/\\\/sof2.jmstudios.es\\\/\"},{\"@type\":\"ListItem\",\"position\":2,\"name\":\"Productos\",\"item\":\"https:\\\/\\\/sof2.jmstudios.es\\\/shop\\\/\"},{\"@type\":\"ListItem\",\"position\":3,\"name\":\"Smart Defrag 11\"}]},{\"@type\":\"WebSite\",\"@id\":\"https:\\\/\\\/sof2.jmstudios.es\\\/#website\",\"url\":\"https:\\\/\\\/sof2.jmstudios.es\\\/\",\"name\":\"Software F\u00e1cil\",\"description\":\" WooCommerce Template For Toy Store\",\"publisher\":{\"@id\":\"https:\\\/\\\/sof2.jmstudios.es\\\/#organization\"},\"potentialAction\":[{\"@type\":\"SearchAction\",\"target\":{\"@type\":\"EntryPoint\",\"urlTemplate\":\"https:\\\/\\\/sof2.jmstudios.es\\\/?s={search_term_string}\"},\"query-input\":{\"@type\":\"PropertyValueSpecification\",\"valueRequired\":true,\"valueName\":\"search_term_string\"}}],\"inLanguage\":\"es\"},{\"@type\":\"Organization\",\"@id\":\"https:\\\/\\\/sof2.jmstudios.es\\\/#organization\",\"name\":\"Software F\u00e1cil\",\"url\":\"https:\\\/\\\/sof2.jmstudios.es\\\/\",\"logo\":{\"@type\":\"ImageObject\",\"inLanguage\":\"es\",\"@id\":\"https:\\\/\\\/sof2.jmstudios.es\\\/#\\\/schema\\\/logo\\\/image\\\/\",\"url\":\"https:\\\/\\\/sof2.jmstudios.es\\\/wp-content\\\/uploads\\\/2025\\\/10\\\/cropped-software_facil_logo-e1767484425268.png\",\"contentUrl\":\"https:\\\/\\\/sof2.jmstudios.es\\\/wp-content\\\/uploads\\\/2025\\\/10\\\/cropped-software_facil_logo-e1767484425268.png\",\"width\":400,\"height\":114,\"caption\":\"Software F\u00e1cil\"},\"image\":{\"@id\":\"https:\\\/\\\/sof2.jmstudios.es\\\/#\\\/schema\\\/logo\\\/image\\\/\"}}]}<\/script>\n<!-- \/ Yoast SEO plugin. -->","yoast_head_json":{"title":"Smart Defrag 11 - Software F\u00e1cil","description":"\u00a1Maximiza la velocidad de tu disco con Smart Defrag 11 PRO! Optimizaci\u00f3n inteligente para HDD y SSD, inicio de Windows m\u00e1s r\u00e1pido y mejor rendimiento en juegos. Licencia oficial con entrega inmediata.","robots":{"index":"noindex","follow":"follow","max-snippet":"max-snippet:-1","max-image-preview":"max-image-preview:large","max-video-preview":"max-video-preview:-1"},"og_locale":"es_ES","og_type":"article","og_title":"Smart Defrag 11 - Software F\u00e1cil","og_description":"\u00a1Maximiza la velocidad de tu disco con Smart Defrag 11 PRO! Optimizaci\u00f3n inteligente para HDD y SSD, inicio de Windows m\u00e1s r\u00e1pido y mejor rendimiento en juegos. Licencia oficial con entrega inmediata.","og_url":"https:\/\/sof2.jmstudios.es\/product\/smart-defrag-11\/","og_site_name":"Software F\u00e1cil","article_modified_time":"2026-03-19T15:15:09+00:00","og_image":[{"width":323,"height":433,"url":"https:\/\/sof2.jmstudios.es\/wp-content\/uploads\/2026\/03\/Smart-Defrag-11.webp","type":"image\/webp"}],"twitter_card":"summary_large_image","twitter_misc":{"Tiempo de lectura":"2 minutos"},"schema":{"@context":"https:\/\/schema.org","@graph":[{"@type":"WebPage","@id":"https:\/\/sof2.jmstudios.es\/product\/smart-defrag-11\/","url":"https:\/\/sof2.jmstudios.es\/product\/smart-defrag-11\/","name":"Smart Defrag 11 - Software F\u00e1cil","isPartOf":{"@id":"https:\/\/sof2.jmstudios.es\/#website"},"primaryImageOfPage":{"@id":"https:\/\/sof2.jmstudios.es\/product\/smart-defrag-11\/#primaryimage"},"image":{"@id":"https:\/\/sof2.jmstudios.es\/product\/smart-defrag-11\/#primaryimage"},"thumbnailUrl":"https:\/\/sof2.jmstudios.es\/wp-content\/uploads\/2026\/03\/Smart-Defrag-11.webp","datePublished":"2026-03-19T15:13:32+00:00","dateModified":"2026-03-19T15:15:09+00:00","description":"\u00a1Maximiza la velocidad de tu disco con Smart Defrag 11 PRO! Optimizaci\u00f3n inteligente para HDD y SSD, inicio de Windows m\u00e1s r\u00e1pido y mejor rendimiento en juegos. Licencia oficial con entrega inmediata.","breadcrumb":{"@id":"https:\/\/sof2.jmstudios.es\/product\/smart-defrag-11\/#breadcrumb"},"inLanguage":"es","potentialAction":[{"@type":"ReadAction","target":["https:\/\/sof2.jmstudios.es\/product\/smart-defrag-11\/"]}]},{"@type":"ImageObject","inLanguage":"es","@id":"https:\/\/sof2.jmstudios.es\/product\/smart-defrag-11\/#primaryimage","url":"https:\/\/sof2.jmstudios.es\/wp-content\/uploads\/2026\/03\/Smart-Defrag-11.webp","contentUrl":"https:\/\/sof2.jmstudios.es\/wp-content\/uploads\/2026\/03\/Smart-Defrag-11.webp","width":323,"height":433},{"@type":"BreadcrumbList","@id":"https:\/\/sof2.jmstudios.es\/product\/smart-defrag-11\/#breadcrumb","itemListElement":[{"@type":"ListItem","position":1,"name":"Portada","item":"https:\/\/sof2.jmstudios.es\/"},{"@type":"ListItem","position":2,"name":"Productos","item":"https:\/\/sof2.jmstudios.es\/shop\/"},{"@type":"ListItem","position":3,"name":"Smart Defrag 11"}]},{"@type":"WebSite","@id":"https:\/\/sof2.jmstudios.es\/#website","url":"https:\/\/sof2.jmstudios.es\/","name":"Software F\u00e1cil","description":" WooCommerce Template For Toy Store","publisher":{"@id":"https:\/\/sof2.jmstudios.es\/#organization"},"potentialAction":[{"@type":"SearchAction","target":{"@type":"EntryPoint","urlTemplate":"https:\/\/sof2.jmstudios.es\/?s={search_term_string}"},"query-input":{"@type":"PropertyValueSpecification","valueRequired":true,"valueName":"search_term_string"}}],"inLanguage":"es"},{"@type":"Organization","@id":"https:\/\/sof2.jmstudios.es\/#organization","name":"Software F\u00e1cil","url":"https:\/\/sof2.jmstudios.es\/","logo":{"@type":"ImageObject","inLanguage":"es","@id":"https:\/\/sof2.jmstudios.es\/#\/schema\/logo\/image\/","url":"https:\/\/sof2.jmstudios.es\/wp-content\/uploads\/2025\/10\/cropped-software_facil_logo-e1767484425268.png","contentUrl":"https:\/\/sof2.jmstudios.es\/wp-content\/uploads\/2025\/10\/cropped-software_facil_logo-e1767484425268.png","width":400,"height":114,"caption":"Software F\u00e1cil"},"image":{"@id":"https:\/\/sof2.jmstudios.es\/#\/schema\/logo\/image\/"}}]}},"_links":{"self":[{"href":"https:\/\/sof2.jmstudios.es\/index.php?rest_route=\/wp\/v2\/product\/1386","targetHints":{"allow":["GET"]}}],"collection":[{"href":"https:\/\/sof2.jmstudios.es\/index.php?rest_route=\/wp\/v2\/product"}],"about":[{"href":"https:\/\/sof2.jmstudios.es\/index.php?rest_route=\/wp\/v2\/types\/product"}],"replies":[{"embeddable":true,"href":"https:\/\/sof2.jmstudios.es\/index.php?rest_route=%2Fwp%2Fv2%2Fcomments&post=1386"}],"wp:featuredmedia":[{"embeddable":true,"href":"https:\/\/sof2.jmstudios.es\/index.php?rest_route=\/wp\/v2\/media\/1388"}],"wp:attachment":[{"href":"https:\/\/sof2.jmstudios.es\/index.php?rest_route=%2Fwp%2Fv2%2Fmedia&parent=1386"}],"wp:term":[{"taxonomy":"product_brand","embeddable":true,"href":"https:\/\/sof2.jmstudios.es\/index.php?rest_route=%2Fwp%2Fv2%2Fproduct_brand&post=1386"},{"taxonomy":"product_cat","embeddable":true,"href":"https:\/\/sof2.jmstudios.es\/index.php?rest_route=%2Fwp%2Fv2%2Fproduct_cat&post=1386"},{"taxonomy":"product_tag","embeddable":true,"href":"https:\/\/sof2.jmstudios.es\/index.php?rest_route=%2Fwp%2Fv2%2Fproduct_tag&post=1386"}],"curies":[{"name":"wp","href":"https:\/\/api.w.org\/{rel}","templated":true}]}}