{"id":1383,"date":"2026-03-19T16:08:27","date_gmt":"2026-03-19T15:08:27","guid":{"rendered":"https:\/\/sof2.jmstudios.es\/?post_type=product&#038;p=1383"},"modified":"2026-03-19T16:13:36","modified_gmt":"2026-03-19T15:13:36","slug":"iobit-software-updater-8","status":"publish","type":"product","link":"https:\/\/sof2.jmstudios.es\/?product=iobit-software-updater-8","title":{"rendered":"IObit Software Updater 8"},"content":{"rendered":"<p>Requisitos del Sistema:<br \/>\nAl igual que el resto de la suite, es un programa extremadamente ligero:<br \/>\nSistemas Operativos: Totalmente compatible con Windows 11, 10, 8.1, 8, 7, Vista y XP.<br \/>\nEspacio en Disco: Requiere aproximadamente 300 MB de espacio libre para la instalaci\u00f3n. El instalador pesa solo 19.5 MB.<br \/>\nResoluci\u00f3n de Pantalla: 1024 x 768 p\u00edxeles o superior.<\/p>\n<p>Ventajas de la Versi\u00f3n 8 PRO:<\/p>\n<ul>\n<li>Esta nueva versi\u00f3n ha ampliado sus capacidades para cubrir m\u00e1s software y mejorar la seguridad:<\/li>\n<li>Base de Datos un 30% m\u00e1s amplia: Ahora soporta la actualizaci\u00f3n de m\u00e1s de 1,000 programas populares (como navegadores, herramientas de oficina y redes sociales).<\/li>\n<li>Actualizaci\u00f3n Autom\u00e1tica Programada: Puedes configurar el programa para que busque e instale actualizaciones en horas espec\u00edficas (por ejemplo, mientras no usas el PC).<\/li>\n<li>Instalaci\u00f3n Silenciosa: Realiza las instalaciones en segundo plano sin mostrar ventanas emergentes ni interrumpir tu trabajo.<\/li>\n<li>AI Hub: Incluye una nueva secci\u00f3n dedicada a herramientas de productividad basadas en IA para ayudarte a encontrar y descargar las mejores utilidades actuales.<\/li>\n<li>Sin Anuncios: A diferencia de la versi\u00f3n Free, la edici\u00f3n PRO elimina toda la publicidad patrocinada.<\/li>\n<\/ul>\n<p>Subscripci\u00f3n anual.<\/p>\n","protected":false},"excerpt":{"rendered":"<p>IObit Software Updater 8 PRO es la herramienta especializada de IObit para automatizar la actualizaci\u00f3n de tus aplicaciones instaladas, asegurando que siempre tengas las \u00faltimas funciones y parches de seguridad sin tener que buscarlos manualmente.<\/p>\n<p>Subscripci\u00f3n anual.<\/p>\n","protected":false},"featured_media":1384,"comment_status":"open","ping_status":"closed","template":"","meta":[],"product_brand":[],"product_cat":[69],"product_tag":[],"class_list":{"0":"post-1383","1":"product","2":"type-product","3":"status-publish","4":"has-post-thumbnail","6":"product_cat-mantenimiento-pc","8":"first","9":"instock","10":"taxable","11":"shipping-taxable","12":"purchasable","13":"product-type-simple"},"yoast_head":"<!-- This site is optimized with the Yoast SEO plugin v27.5 - https:\/\/yoast.com\/product\/yoast-seo-wordpress\/ -->\n<title>IObit Software Updater 8 - Software F\u00e1cil<\/title>\n<meta name=\"description\" content=\"Mant\u00e9n tu PC seguro con IObit Software Updater 8. Actualiza todos tus programas con un solo clic, sin anuncios y de forma autom\u00e1tica. \u00a1Licencia 100% original aqu\u00ed!\" \/>\n<meta name=\"robots\" content=\"noindex, follow, max-snippet:-1, max-image-preview:large, max-video-preview:-1\" \/>\n<meta property=\"og:locale\" content=\"es_ES\" \/>\n<meta property=\"og:type\" content=\"article\" \/>\n<meta property=\"og:title\" content=\"IObit Software Updater 8 - Software F\u00e1cil\" \/>\n<meta property=\"og:description\" content=\"Mant\u00e9n tu PC seguro con IObit Software Updater 8. Actualiza todos tus programas con un solo clic, sin anuncios y de forma autom\u00e1tica. \u00a1Licencia 100% original aqu\u00ed!\" \/>\n<meta property=\"og:url\" content=\"https:\/\/sof2.jmstudios.es\/product\/iobit-software-updater-8\/\" \/>\n<meta property=\"og:site_name\" content=\"Software F\u00e1cil\" \/>\n<meta property=\"article:modified_time\" content=\"2026-03-19T15:13:36+00:00\" \/>\n<meta property=\"og:image\" content=\"https:\/\/sof2.jmstudios.es\/wp-content\/uploads\/2026\/03\/IObit-Software-Updater-8.webp\" \/>\n\t<meta property=\"og:image:width\" content=\"323\" \/>\n\t<meta property=\"og:image:height\" content=\"433\" \/>\n\t<meta property=\"og:image:type\" content=\"image\/webp\" \/>\n<meta name=\"twitter:card\" content=\"summary_large_image\" \/>\n<meta name=\"twitter:label1\" content=\"Tiempo de lectura\" \/>\n\t<meta name=\"twitter:data1\" content=\"2 minutos\" \/>\n<script type=\"application\/ld+json\" class=\"yoast-schema-graph\">{\"@context\":\"https:\\\/\\\/schema.org\",\"@graph\":[{\"@type\":\"WebPage\",\"@id\":\"https:\\\/\\\/sof2.jmstudios.es\\\/product\\\/iobit-software-updater-8\\\/\",\"url\":\"https:\\\/\\\/sof2.jmstudios.es\\\/product\\\/iobit-software-updater-8\\\/\",\"name\":\"IObit Software Updater 8 - Software F\u00e1cil\",\"isPartOf\":{\"@id\":\"https:\\\/\\\/sof2.jmstudios.es\\\/#website\"},\"primaryImageOfPage\":{\"@id\":\"https:\\\/\\\/sof2.jmstudios.es\\\/product\\\/iobit-software-updater-8\\\/#primaryimage\"},\"image\":{\"@id\":\"https:\\\/\\\/sof2.jmstudios.es\\\/product\\\/iobit-software-updater-8\\\/#primaryimage\"},\"thumbnailUrl\":\"https:\\\/\\\/sof2.jmstudios.es\\\/wp-content\\\/uploads\\\/2026\\\/03\\\/IObit-Software-Updater-8.webp\",\"datePublished\":\"2026-03-19T15:08:27+00:00\",\"dateModified\":\"2026-03-19T15:13:36+00:00\",\"description\":\"Mant\u00e9n tu PC seguro con IObit Software Updater 8. Actualiza todos tus programas con un solo clic, sin anuncios y de forma autom\u00e1tica. \u00a1Licencia 100% original aqu\u00ed!\",\"breadcrumb\":{\"@id\":\"https:\\\/\\\/sof2.jmstudios.es\\\/product\\\/iobit-software-updater-8\\\/#breadcrumb\"},\"inLanguage\":\"es\",\"potentialAction\":[{\"@type\":\"ReadAction\",\"target\":[\"https:\\\/\\\/sof2.jmstudios.es\\\/product\\\/iobit-software-updater-8\\\/\"]}]},{\"@type\":\"ImageObject\",\"inLanguage\":\"es\",\"@id\":\"https:\\\/\\\/sof2.jmstudios.es\\\/product\\\/iobit-software-updater-8\\\/#primaryimage\",\"url\":\"https:\\\/\\\/sof2.jmstudios.es\\\/wp-content\\\/uploads\\\/2026\\\/03\\\/IObit-Software-Updater-8.webp\",\"contentUrl\":\"https:\\\/\\\/sof2.jmstudios.es\\\/wp-content\\\/uploads\\\/2026\\\/03\\\/IObit-Software-Updater-8.webp\",\"width\":323,\"height\":433},{\"@type\":\"BreadcrumbList\",\"@id\":\"https:\\\/\\\/sof2.jmstudios.es\\\/product\\\/iobit-software-updater-8\\\/#breadcrumb\",\"itemListElement\":[{\"@type\":\"ListItem\",\"position\":1,\"name\":\"Portada\",\"item\":\"https:\\\/\\\/sof2.jmstudios.es\\\/\"},{\"@type\":\"ListItem\",\"position\":2,\"name\":\"Productos\",\"item\":\"https:\\\/\\\/sof2.jmstudios.es\\\/shop\\\/\"},{\"@type\":\"ListItem\",\"position\":3,\"name\":\"IObit Software Updater 8\"}]},{\"@type\":\"WebSite\",\"@id\":\"https:\\\/\\\/sof2.jmstudios.es\\\/#website\",\"url\":\"https:\\\/\\\/sof2.jmstudios.es\\\/\",\"name\":\"Software F\u00e1cil\",\"description\":\" WooCommerce Template For Toy Store\",\"publisher\":{\"@id\":\"https:\\\/\\\/sof2.jmstudios.es\\\/#organization\"},\"potentialAction\":[{\"@type\":\"SearchAction\",\"target\":{\"@type\":\"EntryPoint\",\"urlTemplate\":\"https:\\\/\\\/sof2.jmstudios.es\\\/?s={search_term_string}\"},\"query-input\":{\"@type\":\"PropertyValueSpecification\",\"valueRequired\":true,\"valueName\":\"search_term_string\"}}],\"inLanguage\":\"es\"},{\"@type\":\"Organization\",\"@id\":\"https:\\\/\\\/sof2.jmstudios.es\\\/#organization\",\"name\":\"Software F\u00e1cil\",\"url\":\"https:\\\/\\\/sof2.jmstudios.es\\\/\",\"logo\":{\"@type\":\"ImageObject\",\"inLanguage\":\"es\",\"@id\":\"https:\\\/\\\/sof2.jmstudios.es\\\/#\\\/schema\\\/logo\\\/image\\\/\",\"url\":\"https:\\\/\\\/sof2.jmstudios.es\\\/wp-content\\\/uploads\\\/2025\\\/10\\\/cropped-software_facil_logo-e1767484425268.png\",\"contentUrl\":\"https:\\\/\\\/sof2.jmstudios.es\\\/wp-content\\\/uploads\\\/2025\\\/10\\\/cropped-software_facil_logo-e1767484425268.png\",\"width\":400,\"height\":114,\"caption\":\"Software F\u00e1cil\"},\"image\":{\"@id\":\"https:\\\/\\\/sof2.jmstudios.es\\\/#\\\/schema\\\/logo\\\/image\\\/\"}}]}<\/script>\n<!-- \/ Yoast SEO plugin. -->","yoast_head_json":{"title":"IObit Software Updater 8 - Software F\u00e1cil","description":"Mant\u00e9n tu PC seguro con IObit Software Updater 8. Actualiza todos tus programas con un solo clic, sin anuncios y de forma autom\u00e1tica. \u00a1Licencia 100% original aqu\u00ed!","robots":{"index":"noindex","follow":"follow","max-snippet":"max-snippet:-1","max-image-preview":"max-image-preview:large","max-video-preview":"max-video-preview:-1"},"og_locale":"es_ES","og_type":"article","og_title":"IObit Software Updater 8 - Software F\u00e1cil","og_description":"Mant\u00e9n tu PC seguro con IObit Software Updater 8. Actualiza todos tus programas con un solo clic, sin anuncios y de forma autom\u00e1tica. \u00a1Licencia 100% original aqu\u00ed!","og_url":"https:\/\/sof2.jmstudios.es\/product\/iobit-software-updater-8\/","og_site_name":"Software F\u00e1cil","article_modified_time":"2026-03-19T15:13:36+00:00","og_image":[{"width":323,"height":433,"url":"https:\/\/sof2.jmstudios.es\/wp-content\/uploads\/2026\/03\/IObit-Software-Updater-8.webp","type":"image\/webp"}],"twitter_card":"summary_large_image","twitter_misc":{"Tiempo de lectura":"2 minutos"},"schema":{"@context":"https:\/\/schema.org","@graph":[{"@type":"WebPage","@id":"https:\/\/sof2.jmstudios.es\/product\/iobit-software-updater-8\/","url":"https:\/\/sof2.jmstudios.es\/product\/iobit-software-updater-8\/","name":"IObit Software Updater 8 - Software F\u00e1cil","isPartOf":{"@id":"https:\/\/sof2.jmstudios.es\/#website"},"primaryImageOfPage":{"@id":"https:\/\/sof2.jmstudios.es\/product\/iobit-software-updater-8\/#primaryimage"},"image":{"@id":"https:\/\/sof2.jmstudios.es\/product\/iobit-software-updater-8\/#primaryimage"},"thumbnailUrl":"https:\/\/sof2.jmstudios.es\/wp-content\/uploads\/2026\/03\/IObit-Software-Updater-8.webp","datePublished":"2026-03-19T15:08:27+00:00","dateModified":"2026-03-19T15:13:36+00:00","description":"Mant\u00e9n tu PC seguro con IObit Software Updater 8. Actualiza todos tus programas con un solo clic, sin anuncios y de forma autom\u00e1tica. \u00a1Licencia 100% original aqu\u00ed!","breadcrumb":{"@id":"https:\/\/sof2.jmstudios.es\/product\/iobit-software-updater-8\/#breadcrumb"},"inLanguage":"es","potentialAction":[{"@type":"ReadAction","target":["https:\/\/sof2.jmstudios.es\/product\/iobit-software-updater-8\/"]}]},{"@type":"ImageObject","inLanguage":"es","@id":"https:\/\/sof2.jmstudios.es\/product\/iobit-software-updater-8\/#primaryimage","url":"https:\/\/sof2.jmstudios.es\/wp-content\/uploads\/2026\/03\/IObit-Software-Updater-8.webp","contentUrl":"https:\/\/sof2.jmstudios.es\/wp-content\/uploads\/2026\/03\/IObit-Software-Updater-8.webp","width":323,"height":433},{"@type":"BreadcrumbList","@id":"https:\/\/sof2.jmstudios.es\/product\/iobit-software-updater-8\/#breadcrumb","itemListElement":[{"@type":"ListItem","position":1,"name":"Portada","item":"https:\/\/sof2.jmstudios.es\/"},{"@type":"ListItem","position":2,"name":"Productos","item":"https:\/\/sof2.jmstudios.es\/shop\/"},{"@type":"ListItem","position":3,"name":"IObit Software Updater 8"}]},{"@type":"WebSite","@id":"https:\/\/sof2.jmstudios.es\/#website","url":"https:\/\/sof2.jmstudios.es\/","name":"Software F\u00e1cil","description":" WooCommerce Template For Toy Store","publisher":{"@id":"https:\/\/sof2.jmstudios.es\/#organization"},"potentialAction":[{"@type":"SearchAction","target":{"@type":"EntryPoint","urlTemplate":"https:\/\/sof2.jmstudios.es\/?s={search_term_string}"},"query-input":{"@type":"PropertyValueSpecification","valueRequired":true,"valueName":"search_term_string"}}],"inLanguage":"es"},{"@type":"Organization","@id":"https:\/\/sof2.jmstudios.es\/#organization","name":"Software F\u00e1cil","url":"https:\/\/sof2.jmstudios.es\/","logo":{"@type":"ImageObject","inLanguage":"es","@id":"https:\/\/sof2.jmstudios.es\/#\/schema\/logo\/image\/","url":"https:\/\/sof2.jmstudios.es\/wp-content\/uploads\/2025\/10\/cropped-software_facil_logo-e1767484425268.png","contentUrl":"https:\/\/sof2.jmstudios.es\/wp-content\/uploads\/2025\/10\/cropped-software_facil_logo-e1767484425268.png","width":400,"height":114,"caption":"Software F\u00e1cil"},"image":{"@id":"https:\/\/sof2.jmstudios.es\/#\/schema\/logo\/image\/"}}]}},"_links":{"self":[{"href":"https:\/\/sof2.jmstudios.es\/index.php?rest_route=\/wp\/v2\/product\/1383","targetHints":{"allow":["GET"]}}],"collection":[{"href":"https:\/\/sof2.jmstudios.es\/index.php?rest_route=\/wp\/v2\/product"}],"about":[{"href":"https:\/\/sof2.jmstudios.es\/index.php?rest_route=\/wp\/v2\/types\/product"}],"replies":[{"embeddable":true,"href":"https:\/\/sof2.jmstudios.es\/index.php?rest_route=%2Fwp%2Fv2%2Fcomments&post=1383"}],"wp:featuredmedia":[{"embeddable":true,"href":"https:\/\/sof2.jmstudios.es\/index.php?rest_route=\/wp\/v2\/media\/1384"}],"wp:attachment":[{"href":"https:\/\/sof2.jmstudios.es\/index.php?rest_route=%2Fwp%2Fv2%2Fmedia&parent=1383"}],"wp:term":[{"taxonomy":"product_brand","embeddable":true,"href":"https:\/\/sof2.jmstudios.es\/index.php?rest_route=%2Fwp%2Fv2%2Fproduct_brand&post=1383"},{"taxonomy":"product_cat","embeddable":true,"href":"https:\/\/sof2.jmstudios.es\/index.php?rest_route=%2Fwp%2Fv2%2Fproduct_cat&post=1383"},{"taxonomy":"product_tag","embeddable":true,"href":"https:\/\/sof2.jmstudios.es\/index.php?rest_route=%2Fwp%2Fv2%2Fproduct_tag&post=1383"}],"curies":[{"name":"wp","href":"https:\/\/api.w.org\/{rel}","templated":true}]}}