{"id":1362,"date":"2026-03-11T16:55:16","date_gmt":"2026-03-11T15:55:16","guid":{"rendered":"https:\/\/sof2.jmstudios.es\/?post_type=product&#038;p=1362"},"modified":"2026-03-11T16:55:20","modified_gmt":"2026-03-11T15:55:20","slug":"servicio-de-teleasistencia","status":"publish","type":"product","link":"https:\/\/sof2.jmstudios.es\/?product=servicio-de-teleasistencia","title":{"rendered":"Servicio de Teleasistencia"},"content":{"rendered":"<p>Servicio de soporte remoto con AnyDesk, para activar licencias , descargar, instalar y activar office, crear copias de seguridad de pc optimizar el ordenador, con programas y herramientas especificas que se venden en esta web.<\/p>\n<p>Adem\u00e1s de descargar, actualizar y en el caso que sea necesario crear m\u00e9todo de arranque para actualizar Windows, precio por horas.<\/p>\n","protected":false},"excerpt":{"rendered":"<p>Servicio de soporte remoto con AnyDesk, para activar licencias , crear copias de seguridad de pc optimizar el ordenador, con programas y herramientas especificas que se venden en esta web.<\/p>\n","protected":false},"featured_media":1367,"comment_status":"open","ping_status":"closed","template":"","meta":[],"product_brand":[],"product_cat":[61],"product_tag":[],"class_list":{"0":"post-1362","1":"product","2":"type-product","3":"status-publish","4":"has-post-thumbnail","6":"product_cat-offers","8":"first","9":"instock","10":"taxable","11":"shipping-taxable","12":"purchasable","13":"product-type-variable"},"yoast_head":"<!-- This site is optimized with the Yoast SEO plugin v27.5 - https:\/\/yoast.com\/product\/yoast-seo-wordpress\/ -->\n<title>Servicio de Teleasistencia - Software F\u00e1cil<\/title>\n<meta name=\"description\" content=\"\u00bfNecesitas ayuda t\u00e9cnica? Ofrecemos soporte remoto: instalaci\u00f3n de Office, instalaci\u00f3n y actualizaci\u00f3n de Windows. \u00a1R\u00e1pido y seguro!\" \/>\n<meta name=\"robots\" content=\"noindex, follow, max-snippet:-1, max-image-preview:large, max-video-preview:-1\" \/>\n<meta property=\"og:locale\" content=\"es_ES\" \/>\n<meta property=\"og:type\" content=\"article\" \/>\n<meta property=\"og:title\" content=\"Servicio de Teleasistencia - Software F\u00e1cil\" \/>\n<meta property=\"og:description\" content=\"\u00bfNecesitas ayuda t\u00e9cnica? Ofrecemos soporte remoto: instalaci\u00f3n de Office, instalaci\u00f3n y actualizaci\u00f3n de Windows. \u00a1R\u00e1pido y seguro!\" \/>\n<meta property=\"og:url\" content=\"https:\/\/sof2.jmstudios.es\/product\/servicio-de-teleasistencia\/\" \/>\n<meta property=\"og:site_name\" content=\"Software F\u00e1cil\" \/>\n<meta property=\"article:modified_time\" content=\"2026-03-11T15:55:20+00:00\" \/>\n<meta property=\"og:image\" content=\"https:\/\/sof2.jmstudios.es\/wp-content\/uploads\/2026\/03\/imagen-soporte-remoto.jpg\" \/>\n\t<meta property=\"og:image:width\" content=\"768\" \/>\n\t<meta property=\"og:image:height\" content=\"525\" \/>\n\t<meta property=\"og:image:type\" content=\"image\/jpeg\" \/>\n<meta name=\"twitter:card\" content=\"summary_large_image\" \/>\n<meta name=\"twitter:label1\" content=\"Tiempo de lectura\" \/>\n\t<meta name=\"twitter:data1\" content=\"1 minuto\" \/>\n<script type=\"application\/ld+json\" class=\"yoast-schema-graph\">{\"@context\":\"https:\\\/\\\/schema.org\",\"@graph\":[{\"@type\":\"WebPage\",\"@id\":\"https:\\\/\\\/sof2.jmstudios.es\\\/product\\\/servicio-de-teleasistencia\\\/\",\"url\":\"https:\\\/\\\/sof2.jmstudios.es\\\/product\\\/servicio-de-teleasistencia\\\/\",\"name\":\"Servicio de Teleasistencia - Software F\u00e1cil\",\"isPartOf\":{\"@id\":\"https:\\\/\\\/sof2.jmstudios.es\\\/#website\"},\"primaryImageOfPage\":{\"@id\":\"https:\\\/\\\/sof2.jmstudios.es\\\/product\\\/servicio-de-teleasistencia\\\/#primaryimage\"},\"image\":{\"@id\":\"https:\\\/\\\/sof2.jmstudios.es\\\/product\\\/servicio-de-teleasistencia\\\/#primaryimage\"},\"thumbnailUrl\":\"https:\\\/\\\/sof2.jmstudios.es\\\/wp-content\\\/uploads\\\/2026\\\/03\\\/imagen-soporte-remoto.jpg\",\"datePublished\":\"2026-03-11T15:55:16+00:00\",\"dateModified\":\"2026-03-11T15:55:20+00:00\",\"description\":\"\u00bfNecesitas ayuda t\u00e9cnica? Ofrecemos soporte remoto: instalaci\u00f3n de Office, instalaci\u00f3n y actualizaci\u00f3n de Windows. \u00a1R\u00e1pido y seguro!\",\"breadcrumb\":{\"@id\":\"https:\\\/\\\/sof2.jmstudios.es\\\/product\\\/servicio-de-teleasistencia\\\/#breadcrumb\"},\"inLanguage\":\"es\",\"potentialAction\":[{\"@type\":\"ReadAction\",\"target\":[\"https:\\\/\\\/sof2.jmstudios.es\\\/product\\\/servicio-de-teleasistencia\\\/\"]}]},{\"@type\":\"ImageObject\",\"inLanguage\":\"es\",\"@id\":\"https:\\\/\\\/sof2.jmstudios.es\\\/product\\\/servicio-de-teleasistencia\\\/#primaryimage\",\"url\":\"https:\\\/\\\/sof2.jmstudios.es\\\/wp-content\\\/uploads\\\/2026\\\/03\\\/imagen-soporte-remoto.jpg\",\"contentUrl\":\"https:\\\/\\\/sof2.jmstudios.es\\\/wp-content\\\/uploads\\\/2026\\\/03\\\/imagen-soporte-remoto.jpg\",\"width\":768,\"height\":525},{\"@type\":\"BreadcrumbList\",\"@id\":\"https:\\\/\\\/sof2.jmstudios.es\\\/product\\\/servicio-de-teleasistencia\\\/#breadcrumb\",\"itemListElement\":[{\"@type\":\"ListItem\",\"position\":1,\"name\":\"Portada\",\"item\":\"https:\\\/\\\/sof2.jmstudios.es\\\/\"},{\"@type\":\"ListItem\",\"position\":2,\"name\":\"Productos\",\"item\":\"https:\\\/\\\/sof2.jmstudios.es\\\/shop\\\/\"},{\"@type\":\"ListItem\",\"position\":3,\"name\":\"Servicio de Teleasistencia\"}]},{\"@type\":\"WebSite\",\"@id\":\"https:\\\/\\\/sof2.jmstudios.es\\\/#website\",\"url\":\"https:\\\/\\\/sof2.jmstudios.es\\\/\",\"name\":\"Software F\u00e1cil\",\"description\":\" WooCommerce Template For Toy Store\",\"publisher\":{\"@id\":\"https:\\\/\\\/sof2.jmstudios.es\\\/#organization\"},\"potentialAction\":[{\"@type\":\"SearchAction\",\"target\":{\"@type\":\"EntryPoint\",\"urlTemplate\":\"https:\\\/\\\/sof2.jmstudios.es\\\/?s={search_term_string}\"},\"query-input\":{\"@type\":\"PropertyValueSpecification\",\"valueRequired\":true,\"valueName\":\"search_term_string\"}}],\"inLanguage\":\"es\"},{\"@type\":\"Organization\",\"@id\":\"https:\\\/\\\/sof2.jmstudios.es\\\/#organization\",\"name\":\"Software F\u00e1cil\",\"url\":\"https:\\\/\\\/sof2.jmstudios.es\\\/\",\"logo\":{\"@type\":\"ImageObject\",\"inLanguage\":\"es\",\"@id\":\"https:\\\/\\\/sof2.jmstudios.es\\\/#\\\/schema\\\/logo\\\/image\\\/\",\"url\":\"https:\\\/\\\/sof2.jmstudios.es\\\/wp-content\\\/uploads\\\/2025\\\/10\\\/cropped-software_facil_logo-e1767484425268.png\",\"contentUrl\":\"https:\\\/\\\/sof2.jmstudios.es\\\/wp-content\\\/uploads\\\/2025\\\/10\\\/cropped-software_facil_logo-e1767484425268.png\",\"width\":400,\"height\":114,\"caption\":\"Software F\u00e1cil\"},\"image\":{\"@id\":\"https:\\\/\\\/sof2.jmstudios.es\\\/#\\\/schema\\\/logo\\\/image\\\/\"}}]}<\/script>\n<!-- \/ Yoast SEO plugin. -->","yoast_head_json":{"title":"Servicio de Teleasistencia - Software F\u00e1cil","description":"\u00bfNecesitas ayuda t\u00e9cnica? Ofrecemos soporte remoto: instalaci\u00f3n de Office, instalaci\u00f3n y actualizaci\u00f3n de Windows. \u00a1R\u00e1pido y seguro!","robots":{"index":"noindex","follow":"follow","max-snippet":"max-snippet:-1","max-image-preview":"max-image-preview:large","max-video-preview":"max-video-preview:-1"},"og_locale":"es_ES","og_type":"article","og_title":"Servicio de Teleasistencia - Software F\u00e1cil","og_description":"\u00bfNecesitas ayuda t\u00e9cnica? Ofrecemos soporte remoto: instalaci\u00f3n de Office, instalaci\u00f3n y actualizaci\u00f3n de Windows. \u00a1R\u00e1pido y seguro!","og_url":"https:\/\/sof2.jmstudios.es\/product\/servicio-de-teleasistencia\/","og_site_name":"Software F\u00e1cil","article_modified_time":"2026-03-11T15:55:20+00:00","og_image":[{"width":768,"height":525,"url":"https:\/\/sof2.jmstudios.es\/wp-content\/uploads\/2026\/03\/imagen-soporte-remoto.jpg","type":"image\/jpeg"}],"twitter_card":"summary_large_image","twitter_misc":{"Tiempo de lectura":"1 minuto"},"schema":{"@context":"https:\/\/schema.org","@graph":[{"@type":"WebPage","@id":"https:\/\/sof2.jmstudios.es\/product\/servicio-de-teleasistencia\/","url":"https:\/\/sof2.jmstudios.es\/product\/servicio-de-teleasistencia\/","name":"Servicio de Teleasistencia - Software F\u00e1cil","isPartOf":{"@id":"https:\/\/sof2.jmstudios.es\/#website"},"primaryImageOfPage":{"@id":"https:\/\/sof2.jmstudios.es\/product\/servicio-de-teleasistencia\/#primaryimage"},"image":{"@id":"https:\/\/sof2.jmstudios.es\/product\/servicio-de-teleasistencia\/#primaryimage"},"thumbnailUrl":"https:\/\/sof2.jmstudios.es\/wp-content\/uploads\/2026\/03\/imagen-soporte-remoto.jpg","datePublished":"2026-03-11T15:55:16+00:00","dateModified":"2026-03-11T15:55:20+00:00","description":"\u00bfNecesitas ayuda t\u00e9cnica? Ofrecemos soporte remoto: instalaci\u00f3n de Office, instalaci\u00f3n y actualizaci\u00f3n de Windows. \u00a1R\u00e1pido y seguro!","breadcrumb":{"@id":"https:\/\/sof2.jmstudios.es\/product\/servicio-de-teleasistencia\/#breadcrumb"},"inLanguage":"es","potentialAction":[{"@type":"ReadAction","target":["https:\/\/sof2.jmstudios.es\/product\/servicio-de-teleasistencia\/"]}]},{"@type":"ImageObject","inLanguage":"es","@id":"https:\/\/sof2.jmstudios.es\/product\/servicio-de-teleasistencia\/#primaryimage","url":"https:\/\/sof2.jmstudios.es\/wp-content\/uploads\/2026\/03\/imagen-soporte-remoto.jpg","contentUrl":"https:\/\/sof2.jmstudios.es\/wp-content\/uploads\/2026\/03\/imagen-soporte-remoto.jpg","width":768,"height":525},{"@type":"BreadcrumbList","@id":"https:\/\/sof2.jmstudios.es\/product\/servicio-de-teleasistencia\/#breadcrumb","itemListElement":[{"@type":"ListItem","position":1,"name":"Portada","item":"https:\/\/sof2.jmstudios.es\/"},{"@type":"ListItem","position":2,"name":"Productos","item":"https:\/\/sof2.jmstudios.es\/shop\/"},{"@type":"ListItem","position":3,"name":"Servicio de Teleasistencia"}]},{"@type":"WebSite","@id":"https:\/\/sof2.jmstudios.es\/#website","url":"https:\/\/sof2.jmstudios.es\/","name":"Software F\u00e1cil","description":" WooCommerce Template For Toy Store","publisher":{"@id":"https:\/\/sof2.jmstudios.es\/#organization"},"potentialAction":[{"@type":"SearchAction","target":{"@type":"EntryPoint","urlTemplate":"https:\/\/sof2.jmstudios.es\/?s={search_term_string}"},"query-input":{"@type":"PropertyValueSpecification","valueRequired":true,"valueName":"search_term_string"}}],"inLanguage":"es"},{"@type":"Organization","@id":"https:\/\/sof2.jmstudios.es\/#organization","name":"Software F\u00e1cil","url":"https:\/\/sof2.jmstudios.es\/","logo":{"@type":"ImageObject","inLanguage":"es","@id":"https:\/\/sof2.jmstudios.es\/#\/schema\/logo\/image\/","url":"https:\/\/sof2.jmstudios.es\/wp-content\/uploads\/2025\/10\/cropped-software_facil_logo-e1767484425268.png","contentUrl":"https:\/\/sof2.jmstudios.es\/wp-content\/uploads\/2025\/10\/cropped-software_facil_logo-e1767484425268.png","width":400,"height":114,"caption":"Software F\u00e1cil"},"image":{"@id":"https:\/\/sof2.jmstudios.es\/#\/schema\/logo\/image\/"}}]}},"_links":{"self":[{"href":"https:\/\/sof2.jmstudios.es\/index.php?rest_route=\/wp\/v2\/product\/1362","targetHints":{"allow":["GET"]}}],"collection":[{"href":"https:\/\/sof2.jmstudios.es\/index.php?rest_route=\/wp\/v2\/product"}],"about":[{"href":"https:\/\/sof2.jmstudios.es\/index.php?rest_route=\/wp\/v2\/types\/product"}],"replies":[{"embeddable":true,"href":"https:\/\/sof2.jmstudios.es\/index.php?rest_route=%2Fwp%2Fv2%2Fcomments&post=1362"}],"wp:featuredmedia":[{"embeddable":true,"href":"https:\/\/sof2.jmstudios.es\/index.php?rest_route=\/wp\/v2\/media\/1367"}],"wp:attachment":[{"href":"https:\/\/sof2.jmstudios.es\/index.php?rest_route=%2Fwp%2Fv2%2Fmedia&parent=1362"}],"wp:term":[{"taxonomy":"product_brand","embeddable":true,"href":"https:\/\/sof2.jmstudios.es\/index.php?rest_route=%2Fwp%2Fv2%2Fproduct_brand&post=1362"},{"taxonomy":"product_cat","embeddable":true,"href":"https:\/\/sof2.jmstudios.es\/index.php?rest_route=%2Fwp%2Fv2%2Fproduct_cat&post=1362"},{"taxonomy":"product_tag","embeddable":true,"href":"https:\/\/sof2.jmstudios.es\/index.php?rest_route=%2Fwp%2Fv2%2Fproduct_tag&post=1362"}],"curies":[{"name":"wp","href":"https:\/\/api.w.org\/{rel}","templated":true}]}}