{"id":1054,"date":"2025-10-24T18:36:16","date_gmt":"2025-10-24T16:36:16","guid":{"rendered":"https:\/\/sof2.jmstudios.es\/?post_type=product&#038;p=1054"},"modified":"2026-02-22T00:30:09","modified_gmt":"2026-02-21T23:30:09","slug":"licencia-microsoft-sql-server-2019-standard-16-cores","status":"publish","type":"product","link":"https:\/\/sof2.jmstudios.es\/?product=licencia-microsoft-sql-server-2019-standard-16-cores","title":{"rendered":"Licencia Microsoft SQL Server 2019 Standard \u2013 16 cores"},"content":{"rendered":"<p>Microsoft SQL Server 2019 Standard<\/p>\n<p>Optimiza la administraci\u00f3n de tus datos empresariales con Microsoft SQL Server 2019 Standard, una plataforma fiable que combina rendimiento, seguridad y flexibilidad para entornos de misi\u00f3n cr\u00edtica. Esta licencia de 16 n\u00facleos permite una gesti\u00f3n eficiente de bases de datos sin l\u00edmite de usuarios, adapt\u00e1ndose a las necesidades de crecimiento de tu organizaci\u00f3n.<\/p>\n<p>\u00bfQu\u00e9 es Microsoft SQL Server?<br \/>\nMicrosoft SQL Server es un sistema de gesti\u00f3n de bases de datos relacionales (RDBMS) desarrollado por Microsoft, dise\u00f1ado para almacenar y procesar grandes cantidades de datos de forma segura y estructurada. Su arquitectura robusta permite la ejecuci\u00f3n fluida de aplicaciones empresariales, an\u00e1lisis complejos y la integraci\u00f3n con soluciones de inteligencia de negocio. SQL Server 2019 destaca por su enfoque en el an\u00e1lisis de datos distribuidos y su compatibilidad con contenedores y entornos h\u00edbridos.<\/p>\n<p>Ventajas de Microsoft SQL Server 2019 Standard<br \/>\nRendimiento optimizado \u2013 Procesa consultas m\u00e1s r\u00e1pido gracias a mejoras como el Intelligent Query Processing.<br \/>\nSeguridad empresarial \u2013 Protege tus datos con funciones avanzadas como Always Encrypted y Data Classification.<br \/>\nIntegraci\u00f3n con Big Data \u2013 Compatible con Hadoop, Spark y otras fuentes externas a trav\u00e9s del Big Data Cluster.<br \/>\nAn\u00e1lisis avanzado \u2013 Compatible con herramientas como Power BI y Machine Learning Services.<br \/>\nEscalabilidad flexible \u2013 Ideal para entornos empresariales que requieren alta disponibilidad y recuperaci\u00f3n ante desastres.<\/p>\n","protected":false},"excerpt":{"rendered":"<p>Licencia Microsoft SQL Server 2019 Standard<\/p>\n<p>Licencia multi-idioma v\u00e1lida para servidores con hasta 16 n\u00facleos.<br \/>\nUsuarios ilimitados.<br \/>\nLicencia perpetua: no tiene fecha de caducidad.<br \/>\nReinstalable las veces que necesites.<br \/>\nActivaci\u00f3n v\u00e1lida para un solo equipo a la vez.<br \/>\nsoporte t\u00e9cnico gratuito incluido.<\/p>\n","protected":false},"featured_media":1059,"comment_status":"open","ping_status":"closed","template":"","meta":[],"product_brand":[],"product_cat":[68],"product_tag":[37,35],"class_list":{"0":"post-1054","1":"product","2":"type-product","3":"status-publish","4":"has-post-thumbnail","6":"product_cat-windows-server","7":"product_tag-licencia","8":"product_tag-sofware","10":"first","11":"instock","12":"virtual","13":"taxable","14":"purchasable","15":"product-type-simple"},"yoast_head":"<!-- This site is optimized with the Yoast SEO plugin v27.5 - https:\/\/yoast.com\/product\/yoast-seo-wordpress\/ -->\n<title>Licencia Microsoft SQL Server 2019 Standard \u2013 16 cores - Software F\u00e1cil<\/title>\n<meta name=\"robots\" content=\"noindex, follow, max-snippet:-1, max-image-preview:large, max-video-preview:-1\" \/>\n<meta property=\"og:locale\" content=\"es_ES\" \/>\n<meta property=\"og:type\" content=\"article\" \/>\n<meta property=\"og:title\" content=\"Licencia Microsoft SQL Server 2019 Standard \u2013 16 cores - Software F\u00e1cil\" \/>\n<meta property=\"og:description\" content=\"Licencia Microsoft SQL Server 2019 Standard  Licencia multi-idioma v\u00e1lida para servidores con hasta 16 n\u00facleos. Usuarios ilimitados. Licencia perpetua: no tiene fecha de caducidad. Reinstalable las veces que necesites. Activaci\u00f3n v\u00e1lida para un solo equipo a la vez. soporte t\u00e9cnico gratuito incluido.\" \/>\n<meta property=\"og:url\" content=\"https:\/\/sof2.jmstudios.es\/product\/licencia-microsoft-sql-server-2019-standard-16-cores\/\" \/>\n<meta property=\"og:site_name\" content=\"Software F\u00e1cil\" \/>\n<meta property=\"article:modified_time\" content=\"2026-02-21T23:30:09+00:00\" \/>\n<meta property=\"og:image\" content=\"https:\/\/sof2.jmstudios.es\/wp-content\/uploads\/2025\/10\/microsoft-sql-server-2019-standard.webp\" \/>\n\t<meta property=\"og:image:width\" content=\"800\" \/>\n\t<meta property=\"og:image:height\" content=\"801\" \/>\n\t<meta property=\"og:image:type\" content=\"image\/webp\" \/>\n<meta name=\"twitter:card\" content=\"summary_large_image\" \/>\n<meta name=\"twitter:label1\" content=\"Tiempo de lectura\" \/>\n\t<meta name=\"twitter:data1\" content=\"2 minutos\" \/>\n<script type=\"application\/ld+json\" class=\"yoast-schema-graph\">{\"@context\":\"https:\\\/\\\/schema.org\",\"@graph\":[{\"@type\":\"WebPage\",\"@id\":\"https:\\\/\\\/sof2.jmstudios.es\\\/product\\\/licencia-microsoft-sql-server-2019-standard-16-cores\\\/\",\"url\":\"https:\\\/\\\/sof2.jmstudios.es\\\/product\\\/licencia-microsoft-sql-server-2019-standard-16-cores\\\/\",\"name\":\"Licencia Microsoft SQL Server 2019 Standard \u2013 16 cores - Software F\u00e1cil\",\"isPartOf\":{\"@id\":\"https:\\\/\\\/sof2.jmstudios.es\\\/#website\"},\"primaryImageOfPage\":{\"@id\":\"https:\\\/\\\/sof2.jmstudios.es\\\/product\\\/licencia-microsoft-sql-server-2019-standard-16-cores\\\/#primaryimage\"},\"image\":{\"@id\":\"https:\\\/\\\/sof2.jmstudios.es\\\/product\\\/licencia-microsoft-sql-server-2019-standard-16-cores\\\/#primaryimage\"},\"thumbnailUrl\":\"https:\\\/\\\/sof2.jmstudios.es\\\/wp-content\\\/uploads\\\/2025\\\/10\\\/microsoft-sql-server-2019-standard.webp\",\"datePublished\":\"2025-10-24T16:36:16+00:00\",\"dateModified\":\"2026-02-21T23:30:09+00:00\",\"breadcrumb\":{\"@id\":\"https:\\\/\\\/sof2.jmstudios.es\\\/product\\\/licencia-microsoft-sql-server-2019-standard-16-cores\\\/#breadcrumb\"},\"inLanguage\":\"es\",\"potentialAction\":[{\"@type\":\"ReadAction\",\"target\":[\"https:\\\/\\\/sof2.jmstudios.es\\\/product\\\/licencia-microsoft-sql-server-2019-standard-16-cores\\\/\"]}]},{\"@type\":\"ImageObject\",\"inLanguage\":\"es\",\"@id\":\"https:\\\/\\\/sof2.jmstudios.es\\\/product\\\/licencia-microsoft-sql-server-2019-standard-16-cores\\\/#primaryimage\",\"url\":\"https:\\\/\\\/sof2.jmstudios.es\\\/wp-content\\\/uploads\\\/2025\\\/10\\\/microsoft-sql-server-2019-standard.webp\",\"contentUrl\":\"https:\\\/\\\/sof2.jmstudios.es\\\/wp-content\\\/uploads\\\/2025\\\/10\\\/microsoft-sql-server-2019-standard.webp\",\"width\":800,\"height\":801},{\"@type\":\"BreadcrumbList\",\"@id\":\"https:\\\/\\\/sof2.jmstudios.es\\\/product\\\/licencia-microsoft-sql-server-2019-standard-16-cores\\\/#breadcrumb\",\"itemListElement\":[{\"@type\":\"ListItem\",\"position\":1,\"name\":\"Portada\",\"item\":\"https:\\\/\\\/sof2.jmstudios.es\\\/\"},{\"@type\":\"ListItem\",\"position\":2,\"name\":\"Productos\",\"item\":\"https:\\\/\\\/sof2.jmstudios.es\\\/shop\\\/\"},{\"@type\":\"ListItem\",\"position\":3,\"name\":\"Licencia Microsoft SQL Server 2019 Standard \u2013 16 cores\"}]},{\"@type\":\"WebSite\",\"@id\":\"https:\\\/\\\/sof2.jmstudios.es\\\/#website\",\"url\":\"https:\\\/\\\/sof2.jmstudios.es\\\/\",\"name\":\"Software F\u00e1cil\",\"description\":\" WooCommerce Template For Toy Store\",\"publisher\":{\"@id\":\"https:\\\/\\\/sof2.jmstudios.es\\\/#organization\"},\"potentialAction\":[{\"@type\":\"SearchAction\",\"target\":{\"@type\":\"EntryPoint\",\"urlTemplate\":\"https:\\\/\\\/sof2.jmstudios.es\\\/?s={search_term_string}\"},\"query-input\":{\"@type\":\"PropertyValueSpecification\",\"valueRequired\":true,\"valueName\":\"search_term_string\"}}],\"inLanguage\":\"es\"},{\"@type\":\"Organization\",\"@id\":\"https:\\\/\\\/sof2.jmstudios.es\\\/#organization\",\"name\":\"Software F\u00e1cil\",\"url\":\"https:\\\/\\\/sof2.jmstudios.es\\\/\",\"logo\":{\"@type\":\"ImageObject\",\"inLanguage\":\"es\",\"@id\":\"https:\\\/\\\/sof2.jmstudios.es\\\/#\\\/schema\\\/logo\\\/image\\\/\",\"url\":\"https:\\\/\\\/sof2.jmstudios.es\\\/wp-content\\\/uploads\\\/2025\\\/10\\\/cropped-software_facil_logo-e1767484425268.png\",\"contentUrl\":\"https:\\\/\\\/sof2.jmstudios.es\\\/wp-content\\\/uploads\\\/2025\\\/10\\\/cropped-software_facil_logo-e1767484425268.png\",\"width\":400,\"height\":114,\"caption\":\"Software F\u00e1cil\"},\"image\":{\"@id\":\"https:\\\/\\\/sof2.jmstudios.es\\\/#\\\/schema\\\/logo\\\/image\\\/\"}}]}<\/script>\n<!-- \/ Yoast SEO plugin. -->","yoast_head_json":{"title":"Licencia Microsoft SQL Server 2019 Standard \u2013 16 cores - Software F\u00e1cil","robots":{"index":"noindex","follow":"follow","max-snippet":"max-snippet:-1","max-image-preview":"max-image-preview:large","max-video-preview":"max-video-preview:-1"},"og_locale":"es_ES","og_type":"article","og_title":"Licencia Microsoft SQL Server 2019 Standard \u2013 16 cores - Software F\u00e1cil","og_description":"Licencia Microsoft SQL Server 2019 Standard  Licencia multi-idioma v\u00e1lida para servidores con hasta 16 n\u00facleos. Usuarios ilimitados. Licencia perpetua: no tiene fecha de caducidad. Reinstalable las veces que necesites. Activaci\u00f3n v\u00e1lida para un solo equipo a la vez. soporte t\u00e9cnico gratuito incluido.","og_url":"https:\/\/sof2.jmstudios.es\/product\/licencia-microsoft-sql-server-2019-standard-16-cores\/","og_site_name":"Software F\u00e1cil","article_modified_time":"2026-02-21T23:30:09+00:00","og_image":[{"width":800,"height":801,"url":"https:\/\/sof2.jmstudios.es\/wp-content\/uploads\/2025\/10\/microsoft-sql-server-2019-standard.webp","type":"image\/webp"}],"twitter_card":"summary_large_image","twitter_misc":{"Tiempo de lectura":"2 minutos"},"schema":{"@context":"https:\/\/schema.org","@graph":[{"@type":"WebPage","@id":"https:\/\/sof2.jmstudios.es\/product\/licencia-microsoft-sql-server-2019-standard-16-cores\/","url":"https:\/\/sof2.jmstudios.es\/product\/licencia-microsoft-sql-server-2019-standard-16-cores\/","name":"Licencia Microsoft SQL Server 2019 Standard \u2013 16 cores - Software F\u00e1cil","isPartOf":{"@id":"https:\/\/sof2.jmstudios.es\/#website"},"primaryImageOfPage":{"@id":"https:\/\/sof2.jmstudios.es\/product\/licencia-microsoft-sql-server-2019-standard-16-cores\/#primaryimage"},"image":{"@id":"https:\/\/sof2.jmstudios.es\/product\/licencia-microsoft-sql-server-2019-standard-16-cores\/#primaryimage"},"thumbnailUrl":"https:\/\/sof2.jmstudios.es\/wp-content\/uploads\/2025\/10\/microsoft-sql-server-2019-standard.webp","datePublished":"2025-10-24T16:36:16+00:00","dateModified":"2026-02-21T23:30:09+00:00","breadcrumb":{"@id":"https:\/\/sof2.jmstudios.es\/product\/licencia-microsoft-sql-server-2019-standard-16-cores\/#breadcrumb"},"inLanguage":"es","potentialAction":[{"@type":"ReadAction","target":["https:\/\/sof2.jmstudios.es\/product\/licencia-microsoft-sql-server-2019-standard-16-cores\/"]}]},{"@type":"ImageObject","inLanguage":"es","@id":"https:\/\/sof2.jmstudios.es\/product\/licencia-microsoft-sql-server-2019-standard-16-cores\/#primaryimage","url":"https:\/\/sof2.jmstudios.es\/wp-content\/uploads\/2025\/10\/microsoft-sql-server-2019-standard.webp","contentUrl":"https:\/\/sof2.jmstudios.es\/wp-content\/uploads\/2025\/10\/microsoft-sql-server-2019-standard.webp","width":800,"height":801},{"@type":"BreadcrumbList","@id":"https:\/\/sof2.jmstudios.es\/product\/licencia-microsoft-sql-server-2019-standard-16-cores\/#breadcrumb","itemListElement":[{"@type":"ListItem","position":1,"name":"Portada","item":"https:\/\/sof2.jmstudios.es\/"},{"@type":"ListItem","position":2,"name":"Productos","item":"https:\/\/sof2.jmstudios.es\/shop\/"},{"@type":"ListItem","position":3,"name":"Licencia Microsoft SQL Server 2019 Standard \u2013 16 cores"}]},{"@type":"WebSite","@id":"https:\/\/sof2.jmstudios.es\/#website","url":"https:\/\/sof2.jmstudios.es\/","name":"Software F\u00e1cil","description":" WooCommerce Template For Toy Store","publisher":{"@id":"https:\/\/sof2.jmstudios.es\/#organization"},"potentialAction":[{"@type":"SearchAction","target":{"@type":"EntryPoint","urlTemplate":"https:\/\/sof2.jmstudios.es\/?s={search_term_string}"},"query-input":{"@type":"PropertyValueSpecification","valueRequired":true,"valueName":"search_term_string"}}],"inLanguage":"es"},{"@type":"Organization","@id":"https:\/\/sof2.jmstudios.es\/#organization","name":"Software F\u00e1cil","url":"https:\/\/sof2.jmstudios.es\/","logo":{"@type":"ImageObject","inLanguage":"es","@id":"https:\/\/sof2.jmstudios.es\/#\/schema\/logo\/image\/","url":"https:\/\/sof2.jmstudios.es\/wp-content\/uploads\/2025\/10\/cropped-software_facil_logo-e1767484425268.png","contentUrl":"https:\/\/sof2.jmstudios.es\/wp-content\/uploads\/2025\/10\/cropped-software_facil_logo-e1767484425268.png","width":400,"height":114,"caption":"Software F\u00e1cil"},"image":{"@id":"https:\/\/sof2.jmstudios.es\/#\/schema\/logo\/image\/"}}]}},"_links":{"self":[{"href":"https:\/\/sof2.jmstudios.es\/index.php?rest_route=\/wp\/v2\/product\/1054","targetHints":{"allow":["GET"]}}],"collection":[{"href":"https:\/\/sof2.jmstudios.es\/index.php?rest_route=\/wp\/v2\/product"}],"about":[{"href":"https:\/\/sof2.jmstudios.es\/index.php?rest_route=\/wp\/v2\/types\/product"}],"replies":[{"embeddable":true,"href":"https:\/\/sof2.jmstudios.es\/index.php?rest_route=%2Fwp%2Fv2%2Fcomments&post=1054"}],"wp:featuredmedia":[{"embeddable":true,"href":"https:\/\/sof2.jmstudios.es\/index.php?rest_route=\/wp\/v2\/media\/1059"}],"wp:attachment":[{"href":"https:\/\/sof2.jmstudios.es\/index.php?rest_route=%2Fwp%2Fv2%2Fmedia&parent=1054"}],"wp:term":[{"taxonomy":"product_brand","embeddable":true,"href":"https:\/\/sof2.jmstudios.es\/index.php?rest_route=%2Fwp%2Fv2%2Fproduct_brand&post=1054"},{"taxonomy":"product_cat","embeddable":true,"href":"https:\/\/sof2.jmstudios.es\/index.php?rest_route=%2Fwp%2Fv2%2Fproduct_cat&post=1054"},{"taxonomy":"product_tag","embeddable":true,"href":"https:\/\/sof2.jmstudios.es\/index.php?rest_route=%2Fwp%2Fv2%2Fproduct_tag&post=1054"}],"curies":[{"name":"wp","href":"https:\/\/api.w.org\/{rel}","templated":true}]}}