{"id":1052,"date":"2025-10-24T18:35:47","date_gmt":"2025-10-24T16:35:47","guid":{"rendered":"https:\/\/sof2.jmstudios.es\/?post_type=product&#038;p=1052"},"modified":"2026-02-22T00:33:14","modified_gmt":"2026-02-21T23:33:14","slug":"licencia-original-malwarebytes-premium-2025","status":"publish","type":"product","link":"https:\/\/sof2.jmstudios.es\/?product=licencia-original-malwarebytes-premium-2025","title":{"rendered":"Licencia original Malwarebytes Premium 2026"},"content":{"rendered":"<p>Malwarebytes Premium 2026 \u2013 Seguridad de Nueva Generaci\u00f3n<br \/>\nProtege tus dispositivos contra malware, ransomware y amenazas avanzadas con Malwarebytes Premium 2026, una soluci\u00f3n de seguridad potente y ligera que garantiza una protecci\u00f3n en tiempo real sin ralentizar tu sistema.<\/p>\n<p>\ud83d\udca1 Olv\u00eddate de los antivirus tradicionales y prot\u00e9gete con una tecnolog\u00eda innovadora que detecta y elimina amenazas antes de que causen da\u00f1o.<\/p>\n<p>Caracter\u00edsticas destacadas:<br \/>\n\u2714 Defensa avanzada contra malware \u2013 Bloquea virus, spyware, troyanos y m\u00e1s en tiempo real.<br \/>\n\u2714 Protecci\u00f3n contra ransomware \u2013 Impide el cifrado de archivos con tecnolog\u00eda de \u00faltima generaci\u00f3n.<br \/>\n\u2714 Navegaci\u00f3n segura \u2013 Evita sitios web maliciosos y bloquea ataques de phishing.<br \/>\n\u2714 Detecci\u00f3n inteligente \u2013 An\u00e1lisis r\u00e1pidos y heur\u00edstica avanzada para identificar amenazas desconocidas.<br \/>\n\u2714 Seguridad multidispositivo \u2013 Compatible con Windows, macOS, Android e iOS.<br \/>\n\u2714 Interfaz intuitiva \u2013 F\u00e1cil de usar y personalizable seg\u00fan tus necesidades.<\/p>\n<p>Requisitos M\u00ednimos del Sistema<br \/>\nWindows:<br \/>\nSistemas operativos compatibles: Windows 7, 8, 8.1, 10, 11 (32\/64 bits)<br \/>\nHardware m\u00ednimo: CPU a 800 MHz o m\u00e1s, 1 GB de RAM (32 bits) o 2 GB de RAM (64 bits), 250 MB de espacio libre en disco.<br \/>\nMacOS:<br \/>\nSistemas operativos compatibles: macOS 11 o superior<br \/>\nAndroid:<br \/>\nVersi\u00f3n compatible: Android 9.0 o superior<br \/>\niOS:<br \/>\nVersi\u00f3n compatible: iOS 16 o superior<br \/>\nNavegadores compatibles con Browser Guard:<br \/>\nChrome, Edge, Firefox<\/p>\n","protected":false},"excerpt":{"rendered":"<p>Protecci\u00f3n efectiva contra amenazas online como virus, malware y sitios web da\u00f1inos.<br \/>\nLicencia con una duraci\u00f3n de 12 meses.<\/p>\n<p>Protecci\u00f3n contra sitios web maliciosos, phishing, ransomware, ataques de fuerza bruta y desinstalaci\u00f3n<br \/>\nNos comprometemos a entregar la licencia en menos de 24 horas.<br \/>\nM\u00e1xima protecci\u00f3n durante un a\u00f1o.<br \/>\nPago seguro y soporte gratuito.<\/p>\n<p>dispositivos 1 dispositivo 1 a\u00f1o<\/p>\n","protected":false},"featured_media":1057,"comment_status":"open","ping_status":"closed","template":"","meta":[],"product_brand":[],"product_cat":[67],"product_tag":[37,35],"class_list":{"0":"post-1052","1":"product","2":"type-product","3":"status-publish","4":"has-post-thumbnail","6":"product_cat-antivirus","7":"product_tag-licencia","8":"product_tag-sofware","10":"first","11":"instock","12":"virtual","13":"taxable","14":"purchasable","15":"product-type-simple"},"yoast_head":"<!-- This site is optimized with the Yoast SEO plugin v27.5 - https:\/\/yoast.com\/product\/yoast-seo-wordpress\/ -->\n<title>Licencia original Malwarebytes Premium 2026 - Software F\u00e1cil<\/title>\n<meta name=\"robots\" content=\"noindex, follow, max-snippet:-1, max-image-preview:large, max-video-preview:-1\" \/>\n<meta property=\"og:locale\" content=\"es_ES\" \/>\n<meta property=\"og:type\" content=\"article\" \/>\n<meta property=\"og:title\" content=\"Licencia original Malwarebytes Premium 2026 - Software F\u00e1cil\" \/>\n<meta property=\"og:description\" content=\"Protecci\u00f3n efectiva contra amenazas online como virus, malware y sitios web da\u00f1inos. Licencia con una duraci\u00f3n de 12 meses.  Protecci\u00f3n contra sitios web maliciosos, phishing, ransomware, ataques de fuerza bruta y desinstalaci\u00f3n Nos comprometemos a entregar la licencia en menos de 24 horas. M\u00e1xima protecci\u00f3n durante un a\u00f1o. Pago seguro y soporte gratuito.  dispositivos 1 dispositivo 1 a\u00f1o\" \/>\n<meta property=\"og:url\" content=\"https:\/\/sof2.jmstudios.es\/product\/licencia-original-malwarebytes-premium-2025\/\" \/>\n<meta property=\"og:site_name\" content=\"Software F\u00e1cil\" \/>\n<meta property=\"article:modified_time\" content=\"2026-02-21T23:33:14+00:00\" \/>\n<meta property=\"og:image\" content=\"https:\/\/sof2.jmstudios.es\/wp-content\/uploads\/2025\/10\/Malwarebytes-Premium-2025-300x300-1.webp\" \/>\n\t<meta property=\"og:image:width\" content=\"300\" \/>\n\t<meta property=\"og:image:height\" content=\"300\" \/>\n\t<meta property=\"og:image:type\" content=\"image\/webp\" \/>\n<meta name=\"twitter:card\" content=\"summary_large_image\" \/>\n<meta name=\"twitter:label1\" content=\"Tiempo de lectura\" \/>\n\t<meta name=\"twitter:data1\" content=\"2 minutos\" \/>\n<script type=\"application\/ld+json\" class=\"yoast-schema-graph\">{\"@context\":\"https:\\\/\\\/schema.org\",\"@graph\":[{\"@type\":\"WebPage\",\"@id\":\"https:\\\/\\\/sof2.jmstudios.es\\\/product\\\/licencia-original-malwarebytes-premium-2025\\\/\",\"url\":\"https:\\\/\\\/sof2.jmstudios.es\\\/product\\\/licencia-original-malwarebytes-premium-2025\\\/\",\"name\":\"Licencia original Malwarebytes Premium 2026 - Software F\u00e1cil\",\"isPartOf\":{\"@id\":\"https:\\\/\\\/sof2.jmstudios.es\\\/#website\"},\"primaryImageOfPage\":{\"@id\":\"https:\\\/\\\/sof2.jmstudios.es\\\/product\\\/licencia-original-malwarebytes-premium-2025\\\/#primaryimage\"},\"image\":{\"@id\":\"https:\\\/\\\/sof2.jmstudios.es\\\/product\\\/licencia-original-malwarebytes-premium-2025\\\/#primaryimage\"},\"thumbnailUrl\":\"https:\\\/\\\/sof2.jmstudios.es\\\/wp-content\\\/uploads\\\/2025\\\/10\\\/Malwarebytes-Premium-2025-300x300-1.webp\",\"datePublished\":\"2025-10-24T16:35:47+00:00\",\"dateModified\":\"2026-02-21T23:33:14+00:00\",\"breadcrumb\":{\"@id\":\"https:\\\/\\\/sof2.jmstudios.es\\\/product\\\/licencia-original-malwarebytes-premium-2025\\\/#breadcrumb\"},\"inLanguage\":\"es\",\"potentialAction\":[{\"@type\":\"ReadAction\",\"target\":[\"https:\\\/\\\/sof2.jmstudios.es\\\/product\\\/licencia-original-malwarebytes-premium-2025\\\/\"]}]},{\"@type\":\"ImageObject\",\"inLanguage\":\"es\",\"@id\":\"https:\\\/\\\/sof2.jmstudios.es\\\/product\\\/licencia-original-malwarebytes-premium-2025\\\/#primaryimage\",\"url\":\"https:\\\/\\\/sof2.jmstudios.es\\\/wp-content\\\/uploads\\\/2025\\\/10\\\/Malwarebytes-Premium-2025-300x300-1.webp\",\"contentUrl\":\"https:\\\/\\\/sof2.jmstudios.es\\\/wp-content\\\/uploads\\\/2025\\\/10\\\/Malwarebytes-Premium-2025-300x300-1.webp\",\"width\":300,\"height\":300},{\"@type\":\"BreadcrumbList\",\"@id\":\"https:\\\/\\\/sof2.jmstudios.es\\\/product\\\/licencia-original-malwarebytes-premium-2025\\\/#breadcrumb\",\"itemListElement\":[{\"@type\":\"ListItem\",\"position\":1,\"name\":\"Portada\",\"item\":\"https:\\\/\\\/sof2.jmstudios.es\\\/\"},{\"@type\":\"ListItem\",\"position\":2,\"name\":\"Productos\",\"item\":\"https:\\\/\\\/sof2.jmstudios.es\\\/shop\\\/\"},{\"@type\":\"ListItem\",\"position\":3,\"name\":\"Licencia original Malwarebytes Premium 2026\"}]},{\"@type\":\"WebSite\",\"@id\":\"https:\\\/\\\/sof2.jmstudios.es\\\/#website\",\"url\":\"https:\\\/\\\/sof2.jmstudios.es\\\/\",\"name\":\"Software F\u00e1cil\",\"description\":\" WooCommerce Template For Toy Store\",\"publisher\":{\"@id\":\"https:\\\/\\\/sof2.jmstudios.es\\\/#organization\"},\"potentialAction\":[{\"@type\":\"SearchAction\",\"target\":{\"@type\":\"EntryPoint\",\"urlTemplate\":\"https:\\\/\\\/sof2.jmstudios.es\\\/?s={search_term_string}\"},\"query-input\":{\"@type\":\"PropertyValueSpecification\",\"valueRequired\":true,\"valueName\":\"search_term_string\"}}],\"inLanguage\":\"es\"},{\"@type\":\"Organization\",\"@id\":\"https:\\\/\\\/sof2.jmstudios.es\\\/#organization\",\"name\":\"Software F\u00e1cil\",\"url\":\"https:\\\/\\\/sof2.jmstudios.es\\\/\",\"logo\":{\"@type\":\"ImageObject\",\"inLanguage\":\"es\",\"@id\":\"https:\\\/\\\/sof2.jmstudios.es\\\/#\\\/schema\\\/logo\\\/image\\\/\",\"url\":\"https:\\\/\\\/sof2.jmstudios.es\\\/wp-content\\\/uploads\\\/2025\\\/10\\\/cropped-software_facil_logo-e1767484425268.png\",\"contentUrl\":\"https:\\\/\\\/sof2.jmstudios.es\\\/wp-content\\\/uploads\\\/2025\\\/10\\\/cropped-software_facil_logo-e1767484425268.png\",\"width\":400,\"height\":114,\"caption\":\"Software F\u00e1cil\"},\"image\":{\"@id\":\"https:\\\/\\\/sof2.jmstudios.es\\\/#\\\/schema\\\/logo\\\/image\\\/\"}}]}<\/script>\n<!-- \/ Yoast SEO plugin. -->","yoast_head_json":{"title":"Licencia original Malwarebytes Premium 2026 - Software F\u00e1cil","robots":{"index":"noindex","follow":"follow","max-snippet":"max-snippet:-1","max-image-preview":"max-image-preview:large","max-video-preview":"max-video-preview:-1"},"og_locale":"es_ES","og_type":"article","og_title":"Licencia original Malwarebytes Premium 2026 - Software F\u00e1cil","og_description":"Protecci\u00f3n efectiva contra amenazas online como virus, malware y sitios web da\u00f1inos. Licencia con una duraci\u00f3n de 12 meses.  Protecci\u00f3n contra sitios web maliciosos, phishing, ransomware, ataques de fuerza bruta y desinstalaci\u00f3n Nos comprometemos a entregar la licencia en menos de 24 horas. M\u00e1xima protecci\u00f3n durante un a\u00f1o. Pago seguro y soporte gratuito.  dispositivos 1 dispositivo 1 a\u00f1o","og_url":"https:\/\/sof2.jmstudios.es\/product\/licencia-original-malwarebytes-premium-2025\/","og_site_name":"Software F\u00e1cil","article_modified_time":"2026-02-21T23:33:14+00:00","og_image":[{"width":300,"height":300,"url":"https:\/\/sof2.jmstudios.es\/wp-content\/uploads\/2025\/10\/Malwarebytes-Premium-2025-300x300-1.webp","type":"image\/webp"}],"twitter_card":"summary_large_image","twitter_misc":{"Tiempo de lectura":"2 minutos"},"schema":{"@context":"https:\/\/schema.org","@graph":[{"@type":"WebPage","@id":"https:\/\/sof2.jmstudios.es\/product\/licencia-original-malwarebytes-premium-2025\/","url":"https:\/\/sof2.jmstudios.es\/product\/licencia-original-malwarebytes-premium-2025\/","name":"Licencia original Malwarebytes Premium 2026 - Software F\u00e1cil","isPartOf":{"@id":"https:\/\/sof2.jmstudios.es\/#website"},"primaryImageOfPage":{"@id":"https:\/\/sof2.jmstudios.es\/product\/licencia-original-malwarebytes-premium-2025\/#primaryimage"},"image":{"@id":"https:\/\/sof2.jmstudios.es\/product\/licencia-original-malwarebytes-premium-2025\/#primaryimage"},"thumbnailUrl":"https:\/\/sof2.jmstudios.es\/wp-content\/uploads\/2025\/10\/Malwarebytes-Premium-2025-300x300-1.webp","datePublished":"2025-10-24T16:35:47+00:00","dateModified":"2026-02-21T23:33:14+00:00","breadcrumb":{"@id":"https:\/\/sof2.jmstudios.es\/product\/licencia-original-malwarebytes-premium-2025\/#breadcrumb"},"inLanguage":"es","potentialAction":[{"@type":"ReadAction","target":["https:\/\/sof2.jmstudios.es\/product\/licencia-original-malwarebytes-premium-2025\/"]}]},{"@type":"ImageObject","inLanguage":"es","@id":"https:\/\/sof2.jmstudios.es\/product\/licencia-original-malwarebytes-premium-2025\/#primaryimage","url":"https:\/\/sof2.jmstudios.es\/wp-content\/uploads\/2025\/10\/Malwarebytes-Premium-2025-300x300-1.webp","contentUrl":"https:\/\/sof2.jmstudios.es\/wp-content\/uploads\/2025\/10\/Malwarebytes-Premium-2025-300x300-1.webp","width":300,"height":300},{"@type":"BreadcrumbList","@id":"https:\/\/sof2.jmstudios.es\/product\/licencia-original-malwarebytes-premium-2025\/#breadcrumb","itemListElement":[{"@type":"ListItem","position":1,"name":"Portada","item":"https:\/\/sof2.jmstudios.es\/"},{"@type":"ListItem","position":2,"name":"Productos","item":"https:\/\/sof2.jmstudios.es\/shop\/"},{"@type":"ListItem","position":3,"name":"Licencia original Malwarebytes Premium 2026"}]},{"@type":"WebSite","@id":"https:\/\/sof2.jmstudios.es\/#website","url":"https:\/\/sof2.jmstudios.es\/","name":"Software F\u00e1cil","description":" WooCommerce Template For Toy Store","publisher":{"@id":"https:\/\/sof2.jmstudios.es\/#organization"},"potentialAction":[{"@type":"SearchAction","target":{"@type":"EntryPoint","urlTemplate":"https:\/\/sof2.jmstudios.es\/?s={search_term_string}"},"query-input":{"@type":"PropertyValueSpecification","valueRequired":true,"valueName":"search_term_string"}}],"inLanguage":"es"},{"@type":"Organization","@id":"https:\/\/sof2.jmstudios.es\/#organization","name":"Software F\u00e1cil","url":"https:\/\/sof2.jmstudios.es\/","logo":{"@type":"ImageObject","inLanguage":"es","@id":"https:\/\/sof2.jmstudios.es\/#\/schema\/logo\/image\/","url":"https:\/\/sof2.jmstudios.es\/wp-content\/uploads\/2025\/10\/cropped-software_facil_logo-e1767484425268.png","contentUrl":"https:\/\/sof2.jmstudios.es\/wp-content\/uploads\/2025\/10\/cropped-software_facil_logo-e1767484425268.png","width":400,"height":114,"caption":"Software F\u00e1cil"},"image":{"@id":"https:\/\/sof2.jmstudios.es\/#\/schema\/logo\/image\/"}}]}},"_links":{"self":[{"href":"https:\/\/sof2.jmstudios.es\/index.php?rest_route=\/wp\/v2\/product\/1052","targetHints":{"allow":["GET"]}}],"collection":[{"href":"https:\/\/sof2.jmstudios.es\/index.php?rest_route=\/wp\/v2\/product"}],"about":[{"href":"https:\/\/sof2.jmstudios.es\/index.php?rest_route=\/wp\/v2\/types\/product"}],"replies":[{"embeddable":true,"href":"https:\/\/sof2.jmstudios.es\/index.php?rest_route=%2Fwp%2Fv2%2Fcomments&post=1052"}],"wp:featuredmedia":[{"embeddable":true,"href":"https:\/\/sof2.jmstudios.es\/index.php?rest_route=\/wp\/v2\/media\/1057"}],"wp:attachment":[{"href":"https:\/\/sof2.jmstudios.es\/index.php?rest_route=%2Fwp%2Fv2%2Fmedia&parent=1052"}],"wp:term":[{"taxonomy":"product_brand","embeddable":true,"href":"https:\/\/sof2.jmstudios.es\/index.php?rest_route=%2Fwp%2Fv2%2Fproduct_brand&post=1052"},{"taxonomy":"product_cat","embeddable":true,"href":"https:\/\/sof2.jmstudios.es\/index.php?rest_route=%2Fwp%2Fv2%2Fproduct_cat&post=1052"},{"taxonomy":"product_tag","embeddable":true,"href":"https:\/\/sof2.jmstudios.es\/index.php?rest_route=%2Fwp%2Fv2%2Fproduct_tag&post=1052"}],"curies":[{"name":"wp","href":"https:\/\/api.w.org\/{rel}","templated":true}]}}