{"id":1051,"date":"2025-10-24T18:35:46","date_gmt":"2025-10-24T16:35:46","guid":{"rendered":"https:\/\/sof2.jmstudios.es\/?post_type=product&#038;p=1051"},"modified":"2026-02-22T00:35:16","modified_gmt":"2026-02-21T23:35:16","slug":"licencia-kaspersky-standard-2025","status":"publish","type":"product","link":"https:\/\/sof2.jmstudios.es\/?product=licencia-kaspersky-standard-2025","title":{"rendered":"Licencia Kaspersky Standard 2026"},"content":{"rendered":"<p>Kaspersky Standard, mucho m\u00e1s que un antivirus<br \/>\nKaspersky Standard es una soluci\u00f3n de seguridad desarrollada por la prestigiosa empresa Kaspersky, ganadora del premio al \u00abProducto del a\u00f1o\u00bb 2023, que ofrece protecci\u00f3n en tiempo real contra malware, phishing y ransomware. Incluye caracter\u00edsticas como antivirus, firewall, protecci\u00f3n de navegaci\u00f3n, control parental y gesti\u00f3n de contrase\u00f1as, adem\u00e1s de optimizaci\u00f3n de rendimiento y actualizaciones autom\u00e1ticas. Reconocido como uno de los mejores anvirivus del mercado por su alta eficacia y facilidad de uso, Kaspersky Standard es una opci\u00f3n robusta para quienes buscan una protecci\u00f3n online de calidad.<\/p>\n<p>Protecci\u00f3n antivirus: Es la soluci\u00f3n ideal para mantener tu dispositivo a salvo de virus y malware.<br \/>\nDefensa contra ransomware: Una solici\u00f3n eficaz que evita que el ransomware encripte tus datos.<br \/>\nNavegaci\u00f3n segura: Protege tu dispositivo contra sitios web da\u00f1inos y tambi\u00e9n de descargas peligrosas.<br \/>\nActualizaciones regulares para mantener actualizado tu equipo contra las \u00faltimas amenazas de seguridad.<br \/>\nProtecci\u00f3n de la privacidad para mantener tu informaci\u00f3n personal segura.<br \/>\nProtecci\u00f3n en tiempo real con defensas siempre activas.<br \/>\nFacilidad de uso: Una interfaz intuitiva facilita el uso y la configuraci\u00f3n del antivirus.<\/p>\n<p>Requisitos del sistema<br \/>\nCon Windows es v\u00e1lido para: Windows 11, 10, 8.1, 8 y 7 SP1+<br \/>\nCon Mac es v\u00e1lido para macOS 11 \u2013 14<br \/>\nDispositivo m\u00f3vil: Android 8 \u2013 14. iOS 15-17<br \/>\nConexi\u00f3n a internet<br \/>\n2,7 GB de espacio libre<br \/>\nProcesador de 1 GHz o superior, x86 o x64<br \/>\nMemoria (RAM): 1 GB (32 bits) o 2 GB (64 bits)<\/p>\n","protected":false},"excerpt":{"rendered":"<p>Ofrece protecci\u00f3n efectiva contra amenazas online como virus, malware y sitios web da\u00f1inos.<br \/>\nLicencia con una duraci\u00f3n de 12 meses.<br \/>\nLicencia v\u00e1lida solo para la Uni\u00f3n Europea, Andorra o Gibraltar.<br \/>\ny soporte gratuito<\/p>\n<p>1 Dispositivo \/ 1 a\u00f1o<\/p>\n","protected":false},"featured_media":1056,"comment_status":"open","ping_status":"closed","template":"","meta":[],"product_brand":[],"product_cat":[67],"product_tag":[37,35],"class_list":{"0":"post-1051","1":"product","2":"type-product","3":"status-publish","4":"has-post-thumbnail","6":"product_cat-antivirus","7":"product_tag-licencia","8":"product_tag-sofware","10":"first","11":"instock","12":"virtual","13":"taxable","14":"purchasable","15":"product-type-simple"},"yoast_head":"<!-- This site is optimized with the Yoast SEO plugin v27.5 - https:\/\/yoast.com\/product\/yoast-seo-wordpress\/ -->\n<title>Licencia Kaspersky Standard 2026 - Software F\u00e1cil<\/title>\n<meta name=\"robots\" content=\"noindex, follow, max-snippet:-1, max-image-preview:large, max-video-preview:-1\" \/>\n<meta property=\"og:locale\" content=\"es_ES\" \/>\n<meta property=\"og:type\" content=\"article\" \/>\n<meta property=\"og:title\" content=\"Licencia Kaspersky Standard 2026 - Software F\u00e1cil\" \/>\n<meta property=\"og:description\" content=\"Ofrece protecci\u00f3n efectiva contra amenazas online como virus, malware y sitios web da\u00f1inos. Licencia con una duraci\u00f3n de 12 meses. Licencia v\u00e1lida solo para la Uni\u00f3n Europea, Andorra o Gibraltar. y soporte gratuito  1 Dispositivo \/ 1 a\u00f1o\" \/>\n<meta property=\"og:url\" content=\"https:\/\/sof2.jmstudios.es\/product\/licencia-kaspersky-standard-2025\/\" \/>\n<meta property=\"og:site_name\" content=\"Software F\u00e1cil\" \/>\n<meta property=\"article:modified_time\" content=\"2026-02-21T23:35:16+00:00\" \/>\n<meta property=\"og:image\" content=\"https:\/\/sof2.jmstudios.es\/wp-content\/uploads\/2025\/10\/licencia-kaspersky-standard-600x600-1.webp\" \/>\n\t<meta property=\"og:image:width\" content=\"600\" \/>\n\t<meta property=\"og:image:height\" content=\"600\" \/>\n\t<meta property=\"og:image:type\" content=\"image\/webp\" \/>\n<meta name=\"twitter:card\" content=\"summary_large_image\" \/>\n<meta name=\"twitter:label1\" content=\"Tiempo de lectura\" \/>\n\t<meta name=\"twitter:data1\" content=\"2 minutos\" \/>\n<script type=\"application\/ld+json\" class=\"yoast-schema-graph\">{\"@context\":\"https:\\\/\\\/schema.org\",\"@graph\":[{\"@type\":\"WebPage\",\"@id\":\"https:\\\/\\\/sof2.jmstudios.es\\\/product\\\/licencia-kaspersky-standard-2025\\\/\",\"url\":\"https:\\\/\\\/sof2.jmstudios.es\\\/product\\\/licencia-kaspersky-standard-2025\\\/\",\"name\":\"Licencia Kaspersky Standard 2026 - Software F\u00e1cil\",\"isPartOf\":{\"@id\":\"https:\\\/\\\/sof2.jmstudios.es\\\/#website\"},\"primaryImageOfPage\":{\"@id\":\"https:\\\/\\\/sof2.jmstudios.es\\\/product\\\/licencia-kaspersky-standard-2025\\\/#primaryimage\"},\"image\":{\"@id\":\"https:\\\/\\\/sof2.jmstudios.es\\\/product\\\/licencia-kaspersky-standard-2025\\\/#primaryimage\"},\"thumbnailUrl\":\"https:\\\/\\\/sof2.jmstudios.es\\\/wp-content\\\/uploads\\\/2025\\\/10\\\/licencia-kaspersky-standard-600x600-1.webp\",\"datePublished\":\"2025-10-24T16:35:46+00:00\",\"dateModified\":\"2026-02-21T23:35:16+00:00\",\"breadcrumb\":{\"@id\":\"https:\\\/\\\/sof2.jmstudios.es\\\/product\\\/licencia-kaspersky-standard-2025\\\/#breadcrumb\"},\"inLanguage\":\"es\",\"potentialAction\":[{\"@type\":\"ReadAction\",\"target\":[\"https:\\\/\\\/sof2.jmstudios.es\\\/product\\\/licencia-kaspersky-standard-2025\\\/\"]}]},{\"@type\":\"ImageObject\",\"inLanguage\":\"es\",\"@id\":\"https:\\\/\\\/sof2.jmstudios.es\\\/product\\\/licencia-kaspersky-standard-2025\\\/#primaryimage\",\"url\":\"https:\\\/\\\/sof2.jmstudios.es\\\/wp-content\\\/uploads\\\/2025\\\/10\\\/licencia-kaspersky-standard-600x600-1.webp\",\"contentUrl\":\"https:\\\/\\\/sof2.jmstudios.es\\\/wp-content\\\/uploads\\\/2025\\\/10\\\/licencia-kaspersky-standard-600x600-1.webp\",\"width\":600,\"height\":600},{\"@type\":\"BreadcrumbList\",\"@id\":\"https:\\\/\\\/sof2.jmstudios.es\\\/product\\\/licencia-kaspersky-standard-2025\\\/#breadcrumb\",\"itemListElement\":[{\"@type\":\"ListItem\",\"position\":1,\"name\":\"Portada\",\"item\":\"https:\\\/\\\/sof2.jmstudios.es\\\/\"},{\"@type\":\"ListItem\",\"position\":2,\"name\":\"Productos\",\"item\":\"https:\\\/\\\/sof2.jmstudios.es\\\/shop\\\/\"},{\"@type\":\"ListItem\",\"position\":3,\"name\":\"Licencia Kaspersky Standard 2026\"}]},{\"@type\":\"WebSite\",\"@id\":\"https:\\\/\\\/sof2.jmstudios.es\\\/#website\",\"url\":\"https:\\\/\\\/sof2.jmstudios.es\\\/\",\"name\":\"Software F\u00e1cil\",\"description\":\" WooCommerce Template For Toy Store\",\"publisher\":{\"@id\":\"https:\\\/\\\/sof2.jmstudios.es\\\/#organization\"},\"potentialAction\":[{\"@type\":\"SearchAction\",\"target\":{\"@type\":\"EntryPoint\",\"urlTemplate\":\"https:\\\/\\\/sof2.jmstudios.es\\\/?s={search_term_string}\"},\"query-input\":{\"@type\":\"PropertyValueSpecification\",\"valueRequired\":true,\"valueName\":\"search_term_string\"}}],\"inLanguage\":\"es\"},{\"@type\":\"Organization\",\"@id\":\"https:\\\/\\\/sof2.jmstudios.es\\\/#organization\",\"name\":\"Software F\u00e1cil\",\"url\":\"https:\\\/\\\/sof2.jmstudios.es\\\/\",\"logo\":{\"@type\":\"ImageObject\",\"inLanguage\":\"es\",\"@id\":\"https:\\\/\\\/sof2.jmstudios.es\\\/#\\\/schema\\\/logo\\\/image\\\/\",\"url\":\"https:\\\/\\\/sof2.jmstudios.es\\\/wp-content\\\/uploads\\\/2025\\\/10\\\/cropped-software_facil_logo-e1767484425268.png\",\"contentUrl\":\"https:\\\/\\\/sof2.jmstudios.es\\\/wp-content\\\/uploads\\\/2025\\\/10\\\/cropped-software_facil_logo-e1767484425268.png\",\"width\":400,\"height\":114,\"caption\":\"Software F\u00e1cil\"},\"image\":{\"@id\":\"https:\\\/\\\/sof2.jmstudios.es\\\/#\\\/schema\\\/logo\\\/image\\\/\"}}]}<\/script>\n<!-- \/ Yoast SEO plugin. -->","yoast_head_json":{"title":"Licencia Kaspersky Standard 2026 - Software F\u00e1cil","robots":{"index":"noindex","follow":"follow","max-snippet":"max-snippet:-1","max-image-preview":"max-image-preview:large","max-video-preview":"max-video-preview:-1"},"og_locale":"es_ES","og_type":"article","og_title":"Licencia Kaspersky Standard 2026 - Software F\u00e1cil","og_description":"Ofrece protecci\u00f3n efectiva contra amenazas online como virus, malware y sitios web da\u00f1inos. Licencia con una duraci\u00f3n de 12 meses. Licencia v\u00e1lida solo para la Uni\u00f3n Europea, Andorra o Gibraltar. y soporte gratuito  1 Dispositivo \/ 1 a\u00f1o","og_url":"https:\/\/sof2.jmstudios.es\/product\/licencia-kaspersky-standard-2025\/","og_site_name":"Software F\u00e1cil","article_modified_time":"2026-02-21T23:35:16+00:00","og_image":[{"width":600,"height":600,"url":"https:\/\/sof2.jmstudios.es\/wp-content\/uploads\/2025\/10\/licencia-kaspersky-standard-600x600-1.webp","type":"image\/webp"}],"twitter_card":"summary_large_image","twitter_misc":{"Tiempo de lectura":"2 minutos"},"schema":{"@context":"https:\/\/schema.org","@graph":[{"@type":"WebPage","@id":"https:\/\/sof2.jmstudios.es\/product\/licencia-kaspersky-standard-2025\/","url":"https:\/\/sof2.jmstudios.es\/product\/licencia-kaspersky-standard-2025\/","name":"Licencia Kaspersky Standard 2026 - Software F\u00e1cil","isPartOf":{"@id":"https:\/\/sof2.jmstudios.es\/#website"},"primaryImageOfPage":{"@id":"https:\/\/sof2.jmstudios.es\/product\/licencia-kaspersky-standard-2025\/#primaryimage"},"image":{"@id":"https:\/\/sof2.jmstudios.es\/product\/licencia-kaspersky-standard-2025\/#primaryimage"},"thumbnailUrl":"https:\/\/sof2.jmstudios.es\/wp-content\/uploads\/2025\/10\/licencia-kaspersky-standard-600x600-1.webp","datePublished":"2025-10-24T16:35:46+00:00","dateModified":"2026-02-21T23:35:16+00:00","breadcrumb":{"@id":"https:\/\/sof2.jmstudios.es\/product\/licencia-kaspersky-standard-2025\/#breadcrumb"},"inLanguage":"es","potentialAction":[{"@type":"ReadAction","target":["https:\/\/sof2.jmstudios.es\/product\/licencia-kaspersky-standard-2025\/"]}]},{"@type":"ImageObject","inLanguage":"es","@id":"https:\/\/sof2.jmstudios.es\/product\/licencia-kaspersky-standard-2025\/#primaryimage","url":"https:\/\/sof2.jmstudios.es\/wp-content\/uploads\/2025\/10\/licencia-kaspersky-standard-600x600-1.webp","contentUrl":"https:\/\/sof2.jmstudios.es\/wp-content\/uploads\/2025\/10\/licencia-kaspersky-standard-600x600-1.webp","width":600,"height":600},{"@type":"BreadcrumbList","@id":"https:\/\/sof2.jmstudios.es\/product\/licencia-kaspersky-standard-2025\/#breadcrumb","itemListElement":[{"@type":"ListItem","position":1,"name":"Portada","item":"https:\/\/sof2.jmstudios.es\/"},{"@type":"ListItem","position":2,"name":"Productos","item":"https:\/\/sof2.jmstudios.es\/shop\/"},{"@type":"ListItem","position":3,"name":"Licencia Kaspersky Standard 2026"}]},{"@type":"WebSite","@id":"https:\/\/sof2.jmstudios.es\/#website","url":"https:\/\/sof2.jmstudios.es\/","name":"Software F\u00e1cil","description":" WooCommerce Template For Toy Store","publisher":{"@id":"https:\/\/sof2.jmstudios.es\/#organization"},"potentialAction":[{"@type":"SearchAction","target":{"@type":"EntryPoint","urlTemplate":"https:\/\/sof2.jmstudios.es\/?s={search_term_string}"},"query-input":{"@type":"PropertyValueSpecification","valueRequired":true,"valueName":"search_term_string"}}],"inLanguage":"es"},{"@type":"Organization","@id":"https:\/\/sof2.jmstudios.es\/#organization","name":"Software F\u00e1cil","url":"https:\/\/sof2.jmstudios.es\/","logo":{"@type":"ImageObject","inLanguage":"es","@id":"https:\/\/sof2.jmstudios.es\/#\/schema\/logo\/image\/","url":"https:\/\/sof2.jmstudios.es\/wp-content\/uploads\/2025\/10\/cropped-software_facil_logo-e1767484425268.png","contentUrl":"https:\/\/sof2.jmstudios.es\/wp-content\/uploads\/2025\/10\/cropped-software_facil_logo-e1767484425268.png","width":400,"height":114,"caption":"Software F\u00e1cil"},"image":{"@id":"https:\/\/sof2.jmstudios.es\/#\/schema\/logo\/image\/"}}]}},"_links":{"self":[{"href":"https:\/\/sof2.jmstudios.es\/index.php?rest_route=\/wp\/v2\/product\/1051","targetHints":{"allow":["GET"]}}],"collection":[{"href":"https:\/\/sof2.jmstudios.es\/index.php?rest_route=\/wp\/v2\/product"}],"about":[{"href":"https:\/\/sof2.jmstudios.es\/index.php?rest_route=\/wp\/v2\/types\/product"}],"replies":[{"embeddable":true,"href":"https:\/\/sof2.jmstudios.es\/index.php?rest_route=%2Fwp%2Fv2%2Fcomments&post=1051"}],"wp:featuredmedia":[{"embeddable":true,"href":"https:\/\/sof2.jmstudios.es\/index.php?rest_route=\/wp\/v2\/media\/1056"}],"wp:attachment":[{"href":"https:\/\/sof2.jmstudios.es\/index.php?rest_route=%2Fwp%2Fv2%2Fmedia&parent=1051"}],"wp:term":[{"taxonomy":"product_brand","embeddable":true,"href":"https:\/\/sof2.jmstudios.es\/index.php?rest_route=%2Fwp%2Fv2%2Fproduct_brand&post=1051"},{"taxonomy":"product_cat","embeddable":true,"href":"https:\/\/sof2.jmstudios.es\/index.php?rest_route=%2Fwp%2Fv2%2Fproduct_cat&post=1051"},{"taxonomy":"product_tag","embeddable":true,"href":"https:\/\/sof2.jmstudios.es\/index.php?rest_route=%2Fwp%2Fv2%2Fproduct_tag&post=1051"}],"curies":[{"name":"wp","href":"https:\/\/api.w.org\/{rel}","templated":true}]}}