{"id":1050,"date":"2025-10-24T18:35:44","date_gmt":"2025-10-24T16:35:44","guid":{"rendered":"https:\/\/sof2.jmstudios.es\/?post_type=product&#038;p=1050"},"modified":"2026-02-22T00:36:09","modified_gmt":"2026-02-21T23:36:09","slug":"licencia-kaspersky-premium-2025","status":"publish","type":"product","link":"https:\/\/sof2.jmstudios.es\/?product=licencia-kaspersky-premium-2025","title":{"rendered":"Licencia Kaspersky Premium 2026"},"content":{"rendered":"<p>Kaspersky Premium: Protecci\u00f3n Total para tus Dispositivos<br \/>\nKaspersky Premium es una soluci\u00f3n avanzada de seguridad dise\u00f1ada para proteger tus dispositivos contra amenazas digitales como virus, malware, ataques de phishing y ransomware. Esta suite premium ofrece defensa en tiempo real, navegaci\u00f3n y compras seguras, adem\u00e1s de contar con un gestor de contrase\u00f1as protegido. Incluye caracter\u00edsticas exclusivas como control parental, una VPN ilimitada para navegaci\u00f3n privada, esc\u00e1ner de vulnerabilidades y actualizaciones autom\u00e1ticas. Con soporte t\u00e9cnico prioritario, Kaspersky Premium es la opci\u00f3n ideal para quienes buscan una seguridad cibern\u00e9tica completa y confiable.<\/p>\n<p>La suite incluye:<br \/>\nProtecci\u00f3n Antiransomware: Herramientas especializadas que bloquean ataques de ransomware, protegen tus archivos m\u00e1s valiosos y aseguran la recuperaci\u00f3n de datos en caso de un incidente.<br \/>\nSeguridad en la Navegaci\u00f3n: Un m\u00f3dulo de protecci\u00f3n que detecta y bloquea sitios web peligrosos, incluyendo aquellos usados para phishing, garantizando una navegaci\u00f3n segura y libre de amenazas.<br \/>\nControl Parental Avanzado: Potentes herramientas para supervisar la actividad de los ni\u00f1os en l\u00ednea, ayudando a evitar que accedan a contenido inapropiado y mantenerlos a salvo en el entorno digital.<br \/>\nRendimiento Mejorado: Funcionalidades que minimizan el uso de recursos del sistema, permitiendo que el dispositivo mantenga un rendimiento fluido mientras est\u00e1 protegido.<br \/>\nActualizaciones en Segundo Plano: El software se actualiza de forma autom\u00e1tica, asegurando que siempre est\u00e9 preparado para enfrentar las amenazas m\u00e1s recientes sin que tengas que intervenir.<br \/>\nRequisitos del sistema:<br \/>\nWindows:<br \/>\nWindows 11, 10, 8.1, 8, 7 (SP1)<br \/>\nMac:<br \/>\nmacOS 10.15 (Catalina) o posterior<br \/>\nAndroid:<br \/>\nAndroid 8 o superior<br \/>\niOS:<br \/>\niOS 15.0 o superior<\/p>\n","protected":false},"excerpt":{"rendered":"<p>Kaspersky Premium cubre todas tus necesidades de seguridad y las de tu familia.<br \/>\nGarantiza que nadie usurpe tu identidad, mantiene tus documentos seguros y te alerta de fugas de datos.<br \/>\nLicencia con una duraci\u00f3n de 12 meses.<br \/>\nLicencia v\u00e1lida solo para la Uni\u00f3n Europea, Andorra o Gibraltar.<\/p>\n<p>Dispositivos:<br \/>\n1 dispositivo<\/p>\n","protected":false},"featured_media":1049,"comment_status":"open","ping_status":"closed","template":"","meta":[],"product_brand":[],"product_cat":[67],"product_tag":[37,35],"class_list":{"0":"post-1050","1":"product","2":"type-product","3":"status-publish","4":"has-post-thumbnail","6":"product_cat-antivirus","7":"product_tag-licencia","8":"product_tag-sofware","10":"first","11":"instock","12":"virtual","13":"taxable","14":"purchasable","15":"product-type-simple"},"yoast_head":"<!-- This site is optimized with the Yoast SEO plugin v27.5 - https:\/\/yoast.com\/product\/yoast-seo-wordpress\/ -->\n<title>Licencia Kaspersky Premium 2026 - Software F\u00e1cil<\/title>\n<meta name=\"robots\" content=\"noindex, follow, max-snippet:-1, max-image-preview:large, max-video-preview:-1\" \/>\n<meta property=\"og:locale\" content=\"es_ES\" \/>\n<meta property=\"og:type\" content=\"article\" \/>\n<meta property=\"og:title\" content=\"Licencia Kaspersky Premium 2026 - Software F\u00e1cil\" \/>\n<meta property=\"og:description\" content=\"Kaspersky Premium cubre todas tus necesidades de seguridad y las de tu familia. Garantiza que nadie usurpe tu identidad, mantiene tus documentos seguros y te alerta de fugas de datos. Licencia con una duraci\u00f3n de 12 meses. Licencia v\u00e1lida solo para la Uni\u00f3n Europea, Andorra o Gibraltar.  Dispositivos: 1 dispositivo\" \/>\n<meta property=\"og:url\" content=\"https:\/\/sof2.jmstudios.es\/product\/licencia-kaspersky-premium-2025\/\" \/>\n<meta property=\"og:site_name\" content=\"Software F\u00e1cil\" \/>\n<meta property=\"article:modified_time\" content=\"2026-02-21T23:36:09+00:00\" \/>\n<meta property=\"og:image\" content=\"https:\/\/sof2.jmstudios.es\/wp-content\/uploads\/2025\/10\/kaspersky-plus-600x600-1.webp\" \/>\n\t<meta property=\"og:image:width\" content=\"600\" \/>\n\t<meta property=\"og:image:height\" content=\"600\" \/>\n\t<meta property=\"og:image:type\" content=\"image\/webp\" \/>\n<meta name=\"twitter:card\" content=\"summary_large_image\" \/>\n<meta name=\"twitter:label1\" content=\"Tiempo de lectura\" \/>\n\t<meta name=\"twitter:data1\" content=\"2 minutos\" \/>\n<script type=\"application\/ld+json\" class=\"yoast-schema-graph\">{\"@context\":\"https:\\\/\\\/schema.org\",\"@graph\":[{\"@type\":\"WebPage\",\"@id\":\"https:\\\/\\\/sof2.jmstudios.es\\\/product\\\/licencia-kaspersky-premium-2025\\\/\",\"url\":\"https:\\\/\\\/sof2.jmstudios.es\\\/product\\\/licencia-kaspersky-premium-2025\\\/\",\"name\":\"Licencia Kaspersky Premium 2026 - Software F\u00e1cil\",\"isPartOf\":{\"@id\":\"https:\\\/\\\/sof2.jmstudios.es\\\/#website\"},\"primaryImageOfPage\":{\"@id\":\"https:\\\/\\\/sof2.jmstudios.es\\\/product\\\/licencia-kaspersky-premium-2025\\\/#primaryimage\"},\"image\":{\"@id\":\"https:\\\/\\\/sof2.jmstudios.es\\\/product\\\/licencia-kaspersky-premium-2025\\\/#primaryimage\"},\"thumbnailUrl\":\"https:\\\/\\\/sof2.jmstudios.es\\\/wp-content\\\/uploads\\\/2025\\\/10\\\/kaspersky-plus-600x600-1.webp\",\"datePublished\":\"2025-10-24T16:35:44+00:00\",\"dateModified\":\"2026-02-21T23:36:09+00:00\",\"breadcrumb\":{\"@id\":\"https:\\\/\\\/sof2.jmstudios.es\\\/product\\\/licencia-kaspersky-premium-2025\\\/#breadcrumb\"},\"inLanguage\":\"es\",\"potentialAction\":[{\"@type\":\"ReadAction\",\"target\":[\"https:\\\/\\\/sof2.jmstudios.es\\\/product\\\/licencia-kaspersky-premium-2025\\\/\"]}]},{\"@type\":\"ImageObject\",\"inLanguage\":\"es\",\"@id\":\"https:\\\/\\\/sof2.jmstudios.es\\\/product\\\/licencia-kaspersky-premium-2025\\\/#primaryimage\",\"url\":\"https:\\\/\\\/sof2.jmstudios.es\\\/wp-content\\\/uploads\\\/2025\\\/10\\\/kaspersky-plus-600x600-1.webp\",\"contentUrl\":\"https:\\\/\\\/sof2.jmstudios.es\\\/wp-content\\\/uploads\\\/2025\\\/10\\\/kaspersky-plus-600x600-1.webp\",\"width\":600,\"height\":600},{\"@type\":\"BreadcrumbList\",\"@id\":\"https:\\\/\\\/sof2.jmstudios.es\\\/product\\\/licencia-kaspersky-premium-2025\\\/#breadcrumb\",\"itemListElement\":[{\"@type\":\"ListItem\",\"position\":1,\"name\":\"Portada\",\"item\":\"https:\\\/\\\/sof2.jmstudios.es\\\/\"},{\"@type\":\"ListItem\",\"position\":2,\"name\":\"Productos\",\"item\":\"https:\\\/\\\/sof2.jmstudios.es\\\/shop\\\/\"},{\"@type\":\"ListItem\",\"position\":3,\"name\":\"Licencia Kaspersky Premium 2026\"}]},{\"@type\":\"WebSite\",\"@id\":\"https:\\\/\\\/sof2.jmstudios.es\\\/#website\",\"url\":\"https:\\\/\\\/sof2.jmstudios.es\\\/\",\"name\":\"Software F\u00e1cil\",\"description\":\" WooCommerce Template For Toy Store\",\"publisher\":{\"@id\":\"https:\\\/\\\/sof2.jmstudios.es\\\/#organization\"},\"potentialAction\":[{\"@type\":\"SearchAction\",\"target\":{\"@type\":\"EntryPoint\",\"urlTemplate\":\"https:\\\/\\\/sof2.jmstudios.es\\\/?s={search_term_string}\"},\"query-input\":{\"@type\":\"PropertyValueSpecification\",\"valueRequired\":true,\"valueName\":\"search_term_string\"}}],\"inLanguage\":\"es\"},{\"@type\":\"Organization\",\"@id\":\"https:\\\/\\\/sof2.jmstudios.es\\\/#organization\",\"name\":\"Software F\u00e1cil\",\"url\":\"https:\\\/\\\/sof2.jmstudios.es\\\/\",\"logo\":{\"@type\":\"ImageObject\",\"inLanguage\":\"es\",\"@id\":\"https:\\\/\\\/sof2.jmstudios.es\\\/#\\\/schema\\\/logo\\\/image\\\/\",\"url\":\"https:\\\/\\\/sof2.jmstudios.es\\\/wp-content\\\/uploads\\\/2025\\\/10\\\/cropped-software_facil_logo-e1767484425268.png\",\"contentUrl\":\"https:\\\/\\\/sof2.jmstudios.es\\\/wp-content\\\/uploads\\\/2025\\\/10\\\/cropped-software_facil_logo-e1767484425268.png\",\"width\":400,\"height\":114,\"caption\":\"Software F\u00e1cil\"},\"image\":{\"@id\":\"https:\\\/\\\/sof2.jmstudios.es\\\/#\\\/schema\\\/logo\\\/image\\\/\"}}]}<\/script>\n<!-- \/ Yoast SEO plugin. -->","yoast_head_json":{"title":"Licencia Kaspersky Premium 2026 - Software F\u00e1cil","robots":{"index":"noindex","follow":"follow","max-snippet":"max-snippet:-1","max-image-preview":"max-image-preview:large","max-video-preview":"max-video-preview:-1"},"og_locale":"es_ES","og_type":"article","og_title":"Licencia Kaspersky Premium 2026 - Software F\u00e1cil","og_description":"Kaspersky Premium cubre todas tus necesidades de seguridad y las de tu familia. Garantiza que nadie usurpe tu identidad, mantiene tus documentos seguros y te alerta de fugas de datos. Licencia con una duraci\u00f3n de 12 meses. Licencia v\u00e1lida solo para la Uni\u00f3n Europea, Andorra o Gibraltar.  Dispositivos: 1 dispositivo","og_url":"https:\/\/sof2.jmstudios.es\/product\/licencia-kaspersky-premium-2025\/","og_site_name":"Software F\u00e1cil","article_modified_time":"2026-02-21T23:36:09+00:00","og_image":[{"width":600,"height":600,"url":"https:\/\/sof2.jmstudios.es\/wp-content\/uploads\/2025\/10\/kaspersky-plus-600x600-1.webp","type":"image\/webp"}],"twitter_card":"summary_large_image","twitter_misc":{"Tiempo de lectura":"2 minutos"},"schema":{"@context":"https:\/\/schema.org","@graph":[{"@type":"WebPage","@id":"https:\/\/sof2.jmstudios.es\/product\/licencia-kaspersky-premium-2025\/","url":"https:\/\/sof2.jmstudios.es\/product\/licencia-kaspersky-premium-2025\/","name":"Licencia Kaspersky Premium 2026 - Software F\u00e1cil","isPartOf":{"@id":"https:\/\/sof2.jmstudios.es\/#website"},"primaryImageOfPage":{"@id":"https:\/\/sof2.jmstudios.es\/product\/licencia-kaspersky-premium-2025\/#primaryimage"},"image":{"@id":"https:\/\/sof2.jmstudios.es\/product\/licencia-kaspersky-premium-2025\/#primaryimage"},"thumbnailUrl":"https:\/\/sof2.jmstudios.es\/wp-content\/uploads\/2025\/10\/kaspersky-plus-600x600-1.webp","datePublished":"2025-10-24T16:35:44+00:00","dateModified":"2026-02-21T23:36:09+00:00","breadcrumb":{"@id":"https:\/\/sof2.jmstudios.es\/product\/licencia-kaspersky-premium-2025\/#breadcrumb"},"inLanguage":"es","potentialAction":[{"@type":"ReadAction","target":["https:\/\/sof2.jmstudios.es\/product\/licencia-kaspersky-premium-2025\/"]}]},{"@type":"ImageObject","inLanguage":"es","@id":"https:\/\/sof2.jmstudios.es\/product\/licencia-kaspersky-premium-2025\/#primaryimage","url":"https:\/\/sof2.jmstudios.es\/wp-content\/uploads\/2025\/10\/kaspersky-plus-600x600-1.webp","contentUrl":"https:\/\/sof2.jmstudios.es\/wp-content\/uploads\/2025\/10\/kaspersky-plus-600x600-1.webp","width":600,"height":600},{"@type":"BreadcrumbList","@id":"https:\/\/sof2.jmstudios.es\/product\/licencia-kaspersky-premium-2025\/#breadcrumb","itemListElement":[{"@type":"ListItem","position":1,"name":"Portada","item":"https:\/\/sof2.jmstudios.es\/"},{"@type":"ListItem","position":2,"name":"Productos","item":"https:\/\/sof2.jmstudios.es\/shop\/"},{"@type":"ListItem","position":3,"name":"Licencia Kaspersky Premium 2026"}]},{"@type":"WebSite","@id":"https:\/\/sof2.jmstudios.es\/#website","url":"https:\/\/sof2.jmstudios.es\/","name":"Software F\u00e1cil","description":" WooCommerce Template For Toy Store","publisher":{"@id":"https:\/\/sof2.jmstudios.es\/#organization"},"potentialAction":[{"@type":"SearchAction","target":{"@type":"EntryPoint","urlTemplate":"https:\/\/sof2.jmstudios.es\/?s={search_term_string}"},"query-input":{"@type":"PropertyValueSpecification","valueRequired":true,"valueName":"search_term_string"}}],"inLanguage":"es"},{"@type":"Organization","@id":"https:\/\/sof2.jmstudios.es\/#organization","name":"Software F\u00e1cil","url":"https:\/\/sof2.jmstudios.es\/","logo":{"@type":"ImageObject","inLanguage":"es","@id":"https:\/\/sof2.jmstudios.es\/#\/schema\/logo\/image\/","url":"https:\/\/sof2.jmstudios.es\/wp-content\/uploads\/2025\/10\/cropped-software_facil_logo-e1767484425268.png","contentUrl":"https:\/\/sof2.jmstudios.es\/wp-content\/uploads\/2025\/10\/cropped-software_facil_logo-e1767484425268.png","width":400,"height":114,"caption":"Software F\u00e1cil"},"image":{"@id":"https:\/\/sof2.jmstudios.es\/#\/schema\/logo\/image\/"}}]}},"_links":{"self":[{"href":"https:\/\/sof2.jmstudios.es\/index.php?rest_route=\/wp\/v2\/product\/1050","targetHints":{"allow":["GET"]}}],"collection":[{"href":"https:\/\/sof2.jmstudios.es\/index.php?rest_route=\/wp\/v2\/product"}],"about":[{"href":"https:\/\/sof2.jmstudios.es\/index.php?rest_route=\/wp\/v2\/types\/product"}],"replies":[{"embeddable":true,"href":"https:\/\/sof2.jmstudios.es\/index.php?rest_route=%2Fwp%2Fv2%2Fcomments&post=1050"}],"wp:featuredmedia":[{"embeddable":true,"href":"https:\/\/sof2.jmstudios.es\/index.php?rest_route=\/wp\/v2\/media\/1049"}],"wp:attachment":[{"href":"https:\/\/sof2.jmstudios.es\/index.php?rest_route=%2Fwp%2Fv2%2Fmedia&parent=1050"}],"wp:term":[{"taxonomy":"product_brand","embeddable":true,"href":"https:\/\/sof2.jmstudios.es\/index.php?rest_route=%2Fwp%2Fv2%2Fproduct_brand&post=1050"},{"taxonomy":"product_cat","embeddable":true,"href":"https:\/\/sof2.jmstudios.es\/index.php?rest_route=%2Fwp%2Fv2%2Fproduct_cat&post=1050"},{"taxonomy":"product_tag","embeddable":true,"href":"https:\/\/sof2.jmstudios.es\/index.php?rest_route=%2Fwp%2Fv2%2Fproduct_tag&post=1050"}],"curies":[{"name":"wp","href":"https:\/\/api.w.org\/{rel}","templated":true}]}}