{"id":1035,"date":"2025-10-24T18:21:52","date_gmt":"2025-10-24T16:21:52","guid":{"rendered":"https:\/\/sof2.jmstudios.es\/?post_type=product&#038;p=1035"},"modified":"2026-02-22T00:53:41","modified_gmt":"2026-02-21T23:53:41","slug":"licencia-office-2019-profesional-plus-bind-key","status":"publish","type":"product","link":"https:\/\/sof2.jmstudios.es\/?product=licencia-office-2019-profesional-plus-bind-key","title":{"rendered":"Licencia Office 2019 Profesional Plus \u2013 Bind Key"},"content":{"rendered":"<p>Licencia Office 2019 Professional Plus \u2013 Se asocia a cuenta de Microsoft<br \/>\nCaracter\u00edsticas principales:<br \/>\nLicencia BIND KEY. Se asocia a cuenta de Microsoft, lo que te permite reinstalarla cuantas veces necesites y cambiarla de equipo, siempre que solo est\u00e9 activa en un \u00fanico dispositivo a la vez.<br \/>\nProducto ideal para aut\u00f3nomos, peque\u00f1as empresas y usuarios particulares.<br \/>\nAcceso de por vida: Es una licencia permanente, no caduca.<br \/>\nEste producto NO es compatible para Apple (Mac Os), Dispositivos Android ni Chromebooks<br \/>\nCompatible con Windows 10 y Windows 11.<br \/>\nDisponible en versiones de 32 y 64 bits.<br \/>\nMultilenguaje: instala Office en el idioma que prefieras.<\/p>\n<p>Office 2019 Professional Plus incluye:<br \/>\nMicrosoft Word<br \/>\nMicrosoft Excel<br \/>\nMicrosoft PowerPoint<br \/>\nMicrosoft Access<br \/>\nMicrosoft Publisher<br \/>\nRequisitos para instalar Office 2019<br \/>\nProcesador: CPU de 1,6 GHz o superior con soporte SSE2.<br \/>\nMemoria RAM: m\u00ednimo 4 GB (2 GB para 32 bits).<br \/>\nEspacio en disco: al menos 4 GB disponibles.<br \/>\nPantalla: resoluci\u00f3n m\u00ednima de 1280 x 768 p\u00edxeles.<br \/>\nSistema operativo: Windows 10 o Windows 11<\/p>\n","protected":false},"excerpt":{"rendered":"<p>Esta licencia se asocia a cuenta de Microsoft<\/p>\n<p>Se instala desde https:\/\/setup.office.com\/<br \/>\nSiempre disponible en https:\/\/accounts.microsoft.com<br \/>\nPuedes reinstalarla o cambiarla de PC cuando lo necesites.<br \/>\nLicencia perpetua y 100 % original, v\u00e1lida para particulares y empresas.<br \/>\nservicio de atenci\u00f3n al cliente gratis.<\/p>\n","protected":false},"featured_media":1039,"comment_status":"open","ping_status":"closed","template":"","meta":[],"product_brand":[],"product_cat":[66],"product_tag":[37,35],"class_list":{"0":"post-1035","1":"product","2":"type-product","3":"status-publish","4":"has-post-thumbnail","6":"product_cat-microsoft-office","7":"product_tag-licencia","8":"product_tag-sofware","10":"first","11":"instock","12":"virtual","13":"taxable","14":"purchasable","15":"product-type-simple"},"yoast_head":"<!-- This site is optimized with the Yoast SEO plugin v27.5 - https:\/\/yoast.com\/product\/yoast-seo-wordpress\/ -->\n<title>Licencia Office 2019 Profesional Plus \u2013 Bind Key - Software F\u00e1cil<\/title>\n<meta name=\"robots\" content=\"noindex, follow, max-snippet:-1, max-image-preview:large, max-video-preview:-1\" \/>\n<meta property=\"og:locale\" content=\"es_ES\" \/>\n<meta property=\"og:type\" content=\"article\" \/>\n<meta property=\"og:title\" content=\"Licencia Office 2019 Profesional Plus \u2013 Bind Key - Software F\u00e1cil\" \/>\n<meta property=\"og:description\" content=\"Esta licencia se asocia a cuenta de Microsoft  Se instala desde https:\/\/setup.office.com\/ Siempre disponible en https:\/\/accounts.microsoft.com Puedes reinstalarla o cambiarla de PC cuando lo necesites. Licencia perpetua y 100 % original, v\u00e1lida para particulares y empresas. servicio de atenci\u00f3n al cliente gratis.\" \/>\n<meta property=\"og:url\" content=\"https:\/\/sof2.jmstudios.es\/product\/licencia-office-2019-profesional-plus-bind-key\/\" \/>\n<meta property=\"og:site_name\" content=\"Software F\u00e1cil\" \/>\n<meta property=\"article:modified_time\" content=\"2026-02-21T23:53:41+00:00\" \/>\n<meta property=\"og:image\" content=\"https:\/\/sof2.jmstudios.es\/wp-content\/uploads\/2025\/10\/office-2019-professional-plus-bind-key.webp\" \/>\n\t<meta property=\"og:image:width\" content=\"800\" \/>\n\t<meta property=\"og:image:height\" content=\"800\" \/>\n\t<meta property=\"og:image:type\" content=\"image\/webp\" \/>\n<meta name=\"twitter:card\" content=\"summary_large_image\" \/>\n<meta name=\"twitter:label1\" content=\"Tiempo de lectura\" \/>\n\t<meta name=\"twitter:data1\" content=\"1 minuto\" \/>\n<script type=\"application\/ld+json\" class=\"yoast-schema-graph\">{\"@context\":\"https:\\\/\\\/schema.org\",\"@graph\":[{\"@type\":\"WebPage\",\"@id\":\"https:\\\/\\\/sof2.jmstudios.es\\\/product\\\/licencia-office-2019-profesional-plus-bind-key\\\/\",\"url\":\"https:\\\/\\\/sof2.jmstudios.es\\\/product\\\/licencia-office-2019-profesional-plus-bind-key\\\/\",\"name\":\"Licencia Office 2019 Profesional Plus \u2013 Bind Key - Software F\u00e1cil\",\"isPartOf\":{\"@id\":\"https:\\\/\\\/sof2.jmstudios.es\\\/#website\"},\"primaryImageOfPage\":{\"@id\":\"https:\\\/\\\/sof2.jmstudios.es\\\/product\\\/licencia-office-2019-profesional-plus-bind-key\\\/#primaryimage\"},\"image\":{\"@id\":\"https:\\\/\\\/sof2.jmstudios.es\\\/product\\\/licencia-office-2019-profesional-plus-bind-key\\\/#primaryimage\"},\"thumbnailUrl\":\"https:\\\/\\\/sof2.jmstudios.es\\\/wp-content\\\/uploads\\\/2025\\\/10\\\/office-2019-professional-plus-bind-key.webp\",\"datePublished\":\"2025-10-24T16:21:52+00:00\",\"dateModified\":\"2026-02-21T23:53:41+00:00\",\"breadcrumb\":{\"@id\":\"https:\\\/\\\/sof2.jmstudios.es\\\/product\\\/licencia-office-2019-profesional-plus-bind-key\\\/#breadcrumb\"},\"inLanguage\":\"es\",\"potentialAction\":[{\"@type\":\"ReadAction\",\"target\":[\"https:\\\/\\\/sof2.jmstudios.es\\\/product\\\/licencia-office-2019-profesional-plus-bind-key\\\/\"]}]},{\"@type\":\"ImageObject\",\"inLanguage\":\"es\",\"@id\":\"https:\\\/\\\/sof2.jmstudios.es\\\/product\\\/licencia-office-2019-profesional-plus-bind-key\\\/#primaryimage\",\"url\":\"https:\\\/\\\/sof2.jmstudios.es\\\/wp-content\\\/uploads\\\/2025\\\/10\\\/office-2019-professional-plus-bind-key.webp\",\"contentUrl\":\"https:\\\/\\\/sof2.jmstudios.es\\\/wp-content\\\/uploads\\\/2025\\\/10\\\/office-2019-professional-plus-bind-key.webp\",\"width\":800,\"height\":800},{\"@type\":\"BreadcrumbList\",\"@id\":\"https:\\\/\\\/sof2.jmstudios.es\\\/product\\\/licencia-office-2019-profesional-plus-bind-key\\\/#breadcrumb\",\"itemListElement\":[{\"@type\":\"ListItem\",\"position\":1,\"name\":\"Portada\",\"item\":\"https:\\\/\\\/sof2.jmstudios.es\\\/\"},{\"@type\":\"ListItem\",\"position\":2,\"name\":\"Productos\",\"item\":\"https:\\\/\\\/sof2.jmstudios.es\\\/shop\\\/\"},{\"@type\":\"ListItem\",\"position\":3,\"name\":\"Licencia Office 2019 Profesional Plus \u2013 Bind Key\"}]},{\"@type\":\"WebSite\",\"@id\":\"https:\\\/\\\/sof2.jmstudios.es\\\/#website\",\"url\":\"https:\\\/\\\/sof2.jmstudios.es\\\/\",\"name\":\"Software F\u00e1cil\",\"description\":\" WooCommerce Template For Toy Store\",\"publisher\":{\"@id\":\"https:\\\/\\\/sof2.jmstudios.es\\\/#organization\"},\"potentialAction\":[{\"@type\":\"SearchAction\",\"target\":{\"@type\":\"EntryPoint\",\"urlTemplate\":\"https:\\\/\\\/sof2.jmstudios.es\\\/?s={search_term_string}\"},\"query-input\":{\"@type\":\"PropertyValueSpecification\",\"valueRequired\":true,\"valueName\":\"search_term_string\"}}],\"inLanguage\":\"es\"},{\"@type\":\"Organization\",\"@id\":\"https:\\\/\\\/sof2.jmstudios.es\\\/#organization\",\"name\":\"Software F\u00e1cil\",\"url\":\"https:\\\/\\\/sof2.jmstudios.es\\\/\",\"logo\":{\"@type\":\"ImageObject\",\"inLanguage\":\"es\",\"@id\":\"https:\\\/\\\/sof2.jmstudios.es\\\/#\\\/schema\\\/logo\\\/image\\\/\",\"url\":\"https:\\\/\\\/sof2.jmstudios.es\\\/wp-content\\\/uploads\\\/2025\\\/10\\\/cropped-software_facil_logo-e1767484425268.png\",\"contentUrl\":\"https:\\\/\\\/sof2.jmstudios.es\\\/wp-content\\\/uploads\\\/2025\\\/10\\\/cropped-software_facil_logo-e1767484425268.png\",\"width\":400,\"height\":114,\"caption\":\"Software F\u00e1cil\"},\"image\":{\"@id\":\"https:\\\/\\\/sof2.jmstudios.es\\\/#\\\/schema\\\/logo\\\/image\\\/\"}}]}<\/script>\n<!-- \/ Yoast SEO plugin. -->","yoast_head_json":{"title":"Licencia Office 2019 Profesional Plus \u2013 Bind Key - Software F\u00e1cil","robots":{"index":"noindex","follow":"follow","max-snippet":"max-snippet:-1","max-image-preview":"max-image-preview:large","max-video-preview":"max-video-preview:-1"},"og_locale":"es_ES","og_type":"article","og_title":"Licencia Office 2019 Profesional Plus \u2013 Bind Key - Software F\u00e1cil","og_description":"Esta licencia se asocia a cuenta de Microsoft  Se instala desde https:\/\/setup.office.com\/ Siempre disponible en https:\/\/accounts.microsoft.com Puedes reinstalarla o cambiarla de PC cuando lo necesites. Licencia perpetua y 100 % original, v\u00e1lida para particulares y empresas. servicio de atenci\u00f3n al cliente gratis.","og_url":"https:\/\/sof2.jmstudios.es\/product\/licencia-office-2019-profesional-plus-bind-key\/","og_site_name":"Software F\u00e1cil","article_modified_time":"2026-02-21T23:53:41+00:00","og_image":[{"width":800,"height":800,"url":"https:\/\/sof2.jmstudios.es\/wp-content\/uploads\/2025\/10\/office-2019-professional-plus-bind-key.webp","type":"image\/webp"}],"twitter_card":"summary_large_image","twitter_misc":{"Tiempo de lectura":"1 minuto"},"schema":{"@context":"https:\/\/schema.org","@graph":[{"@type":"WebPage","@id":"https:\/\/sof2.jmstudios.es\/product\/licencia-office-2019-profesional-plus-bind-key\/","url":"https:\/\/sof2.jmstudios.es\/product\/licencia-office-2019-profesional-plus-bind-key\/","name":"Licencia Office 2019 Profesional Plus \u2013 Bind Key - Software F\u00e1cil","isPartOf":{"@id":"https:\/\/sof2.jmstudios.es\/#website"},"primaryImageOfPage":{"@id":"https:\/\/sof2.jmstudios.es\/product\/licencia-office-2019-profesional-plus-bind-key\/#primaryimage"},"image":{"@id":"https:\/\/sof2.jmstudios.es\/product\/licencia-office-2019-profesional-plus-bind-key\/#primaryimage"},"thumbnailUrl":"https:\/\/sof2.jmstudios.es\/wp-content\/uploads\/2025\/10\/office-2019-professional-plus-bind-key.webp","datePublished":"2025-10-24T16:21:52+00:00","dateModified":"2026-02-21T23:53:41+00:00","breadcrumb":{"@id":"https:\/\/sof2.jmstudios.es\/product\/licencia-office-2019-profesional-plus-bind-key\/#breadcrumb"},"inLanguage":"es","potentialAction":[{"@type":"ReadAction","target":["https:\/\/sof2.jmstudios.es\/product\/licencia-office-2019-profesional-plus-bind-key\/"]}]},{"@type":"ImageObject","inLanguage":"es","@id":"https:\/\/sof2.jmstudios.es\/product\/licencia-office-2019-profesional-plus-bind-key\/#primaryimage","url":"https:\/\/sof2.jmstudios.es\/wp-content\/uploads\/2025\/10\/office-2019-professional-plus-bind-key.webp","contentUrl":"https:\/\/sof2.jmstudios.es\/wp-content\/uploads\/2025\/10\/office-2019-professional-plus-bind-key.webp","width":800,"height":800},{"@type":"BreadcrumbList","@id":"https:\/\/sof2.jmstudios.es\/product\/licencia-office-2019-profesional-plus-bind-key\/#breadcrumb","itemListElement":[{"@type":"ListItem","position":1,"name":"Portada","item":"https:\/\/sof2.jmstudios.es\/"},{"@type":"ListItem","position":2,"name":"Productos","item":"https:\/\/sof2.jmstudios.es\/shop\/"},{"@type":"ListItem","position":3,"name":"Licencia Office 2019 Profesional Plus \u2013 Bind Key"}]},{"@type":"WebSite","@id":"https:\/\/sof2.jmstudios.es\/#website","url":"https:\/\/sof2.jmstudios.es\/","name":"Software F\u00e1cil","description":" WooCommerce Template For Toy Store","publisher":{"@id":"https:\/\/sof2.jmstudios.es\/#organization"},"potentialAction":[{"@type":"SearchAction","target":{"@type":"EntryPoint","urlTemplate":"https:\/\/sof2.jmstudios.es\/?s={search_term_string}"},"query-input":{"@type":"PropertyValueSpecification","valueRequired":true,"valueName":"search_term_string"}}],"inLanguage":"es"},{"@type":"Organization","@id":"https:\/\/sof2.jmstudios.es\/#organization","name":"Software F\u00e1cil","url":"https:\/\/sof2.jmstudios.es\/","logo":{"@type":"ImageObject","inLanguage":"es","@id":"https:\/\/sof2.jmstudios.es\/#\/schema\/logo\/image\/","url":"https:\/\/sof2.jmstudios.es\/wp-content\/uploads\/2025\/10\/cropped-software_facil_logo-e1767484425268.png","contentUrl":"https:\/\/sof2.jmstudios.es\/wp-content\/uploads\/2025\/10\/cropped-software_facil_logo-e1767484425268.png","width":400,"height":114,"caption":"Software F\u00e1cil"},"image":{"@id":"https:\/\/sof2.jmstudios.es\/#\/schema\/logo\/image\/"}}]}},"_links":{"self":[{"href":"https:\/\/sof2.jmstudios.es\/index.php?rest_route=\/wp\/v2\/product\/1035","targetHints":{"allow":["GET"]}}],"collection":[{"href":"https:\/\/sof2.jmstudios.es\/index.php?rest_route=\/wp\/v2\/product"}],"about":[{"href":"https:\/\/sof2.jmstudios.es\/index.php?rest_route=\/wp\/v2\/types\/product"}],"replies":[{"embeddable":true,"href":"https:\/\/sof2.jmstudios.es\/index.php?rest_route=%2Fwp%2Fv2%2Fcomments&post=1035"}],"wp:featuredmedia":[{"embeddable":true,"href":"https:\/\/sof2.jmstudios.es\/index.php?rest_route=\/wp\/v2\/media\/1039"}],"wp:attachment":[{"href":"https:\/\/sof2.jmstudios.es\/index.php?rest_route=%2Fwp%2Fv2%2Fmedia&parent=1035"}],"wp:term":[{"taxonomy":"product_brand","embeddable":true,"href":"https:\/\/sof2.jmstudios.es\/index.php?rest_route=%2Fwp%2Fv2%2Fproduct_brand&post=1035"},{"taxonomy":"product_cat","embeddable":true,"href":"https:\/\/sof2.jmstudios.es\/index.php?rest_route=%2Fwp%2Fv2%2Fproduct_cat&post=1035"},{"taxonomy":"product_tag","embeddable":true,"href":"https:\/\/sof2.jmstudios.es\/index.php?rest_route=%2Fwp%2Fv2%2Fproduct_tag&post=1035"}],"curies":[{"name":"wp","href":"https:\/\/api.w.org\/{rel}","templated":true}]}}