{"id":1034,"date":"2025-10-24T18:21:50","date_gmt":"2025-10-24T16:21:50","guid":{"rendered":"https:\/\/sof2.jmstudios.es\/?post_type=product&#038;p=1034"},"modified":"2026-02-22T00:54:29","modified_gmt":"2026-02-21T23:54:29","slug":"licencia-microsoft-office-2016-profesional-plus-bind-key","status":"publish","type":"product","link":"https:\/\/sof2.jmstudios.es\/?product=licencia-microsoft-office-2016-profesional-plus-bind-key","title":{"rendered":"Licencia Microsoft Office 2016 Profesional Plus \u2013 Bind Key"},"content":{"rendered":"<p>Licencia Office 2016 Professional Plus \u2013 Se asocia a cuenta de Microsoft<br \/>\nCaracter\u00edsticas principales:<br \/>\nLicencia BIND KEY. Se asocia a cuenta de Microsoft, lo que te permite reinstalarla cuantas veces necesites y cambiarla de equipo, siempre que solo est\u00e9 activa en un \u00fanico dispositivo a la vez.<br \/>\nLicencia original y 100% legal: Producto ideal para aut\u00f3nomos, peque\u00f1as empresas y usuarios particulares.<br \/>\nAcceso de por vida: Es una licencia permanente, no caduca.<br \/>\nEste producto NO es compatible para Apple (Mac Os), Dispositivos Android ni Chromebooks. Si estas buscando una licencia de Microsoft Office 2016 para Mac,<br \/>\nCompatibilidad:<br \/>\nFunciona con Windows 7, 8, 10 y 11.<br \/>\nDisponible en versiones de 32 y 64 bits.<br \/>\nMultilenguaje: Puedes instalarlo en el idioma que prefieras.<\/p>\n<p>Office 2016 Professional Plus incluye:<br \/>\nMicrosoft Word<br \/>\nMicrosoft Excel<br \/>\nMicrosoft PowerPoint<br \/>\nMicrosoft Access<br \/>\nMicrosoft Publisher<br \/>\nRequisitos para instalar Office 2016<br \/>\nCPU x86 a 1 GHz con instrucciones SSE2.<br \/>\n2 GB de RAM.<br \/>\n3 GB de HDD.<br \/>\nResoluci\u00f3n de pantalla de 1.280 x 800.<br \/>\nGr\u00e1ficos compatibles con DirectX 10.<br \/>\nWindows 7 SP 1 o superior.<\/p>\n","protected":false},"excerpt":{"rendered":"<p>Esta licencia se asocia a cuenta de Microsoft<\/p>\n<p>Se instala desde https:\/\/setup.office.com\/<br \/>\nSiempre la tendr\u00e1s disponible en https:\/\/accounts.microsoft.com<br \/>\nSe puede cambiar de PC cuando quieras y reinstalarla tantas veces como necesites.<br \/>\nEsta licencia no caduca, podr\u00e1s usarla para siempre.<br \/>\nLicencia 100% original v\u00e1lida para particulares y empresas.<br \/>\nservicio de atenci\u00f3n al cliente gratis<\/p>\n","protected":false},"featured_media":1038,"comment_status":"open","ping_status":"closed","template":"","meta":[],"product_brand":[],"product_cat":[66],"product_tag":[37,35],"class_list":{"0":"post-1034","1":"product","2":"type-product","3":"status-publish","4":"has-post-thumbnail","6":"product_cat-microsoft-office","7":"product_tag-licencia","8":"product_tag-sofware","10":"first","11":"instock","12":"virtual","13":"taxable","14":"purchasable","15":"product-type-simple"},"yoast_head":"<!-- This site is optimized with the Yoast SEO plugin v27.5 - https:\/\/yoast.com\/product\/yoast-seo-wordpress\/ -->\n<title>Licencia Microsoft Office 2016 Profesional Plus \u2013 Bind Key - Software F\u00e1cil<\/title>\n<meta name=\"robots\" content=\"noindex, follow, max-snippet:-1, max-image-preview:large, max-video-preview:-1\" \/>\n<meta property=\"og:locale\" content=\"es_ES\" \/>\n<meta property=\"og:type\" content=\"article\" \/>\n<meta property=\"og:title\" content=\"Licencia Microsoft Office 2016 Profesional Plus \u2013 Bind Key - Software F\u00e1cil\" \/>\n<meta property=\"og:description\" content=\"Esta licencia se asocia a cuenta de Microsoft  Se instala desde https:\/\/setup.office.com\/ Siempre la tendr\u00e1s disponible en https:\/\/accounts.microsoft.com Se puede cambiar de PC cuando quieras y reinstalarla tantas veces como necesites. Esta licencia no caduca, podr\u00e1s usarla para siempre. Licencia 100% original v\u00e1lida para particulares y empresas. servicio de atenci\u00f3n al cliente gratis\" \/>\n<meta property=\"og:url\" content=\"https:\/\/sof2.jmstudios.es\/product\/licencia-microsoft-office-2016-profesional-plus-bind-key\/\" \/>\n<meta property=\"og:site_name\" content=\"Software F\u00e1cil\" \/>\n<meta property=\"article:modified_time\" content=\"2026-02-21T23:54:29+00:00\" \/>\n<meta property=\"og:image\" content=\"https:\/\/sof2.jmstudios.es\/wp-content\/uploads\/2025\/10\/licencia-office-2016-pro-plus-600x600-1.webp\" \/>\n\t<meta property=\"og:image:width\" content=\"600\" \/>\n\t<meta property=\"og:image:height\" content=\"600\" \/>\n\t<meta property=\"og:image:type\" content=\"image\/webp\" \/>\n<meta name=\"twitter:card\" content=\"summary_large_image\" \/>\n<meta name=\"twitter:label1\" content=\"Tiempo de lectura\" \/>\n\t<meta name=\"twitter:data1\" content=\"1 minuto\" \/>\n<script type=\"application\/ld+json\" class=\"yoast-schema-graph\">{\"@context\":\"https:\\\/\\\/schema.org\",\"@graph\":[{\"@type\":\"WebPage\",\"@id\":\"https:\\\/\\\/sof2.jmstudios.es\\\/product\\\/licencia-microsoft-office-2016-profesional-plus-bind-key\\\/\",\"url\":\"https:\\\/\\\/sof2.jmstudios.es\\\/product\\\/licencia-microsoft-office-2016-profesional-plus-bind-key\\\/\",\"name\":\"Licencia Microsoft Office 2016 Profesional Plus \u2013 Bind Key - Software F\u00e1cil\",\"isPartOf\":{\"@id\":\"https:\\\/\\\/sof2.jmstudios.es\\\/#website\"},\"primaryImageOfPage\":{\"@id\":\"https:\\\/\\\/sof2.jmstudios.es\\\/product\\\/licencia-microsoft-office-2016-profesional-plus-bind-key\\\/#primaryimage\"},\"image\":{\"@id\":\"https:\\\/\\\/sof2.jmstudios.es\\\/product\\\/licencia-microsoft-office-2016-profesional-plus-bind-key\\\/#primaryimage\"},\"thumbnailUrl\":\"https:\\\/\\\/sof2.jmstudios.es\\\/wp-content\\\/uploads\\\/2025\\\/10\\\/licencia-office-2016-pro-plus-600x600-1.webp\",\"datePublished\":\"2025-10-24T16:21:50+00:00\",\"dateModified\":\"2026-02-21T23:54:29+00:00\",\"breadcrumb\":{\"@id\":\"https:\\\/\\\/sof2.jmstudios.es\\\/product\\\/licencia-microsoft-office-2016-profesional-plus-bind-key\\\/#breadcrumb\"},\"inLanguage\":\"es\",\"potentialAction\":[{\"@type\":\"ReadAction\",\"target\":[\"https:\\\/\\\/sof2.jmstudios.es\\\/product\\\/licencia-microsoft-office-2016-profesional-plus-bind-key\\\/\"]}]},{\"@type\":\"ImageObject\",\"inLanguage\":\"es\",\"@id\":\"https:\\\/\\\/sof2.jmstudios.es\\\/product\\\/licencia-microsoft-office-2016-profesional-plus-bind-key\\\/#primaryimage\",\"url\":\"https:\\\/\\\/sof2.jmstudios.es\\\/wp-content\\\/uploads\\\/2025\\\/10\\\/licencia-office-2016-pro-plus-600x600-1.webp\",\"contentUrl\":\"https:\\\/\\\/sof2.jmstudios.es\\\/wp-content\\\/uploads\\\/2025\\\/10\\\/licencia-office-2016-pro-plus-600x600-1.webp\",\"width\":600,\"height\":600},{\"@type\":\"BreadcrumbList\",\"@id\":\"https:\\\/\\\/sof2.jmstudios.es\\\/product\\\/licencia-microsoft-office-2016-profesional-plus-bind-key\\\/#breadcrumb\",\"itemListElement\":[{\"@type\":\"ListItem\",\"position\":1,\"name\":\"Portada\",\"item\":\"https:\\\/\\\/sof2.jmstudios.es\\\/\"},{\"@type\":\"ListItem\",\"position\":2,\"name\":\"Productos\",\"item\":\"https:\\\/\\\/sof2.jmstudios.es\\\/shop\\\/\"},{\"@type\":\"ListItem\",\"position\":3,\"name\":\"Licencia Microsoft Office 2016 Profesional Plus \u2013 Bind Key\"}]},{\"@type\":\"WebSite\",\"@id\":\"https:\\\/\\\/sof2.jmstudios.es\\\/#website\",\"url\":\"https:\\\/\\\/sof2.jmstudios.es\\\/\",\"name\":\"Software F\u00e1cil\",\"description\":\" WooCommerce Template For Toy Store\",\"publisher\":{\"@id\":\"https:\\\/\\\/sof2.jmstudios.es\\\/#organization\"},\"potentialAction\":[{\"@type\":\"SearchAction\",\"target\":{\"@type\":\"EntryPoint\",\"urlTemplate\":\"https:\\\/\\\/sof2.jmstudios.es\\\/?s={search_term_string}\"},\"query-input\":{\"@type\":\"PropertyValueSpecification\",\"valueRequired\":true,\"valueName\":\"search_term_string\"}}],\"inLanguage\":\"es\"},{\"@type\":\"Organization\",\"@id\":\"https:\\\/\\\/sof2.jmstudios.es\\\/#organization\",\"name\":\"Software F\u00e1cil\",\"url\":\"https:\\\/\\\/sof2.jmstudios.es\\\/\",\"logo\":{\"@type\":\"ImageObject\",\"inLanguage\":\"es\",\"@id\":\"https:\\\/\\\/sof2.jmstudios.es\\\/#\\\/schema\\\/logo\\\/image\\\/\",\"url\":\"https:\\\/\\\/sof2.jmstudios.es\\\/wp-content\\\/uploads\\\/2025\\\/10\\\/cropped-software_facil_logo-e1767484425268.png\",\"contentUrl\":\"https:\\\/\\\/sof2.jmstudios.es\\\/wp-content\\\/uploads\\\/2025\\\/10\\\/cropped-software_facil_logo-e1767484425268.png\",\"width\":400,\"height\":114,\"caption\":\"Software F\u00e1cil\"},\"image\":{\"@id\":\"https:\\\/\\\/sof2.jmstudios.es\\\/#\\\/schema\\\/logo\\\/image\\\/\"}}]}<\/script>\n<!-- \/ Yoast SEO plugin. -->","yoast_head_json":{"title":"Licencia Microsoft Office 2016 Profesional Plus \u2013 Bind Key - Software F\u00e1cil","robots":{"index":"noindex","follow":"follow","max-snippet":"max-snippet:-1","max-image-preview":"max-image-preview:large","max-video-preview":"max-video-preview:-1"},"og_locale":"es_ES","og_type":"article","og_title":"Licencia Microsoft Office 2016 Profesional Plus \u2013 Bind Key - Software F\u00e1cil","og_description":"Esta licencia se asocia a cuenta de Microsoft  Se instala desde https:\/\/setup.office.com\/ Siempre la tendr\u00e1s disponible en https:\/\/accounts.microsoft.com Se puede cambiar de PC cuando quieras y reinstalarla tantas veces como necesites. Esta licencia no caduca, podr\u00e1s usarla para siempre. Licencia 100% original v\u00e1lida para particulares y empresas. servicio de atenci\u00f3n al cliente gratis","og_url":"https:\/\/sof2.jmstudios.es\/product\/licencia-microsoft-office-2016-profesional-plus-bind-key\/","og_site_name":"Software F\u00e1cil","article_modified_time":"2026-02-21T23:54:29+00:00","og_image":[{"width":600,"height":600,"url":"https:\/\/sof2.jmstudios.es\/wp-content\/uploads\/2025\/10\/licencia-office-2016-pro-plus-600x600-1.webp","type":"image\/webp"}],"twitter_card":"summary_large_image","twitter_misc":{"Tiempo de lectura":"1 minuto"},"schema":{"@context":"https:\/\/schema.org","@graph":[{"@type":"WebPage","@id":"https:\/\/sof2.jmstudios.es\/product\/licencia-microsoft-office-2016-profesional-plus-bind-key\/","url":"https:\/\/sof2.jmstudios.es\/product\/licencia-microsoft-office-2016-profesional-plus-bind-key\/","name":"Licencia Microsoft Office 2016 Profesional Plus \u2013 Bind Key - Software F\u00e1cil","isPartOf":{"@id":"https:\/\/sof2.jmstudios.es\/#website"},"primaryImageOfPage":{"@id":"https:\/\/sof2.jmstudios.es\/product\/licencia-microsoft-office-2016-profesional-plus-bind-key\/#primaryimage"},"image":{"@id":"https:\/\/sof2.jmstudios.es\/product\/licencia-microsoft-office-2016-profesional-plus-bind-key\/#primaryimage"},"thumbnailUrl":"https:\/\/sof2.jmstudios.es\/wp-content\/uploads\/2025\/10\/licencia-office-2016-pro-plus-600x600-1.webp","datePublished":"2025-10-24T16:21:50+00:00","dateModified":"2026-02-21T23:54:29+00:00","breadcrumb":{"@id":"https:\/\/sof2.jmstudios.es\/product\/licencia-microsoft-office-2016-profesional-plus-bind-key\/#breadcrumb"},"inLanguage":"es","potentialAction":[{"@type":"ReadAction","target":["https:\/\/sof2.jmstudios.es\/product\/licencia-microsoft-office-2016-profesional-plus-bind-key\/"]}]},{"@type":"ImageObject","inLanguage":"es","@id":"https:\/\/sof2.jmstudios.es\/product\/licencia-microsoft-office-2016-profesional-plus-bind-key\/#primaryimage","url":"https:\/\/sof2.jmstudios.es\/wp-content\/uploads\/2025\/10\/licencia-office-2016-pro-plus-600x600-1.webp","contentUrl":"https:\/\/sof2.jmstudios.es\/wp-content\/uploads\/2025\/10\/licencia-office-2016-pro-plus-600x600-1.webp","width":600,"height":600},{"@type":"BreadcrumbList","@id":"https:\/\/sof2.jmstudios.es\/product\/licencia-microsoft-office-2016-profesional-plus-bind-key\/#breadcrumb","itemListElement":[{"@type":"ListItem","position":1,"name":"Portada","item":"https:\/\/sof2.jmstudios.es\/"},{"@type":"ListItem","position":2,"name":"Productos","item":"https:\/\/sof2.jmstudios.es\/shop\/"},{"@type":"ListItem","position":3,"name":"Licencia Microsoft Office 2016 Profesional Plus \u2013 Bind Key"}]},{"@type":"WebSite","@id":"https:\/\/sof2.jmstudios.es\/#website","url":"https:\/\/sof2.jmstudios.es\/","name":"Software F\u00e1cil","description":" WooCommerce Template For Toy Store","publisher":{"@id":"https:\/\/sof2.jmstudios.es\/#organization"},"potentialAction":[{"@type":"SearchAction","target":{"@type":"EntryPoint","urlTemplate":"https:\/\/sof2.jmstudios.es\/?s={search_term_string}"},"query-input":{"@type":"PropertyValueSpecification","valueRequired":true,"valueName":"search_term_string"}}],"inLanguage":"es"},{"@type":"Organization","@id":"https:\/\/sof2.jmstudios.es\/#organization","name":"Software F\u00e1cil","url":"https:\/\/sof2.jmstudios.es\/","logo":{"@type":"ImageObject","inLanguage":"es","@id":"https:\/\/sof2.jmstudios.es\/#\/schema\/logo\/image\/","url":"https:\/\/sof2.jmstudios.es\/wp-content\/uploads\/2025\/10\/cropped-software_facil_logo-e1767484425268.png","contentUrl":"https:\/\/sof2.jmstudios.es\/wp-content\/uploads\/2025\/10\/cropped-software_facil_logo-e1767484425268.png","width":400,"height":114,"caption":"Software F\u00e1cil"},"image":{"@id":"https:\/\/sof2.jmstudios.es\/#\/schema\/logo\/image\/"}}]}},"_links":{"self":[{"href":"https:\/\/sof2.jmstudios.es\/index.php?rest_route=\/wp\/v2\/product\/1034","targetHints":{"allow":["GET"]}}],"collection":[{"href":"https:\/\/sof2.jmstudios.es\/index.php?rest_route=\/wp\/v2\/product"}],"about":[{"href":"https:\/\/sof2.jmstudios.es\/index.php?rest_route=\/wp\/v2\/types\/product"}],"replies":[{"embeddable":true,"href":"https:\/\/sof2.jmstudios.es\/index.php?rest_route=%2Fwp%2Fv2%2Fcomments&post=1034"}],"wp:featuredmedia":[{"embeddable":true,"href":"https:\/\/sof2.jmstudios.es\/index.php?rest_route=\/wp\/v2\/media\/1038"}],"wp:attachment":[{"href":"https:\/\/sof2.jmstudios.es\/index.php?rest_route=%2Fwp%2Fv2%2Fmedia&parent=1034"}],"wp:term":[{"taxonomy":"product_brand","embeddable":true,"href":"https:\/\/sof2.jmstudios.es\/index.php?rest_route=%2Fwp%2Fv2%2Fproduct_brand&post=1034"},{"taxonomy":"product_cat","embeddable":true,"href":"https:\/\/sof2.jmstudios.es\/index.php?rest_route=%2Fwp%2Fv2%2Fproduct_cat&post=1034"},{"taxonomy":"product_tag","embeddable":true,"href":"https:\/\/sof2.jmstudios.es\/index.php?rest_route=%2Fwp%2Fv2%2Fproduct_tag&post=1034"}],"curies":[{"name":"wp","href":"https:\/\/api.w.org\/{rel}","templated":true}]}}