{"id":1028,"date":"2025-10-24T18:18:42","date_gmt":"2025-10-24T16:18:42","guid":{"rendered":"https:\/\/sof2.jmstudios.es\/?post_type=product&#038;p=1028"},"modified":"2026-02-22T00:59:29","modified_gmt":"2026-02-21T23:59:29","slug":"licencia-office-2021-hogar-y-empresas-para-mac","status":"publish","type":"product","link":"https:\/\/sof2.jmstudios.es\/?product=licencia-office-2021-hogar-y-empresas-para-mac","title":{"rendered":"Licencia Office 2021 Hogar y Empresas para MAC"},"content":{"rendered":"<p>Compatible con macOs Ventura, Sonoma y Sequoia<\/p>\n<p>La clave de Office 2021 Hogar y Empresas es 100% original.<br \/>\nCompatible solo con las tres \u00faltimas versiones de macOS<br \/>\nLicencia v\u00e1lida para cambiarla de MAC cada vez que quieras. (Solo se puede usar en un MAC a la vez), puedes reinstalarla tantas veces como necesites.<br \/>\nLa licencia se asocia a tu cuenta de Microsoft. Siempre la tendr\u00e1s disponible en accounts.microsoft.com<br \/>\nPago seguro y servicio de atenci\u00f3n al cliente gratis.<\/p>\n","protected":false},"excerpt":{"rendered":"<p>Comprar licencia Office 2021 Hogar y Empresas para Mac<br \/>\nLa licencia de Office 2021 Hogar y Empresas es exclusiva para MAC, es 100% original y la tendr\u00e1s de por vida. Ideal para aut\u00f3nomos, peque\u00f1as empresas y particulares. No caduca. Esta licencia se asocia a tu cuenta de Microsoft y la puedes cambiar de Mac siempre que quieras, pero solo podr\u00e1 funcionar en un Mac al mismo tiempo.<\/p>\n<p>Licencia SOLO compatible con Mac<br \/>\nCompatible con las tres versiones m\u00e1s recientes de macOs. Para obtener m\u00e1s informaci\u00f3n: https:\/\/support.apple.com\/en-us\/HT201260<\/p>\n<p>Cuando se produzca el lanzamiento de nuevas versiones de macOS, la versi\u00f3n m\u00e1s antigua dejar\u00e1 de ser compatible y la aplicaci\u00f3n podr\u00e1 utilizarse con la versi\u00f3n m\u00e1s reciente de macOS y las dos inmediatamente anteriores.<\/p>\n<p>Si tiene una versi\u00f3n anterior, verifique el software de Office compatible: https:\/\/office.com\/systemrequirements<br \/>\nOffice 2021 incluye:<br \/>\nExcel<br \/>\nOutlook<br \/>\nPowerPoint<br \/>\nWord<br \/>\nInstalaci\u00f3n y activaci\u00f3n de Office 2021 para Mac<br \/>\nCuando compres la licencia de Office 2021 en nuestra tienda online, junto con la clave del producto te enviaremos a tu correo un PDF con las instrucciones que debes seguir para instalar y activar Office 2021 Hogar y Empresas en tu Mac.<\/p>\n","protected":false},"featured_media":1029,"comment_status":"open","ping_status":"closed","template":"","meta":[],"product_brand":[],"product_cat":[66],"product_tag":[37,35],"class_list":{"0":"post-1028","1":"product","2":"type-product","3":"status-publish","4":"has-post-thumbnail","6":"product_cat-microsoft-office","7":"product_tag-licencia","8":"product_tag-sofware","10":"first","11":"instock","12":"sale","13":"virtual","14":"taxable","15":"purchasable","16":"product-type-simple"},"yoast_head":"<!-- This site is optimized with the Yoast SEO plugin v27.5 - https:\/\/yoast.com\/product\/yoast-seo-wordpress\/ -->\n<title>Licencia Office 2021 Hogar y Empresas para MAC - Software F\u00e1cil<\/title>\n<meta name=\"robots\" content=\"noindex, follow, max-snippet:-1, max-image-preview:large, max-video-preview:-1\" \/>\n<meta property=\"og:locale\" content=\"es_ES\" \/>\n<meta property=\"og:type\" content=\"article\" \/>\n<meta property=\"og:title\" content=\"Licencia Office 2021 Hogar y Empresas para MAC - Software F\u00e1cil\" \/>\n<meta property=\"og:description\" content=\"Comprar licencia Office 2021 Hogar y Empresas para Mac La licencia de Office 2021 Hogar y Empresas es exclusiva para MAC, es 100% original y la tendr\u00e1s de por vida. Ideal para aut\u00f3nomos, peque\u00f1as empresas y particulares. No caduca. Esta licencia se asocia a tu cuenta de Microsoft y la puedes cambiar de Mac siempre que quieras, pero solo podr\u00e1 funcionar en un Mac al mismo tiempo.  Licencia SOLO compatible con Mac Compatible con las tres versiones m\u00e1s recientes de macOs. Para obtener m\u00e1s informaci\u00f3n: https:\/\/support.apple.com\/en-us\/HT201260  Cuando se produzca el lanzamiento de nuevas versiones de macOS, la versi\u00f3n m\u00e1s antigua dejar\u00e1 de ser compatible y la aplicaci\u00f3n podr\u00e1 utilizarse con la versi\u00f3n m\u00e1s reciente de macOS y las dos inmediatamente anteriores.  Si tiene una versi\u00f3n anterior, verifique el software de Office compatible: https:\/\/office.com\/systemrequirements Office 2021 incluye: Excel Outlook PowerPoint Word Instalaci\u00f3n y activaci\u00f3n de Office 2021 para Mac Cuando compres la licencia de Office 2021 en nuestra tienda online, junto con la clave del producto te enviaremos a tu correo un PDF con las instrucciones que debes seguir para instalar y activar Office 2021 Hogar y Empresas en tu Mac.\" \/>\n<meta property=\"og:url\" content=\"https:\/\/sof2.jmstudios.es\/product\/licencia-office-2021-hogar-y-empresas-para-mac\/\" \/>\n<meta property=\"og:site_name\" content=\"Software F\u00e1cil\" \/>\n<meta property=\"article:modified_time\" content=\"2026-02-21T23:59:29+00:00\" \/>\n<meta property=\"og:image\" content=\"https:\/\/sof2.jmstudios.es\/wp-content\/uploads\/2025\/10\/office-2021-hogar-y-empresas-MAC-600x600-1.webp\" \/>\n\t<meta property=\"og:image:width\" content=\"600\" \/>\n\t<meta property=\"og:image:height\" content=\"600\" \/>\n\t<meta property=\"og:image:type\" content=\"image\/webp\" \/>\n<meta name=\"twitter:card\" content=\"summary_large_image\" \/>\n<meta name=\"twitter:label1\" content=\"Tiempo de lectura\" \/>\n\t<meta name=\"twitter:data1\" content=\"1 minuto\" \/>\n<script type=\"application\/ld+json\" class=\"yoast-schema-graph\">{\"@context\":\"https:\\\/\\\/schema.org\",\"@graph\":[{\"@type\":\"WebPage\",\"@id\":\"https:\\\/\\\/sof2.jmstudios.es\\\/product\\\/licencia-office-2021-hogar-y-empresas-para-mac\\\/\",\"url\":\"https:\\\/\\\/sof2.jmstudios.es\\\/product\\\/licencia-office-2021-hogar-y-empresas-para-mac\\\/\",\"name\":\"Licencia Office 2021 Hogar y Empresas para MAC - Software F\u00e1cil\",\"isPartOf\":{\"@id\":\"https:\\\/\\\/sof2.jmstudios.es\\\/#website\"},\"primaryImageOfPage\":{\"@id\":\"https:\\\/\\\/sof2.jmstudios.es\\\/product\\\/licencia-office-2021-hogar-y-empresas-para-mac\\\/#primaryimage\"},\"image\":{\"@id\":\"https:\\\/\\\/sof2.jmstudios.es\\\/product\\\/licencia-office-2021-hogar-y-empresas-para-mac\\\/#primaryimage\"},\"thumbnailUrl\":\"https:\\\/\\\/sof2.jmstudios.es\\\/wp-content\\\/uploads\\\/2025\\\/10\\\/office-2021-hogar-y-empresas-MAC-600x600-1.webp\",\"datePublished\":\"2025-10-24T16:18:42+00:00\",\"dateModified\":\"2026-02-21T23:59:29+00:00\",\"breadcrumb\":{\"@id\":\"https:\\\/\\\/sof2.jmstudios.es\\\/product\\\/licencia-office-2021-hogar-y-empresas-para-mac\\\/#breadcrumb\"},\"inLanguage\":\"es\",\"potentialAction\":[{\"@type\":\"ReadAction\",\"target\":[\"https:\\\/\\\/sof2.jmstudios.es\\\/product\\\/licencia-office-2021-hogar-y-empresas-para-mac\\\/\"]}]},{\"@type\":\"ImageObject\",\"inLanguage\":\"es\",\"@id\":\"https:\\\/\\\/sof2.jmstudios.es\\\/product\\\/licencia-office-2021-hogar-y-empresas-para-mac\\\/#primaryimage\",\"url\":\"https:\\\/\\\/sof2.jmstudios.es\\\/wp-content\\\/uploads\\\/2025\\\/10\\\/office-2021-hogar-y-empresas-MAC-600x600-1.webp\",\"contentUrl\":\"https:\\\/\\\/sof2.jmstudios.es\\\/wp-content\\\/uploads\\\/2025\\\/10\\\/office-2021-hogar-y-empresas-MAC-600x600-1.webp\",\"width\":600,\"height\":600},{\"@type\":\"BreadcrumbList\",\"@id\":\"https:\\\/\\\/sof2.jmstudios.es\\\/product\\\/licencia-office-2021-hogar-y-empresas-para-mac\\\/#breadcrumb\",\"itemListElement\":[{\"@type\":\"ListItem\",\"position\":1,\"name\":\"Portada\",\"item\":\"https:\\\/\\\/sof2.jmstudios.es\\\/\"},{\"@type\":\"ListItem\",\"position\":2,\"name\":\"Productos\",\"item\":\"https:\\\/\\\/sof2.jmstudios.es\\\/shop\\\/\"},{\"@type\":\"ListItem\",\"position\":3,\"name\":\"Licencia Office 2021 Hogar y Empresas para MAC\"}]},{\"@type\":\"WebSite\",\"@id\":\"https:\\\/\\\/sof2.jmstudios.es\\\/#website\",\"url\":\"https:\\\/\\\/sof2.jmstudios.es\\\/\",\"name\":\"Software F\u00e1cil\",\"description\":\" WooCommerce Template For Toy Store\",\"publisher\":{\"@id\":\"https:\\\/\\\/sof2.jmstudios.es\\\/#organization\"},\"potentialAction\":[{\"@type\":\"SearchAction\",\"target\":{\"@type\":\"EntryPoint\",\"urlTemplate\":\"https:\\\/\\\/sof2.jmstudios.es\\\/?s={search_term_string}\"},\"query-input\":{\"@type\":\"PropertyValueSpecification\",\"valueRequired\":true,\"valueName\":\"search_term_string\"}}],\"inLanguage\":\"es\"},{\"@type\":\"Organization\",\"@id\":\"https:\\\/\\\/sof2.jmstudios.es\\\/#organization\",\"name\":\"Software F\u00e1cil\",\"url\":\"https:\\\/\\\/sof2.jmstudios.es\\\/\",\"logo\":{\"@type\":\"ImageObject\",\"inLanguage\":\"es\",\"@id\":\"https:\\\/\\\/sof2.jmstudios.es\\\/#\\\/schema\\\/logo\\\/image\\\/\",\"url\":\"https:\\\/\\\/sof2.jmstudios.es\\\/wp-content\\\/uploads\\\/2025\\\/10\\\/cropped-software_facil_logo-e1767484425268.png\",\"contentUrl\":\"https:\\\/\\\/sof2.jmstudios.es\\\/wp-content\\\/uploads\\\/2025\\\/10\\\/cropped-software_facil_logo-e1767484425268.png\",\"width\":400,\"height\":114,\"caption\":\"Software F\u00e1cil\"},\"image\":{\"@id\":\"https:\\\/\\\/sof2.jmstudios.es\\\/#\\\/schema\\\/logo\\\/image\\\/\"}}]}<\/script>\n<!-- \/ Yoast SEO plugin. -->","yoast_head_json":{"title":"Licencia Office 2021 Hogar y Empresas para MAC - Software F\u00e1cil","robots":{"index":"noindex","follow":"follow","max-snippet":"max-snippet:-1","max-image-preview":"max-image-preview:large","max-video-preview":"max-video-preview:-1"},"og_locale":"es_ES","og_type":"article","og_title":"Licencia Office 2021 Hogar y Empresas para MAC - Software F\u00e1cil","og_description":"Comprar licencia Office 2021 Hogar y Empresas para Mac La licencia de Office 2021 Hogar y Empresas es exclusiva para MAC, es 100% original y la tendr\u00e1s de por vida. Ideal para aut\u00f3nomos, peque\u00f1as empresas y particulares. No caduca. Esta licencia se asocia a tu cuenta de Microsoft y la puedes cambiar de Mac siempre que quieras, pero solo podr\u00e1 funcionar en un Mac al mismo tiempo.  Licencia SOLO compatible con Mac Compatible con las tres versiones m\u00e1s recientes de macOs. Para obtener m\u00e1s informaci\u00f3n: https:\/\/support.apple.com\/en-us\/HT201260  Cuando se produzca el lanzamiento de nuevas versiones de macOS, la versi\u00f3n m\u00e1s antigua dejar\u00e1 de ser compatible y la aplicaci\u00f3n podr\u00e1 utilizarse con la versi\u00f3n m\u00e1s reciente de macOS y las dos inmediatamente anteriores.  Si tiene una versi\u00f3n anterior, verifique el software de Office compatible: https:\/\/office.com\/systemrequirements Office 2021 incluye: Excel Outlook PowerPoint Word Instalaci\u00f3n y activaci\u00f3n de Office 2021 para Mac Cuando compres la licencia de Office 2021 en nuestra tienda online, junto con la clave del producto te enviaremos a tu correo un PDF con las instrucciones que debes seguir para instalar y activar Office 2021 Hogar y Empresas en tu Mac.","og_url":"https:\/\/sof2.jmstudios.es\/product\/licencia-office-2021-hogar-y-empresas-para-mac\/","og_site_name":"Software F\u00e1cil","article_modified_time":"2026-02-21T23:59:29+00:00","og_image":[{"width":600,"height":600,"url":"https:\/\/sof2.jmstudios.es\/wp-content\/uploads\/2025\/10\/office-2021-hogar-y-empresas-MAC-600x600-1.webp","type":"image\/webp"}],"twitter_card":"summary_large_image","twitter_misc":{"Tiempo de lectura":"1 minuto"},"schema":{"@context":"https:\/\/schema.org","@graph":[{"@type":"WebPage","@id":"https:\/\/sof2.jmstudios.es\/product\/licencia-office-2021-hogar-y-empresas-para-mac\/","url":"https:\/\/sof2.jmstudios.es\/product\/licencia-office-2021-hogar-y-empresas-para-mac\/","name":"Licencia Office 2021 Hogar y Empresas para MAC - Software F\u00e1cil","isPartOf":{"@id":"https:\/\/sof2.jmstudios.es\/#website"},"primaryImageOfPage":{"@id":"https:\/\/sof2.jmstudios.es\/product\/licencia-office-2021-hogar-y-empresas-para-mac\/#primaryimage"},"image":{"@id":"https:\/\/sof2.jmstudios.es\/product\/licencia-office-2021-hogar-y-empresas-para-mac\/#primaryimage"},"thumbnailUrl":"https:\/\/sof2.jmstudios.es\/wp-content\/uploads\/2025\/10\/office-2021-hogar-y-empresas-MAC-600x600-1.webp","datePublished":"2025-10-24T16:18:42+00:00","dateModified":"2026-02-21T23:59:29+00:00","breadcrumb":{"@id":"https:\/\/sof2.jmstudios.es\/product\/licencia-office-2021-hogar-y-empresas-para-mac\/#breadcrumb"},"inLanguage":"es","potentialAction":[{"@type":"ReadAction","target":["https:\/\/sof2.jmstudios.es\/product\/licencia-office-2021-hogar-y-empresas-para-mac\/"]}]},{"@type":"ImageObject","inLanguage":"es","@id":"https:\/\/sof2.jmstudios.es\/product\/licencia-office-2021-hogar-y-empresas-para-mac\/#primaryimage","url":"https:\/\/sof2.jmstudios.es\/wp-content\/uploads\/2025\/10\/office-2021-hogar-y-empresas-MAC-600x600-1.webp","contentUrl":"https:\/\/sof2.jmstudios.es\/wp-content\/uploads\/2025\/10\/office-2021-hogar-y-empresas-MAC-600x600-1.webp","width":600,"height":600},{"@type":"BreadcrumbList","@id":"https:\/\/sof2.jmstudios.es\/product\/licencia-office-2021-hogar-y-empresas-para-mac\/#breadcrumb","itemListElement":[{"@type":"ListItem","position":1,"name":"Portada","item":"https:\/\/sof2.jmstudios.es\/"},{"@type":"ListItem","position":2,"name":"Productos","item":"https:\/\/sof2.jmstudios.es\/shop\/"},{"@type":"ListItem","position":3,"name":"Licencia Office 2021 Hogar y Empresas para MAC"}]},{"@type":"WebSite","@id":"https:\/\/sof2.jmstudios.es\/#website","url":"https:\/\/sof2.jmstudios.es\/","name":"Software F\u00e1cil","description":" WooCommerce Template For Toy Store","publisher":{"@id":"https:\/\/sof2.jmstudios.es\/#organization"},"potentialAction":[{"@type":"SearchAction","target":{"@type":"EntryPoint","urlTemplate":"https:\/\/sof2.jmstudios.es\/?s={search_term_string}"},"query-input":{"@type":"PropertyValueSpecification","valueRequired":true,"valueName":"search_term_string"}}],"inLanguage":"es"},{"@type":"Organization","@id":"https:\/\/sof2.jmstudios.es\/#organization","name":"Software F\u00e1cil","url":"https:\/\/sof2.jmstudios.es\/","logo":{"@type":"ImageObject","inLanguage":"es","@id":"https:\/\/sof2.jmstudios.es\/#\/schema\/logo\/image\/","url":"https:\/\/sof2.jmstudios.es\/wp-content\/uploads\/2025\/10\/cropped-software_facil_logo-e1767484425268.png","contentUrl":"https:\/\/sof2.jmstudios.es\/wp-content\/uploads\/2025\/10\/cropped-software_facil_logo-e1767484425268.png","width":400,"height":114,"caption":"Software F\u00e1cil"},"image":{"@id":"https:\/\/sof2.jmstudios.es\/#\/schema\/logo\/image\/"}}]}},"_links":{"self":[{"href":"https:\/\/sof2.jmstudios.es\/index.php?rest_route=\/wp\/v2\/product\/1028","targetHints":{"allow":["GET"]}}],"collection":[{"href":"https:\/\/sof2.jmstudios.es\/index.php?rest_route=\/wp\/v2\/product"}],"about":[{"href":"https:\/\/sof2.jmstudios.es\/index.php?rest_route=\/wp\/v2\/types\/product"}],"replies":[{"embeddable":true,"href":"https:\/\/sof2.jmstudios.es\/index.php?rest_route=%2Fwp%2Fv2%2Fcomments&post=1028"}],"wp:featuredmedia":[{"embeddable":true,"href":"https:\/\/sof2.jmstudios.es\/index.php?rest_route=\/wp\/v2\/media\/1029"}],"wp:attachment":[{"href":"https:\/\/sof2.jmstudios.es\/index.php?rest_route=%2Fwp%2Fv2%2Fmedia&parent=1028"}],"wp:term":[{"taxonomy":"product_brand","embeddable":true,"href":"https:\/\/sof2.jmstudios.es\/index.php?rest_route=%2Fwp%2Fv2%2Fproduct_brand&post=1028"},{"taxonomy":"product_cat","embeddable":true,"href":"https:\/\/sof2.jmstudios.es\/index.php?rest_route=%2Fwp%2Fv2%2Fproduct_cat&post=1028"},{"taxonomy":"product_tag","embeddable":true,"href":"https:\/\/sof2.jmstudios.es\/index.php?rest_route=%2Fwp%2Fv2%2Fproduct_tag&post=1028"}],"curies":[{"name":"wp","href":"https:\/\/api.w.org\/{rel}","templated":true}]}}