{"id":1012,"date":"2025-10-23T21:54:19","date_gmt":"2025-10-23T19:54:19","guid":{"rendered":"https:\/\/sof2.jmstudios.es\/?post_type=product&#038;p=1012"},"modified":"2026-02-22T01:16:00","modified_gmt":"2026-02-22T00:16:00","slug":"licencia-windows-11-pro-workstations","status":"publish","type":"product","link":"https:\/\/sof2.jmstudios.es\/?product=licencia-windows-11-pro-workstations","title":{"rendered":"Licencia Windows 11 Pro Workstations"},"content":{"rendered":"<p>Potencia para los Desaf\u00edos m\u00e1s Exigentes<br \/>\nOptimizado para hardware avanzado, este sistema operativo aprovecha al m\u00e1ximo procesadores multin\u00facleo, almacenamiento de \u00faltima generaci\u00f3n y configuraciones de memoria de alto rendimiento. Ideal para tareas como modelado 3D, edici\u00f3n de video, an\u00e1lisis de datos y simulaciones complejas.<\/p>\n<p>Flexibilidad a Tu Ritmo<br \/>\nLa licencia es completamente transferible: \u00fasala en diferentes equipos seg\u00fan lo necesites (uno a la vez). Perfecta si cambias de dispositivo con frecuencia o trabajas en m\u00faltiples entornos.<br \/>\nInnovaci\u00f3n en Hardware y Almacenamiento<br \/>\nDisfruta de funciones avanzadas como ReFS (Resilient File System) para almacenamiento seguro, soporte para memoria persistente y compatibilidad total con configuraciones RAID. Este sistema operativo no solo es robusto, sino que est\u00e1 listo para los desaf\u00edos tecnol\u00f3gicos del futuro.<br \/>\nSeguridad de Nivel Empresarial<br \/>\nProtege tu informaci\u00f3n con caracter\u00edsticas como BitLocker y Windows Defender Credential Guard. Perfecto para empresas y profesionales que necesitan garantizar la seguridad de datos sensibles.<br \/>\nProductividad Mejorada con una Interfaz Moderna<br \/>\nAumenta tu productividad con herramientas como Snap Layouts, Escritorios Virtuales y la integraci\u00f3n directa con Microsoft Teams. Adem\u00e1s, su dise\u00f1o limpio y moderno transforma la experiencia de usuario en algo intuitivo y agradable<\/p>\n<p>Si buscas la mejor combinaci\u00f3n de potencia, flexibilidad y seguridad, Windows 11 Pro Workstations es la opci\u00f3n ideal.<\/p>\n","protected":false},"excerpt":{"rendered":"<p>Licencia Windows 11 Pro Workstations<\/p>\n<p>Licencia Windows 11 Pro para Estaciones de Trabajo (Workstations).<br \/>\nV\u00e1lida para cambiarla de PC cada vez que quieras. S\u00f3lo se puede usar en un PC a la vez.<br \/>\nLa entrega no es inmediata. Se realiza en menos de 24 horas.<br \/>\nLa licencia se env\u00eda de manera digital al correo electr\u00f3nico.<br \/>\nWindows 11 Pro for Workstation est\u00e1 dise\u00f1ado para estaciones de trabajo de alto rendimiento.<br \/>\nsoporte gratuito.<\/p>\n","protected":false},"featured_media":1010,"comment_status":"open","ping_status":"closed","template":"","meta":[],"product_brand":[],"product_cat":[34],"product_tag":[37,35],"class_list":{"0":"post-1012","1":"product","2":"type-product","3":"status-publish","4":"has-post-thumbnail","6":"product_cat-windows","7":"product_tag-licencia","8":"product_tag-sofware","10":"first","11":"instock","12":"virtual","13":"taxable","14":"purchasable","15":"product-type-simple"},"yoast_head":"<!-- This site is optimized with the Yoast SEO plugin v27.5 - https:\/\/yoast.com\/product\/yoast-seo-wordpress\/ -->\n<title>Licencia Windows 11 Pro Workstations - Software F\u00e1cil<\/title>\n<meta name=\"robots\" content=\"noindex, follow, max-snippet:-1, max-image-preview:large, max-video-preview:-1\" \/>\n<meta property=\"og:locale\" content=\"es_ES\" \/>\n<meta property=\"og:type\" content=\"article\" \/>\n<meta property=\"og:title\" content=\"Licencia Windows 11 Pro Workstations - Software F\u00e1cil\" \/>\n<meta property=\"og:description\" content=\"Licencia Windows 11 Pro Workstations  Licencia Windows 11 Pro para Estaciones de Trabajo (Workstations). V\u00e1lida para cambiarla de PC cada vez que quieras. S\u00f3lo se puede usar en un PC a la vez. La entrega no es inmediata. Se realiza en menos de 24 horas. La licencia se env\u00eda de manera digital al correo electr\u00f3nico. Windows 11 Pro for Workstation est\u00e1 dise\u00f1ado para estaciones de trabajo de alto rendimiento. soporte gratuito.\" \/>\n<meta property=\"og:url\" content=\"https:\/\/sof2.jmstudios.es\/product\/licencia-windows-11-pro-workstations\/\" \/>\n<meta property=\"og:site_name\" content=\"Software F\u00e1cil\" \/>\n<meta property=\"article:modified_time\" content=\"2026-02-22T00:16:00+00:00\" \/>\n<meta property=\"og:image\" content=\"https:\/\/sof2.jmstudios.es\/wp-content\/uploads\/2025\/10\/windows-11-pro-workstation.jpg\" \/>\n\t<meta property=\"og:image:width\" content=\"800\" \/>\n\t<meta property=\"og:image:height\" content=\"800\" \/>\n\t<meta property=\"og:image:type\" content=\"image\/jpeg\" \/>\n<meta name=\"twitter:card\" content=\"summary_large_image\" \/>\n<meta name=\"twitter:label1\" content=\"Tiempo de lectura\" \/>\n\t<meta name=\"twitter:data1\" content=\"2 minutos\" \/>\n<script type=\"application\/ld+json\" class=\"yoast-schema-graph\">{\"@context\":\"https:\\\/\\\/schema.org\",\"@graph\":[{\"@type\":\"WebPage\",\"@id\":\"https:\\\/\\\/sof2.jmstudios.es\\\/product\\\/licencia-windows-11-pro-workstations\\\/\",\"url\":\"https:\\\/\\\/sof2.jmstudios.es\\\/product\\\/licencia-windows-11-pro-workstations\\\/\",\"name\":\"Licencia Windows 11 Pro Workstations - Software F\u00e1cil\",\"isPartOf\":{\"@id\":\"https:\\\/\\\/sof2.jmstudios.es\\\/#website\"},\"primaryImageOfPage\":{\"@id\":\"https:\\\/\\\/sof2.jmstudios.es\\\/product\\\/licencia-windows-11-pro-workstations\\\/#primaryimage\"},\"image\":{\"@id\":\"https:\\\/\\\/sof2.jmstudios.es\\\/product\\\/licencia-windows-11-pro-workstations\\\/#primaryimage\"},\"thumbnailUrl\":\"https:\\\/\\\/sof2.jmstudios.es\\\/wp-content\\\/uploads\\\/2025\\\/10\\\/windows-11-pro-workstation.jpg\",\"datePublished\":\"2025-10-23T19:54:19+00:00\",\"dateModified\":\"2026-02-22T00:16:00+00:00\",\"breadcrumb\":{\"@id\":\"https:\\\/\\\/sof2.jmstudios.es\\\/product\\\/licencia-windows-11-pro-workstations\\\/#breadcrumb\"},\"inLanguage\":\"es\",\"potentialAction\":[{\"@type\":\"ReadAction\",\"target\":[\"https:\\\/\\\/sof2.jmstudios.es\\\/product\\\/licencia-windows-11-pro-workstations\\\/\"]}]},{\"@type\":\"ImageObject\",\"inLanguage\":\"es\",\"@id\":\"https:\\\/\\\/sof2.jmstudios.es\\\/product\\\/licencia-windows-11-pro-workstations\\\/#primaryimage\",\"url\":\"https:\\\/\\\/sof2.jmstudios.es\\\/wp-content\\\/uploads\\\/2025\\\/10\\\/windows-11-pro-workstation.jpg\",\"contentUrl\":\"https:\\\/\\\/sof2.jmstudios.es\\\/wp-content\\\/uploads\\\/2025\\\/10\\\/windows-11-pro-workstation.jpg\",\"width\":800,\"height\":800},{\"@type\":\"BreadcrumbList\",\"@id\":\"https:\\\/\\\/sof2.jmstudios.es\\\/product\\\/licencia-windows-11-pro-workstations\\\/#breadcrumb\",\"itemListElement\":[{\"@type\":\"ListItem\",\"position\":1,\"name\":\"Portada\",\"item\":\"https:\\\/\\\/sof2.jmstudios.es\\\/\"},{\"@type\":\"ListItem\",\"position\":2,\"name\":\"Productos\",\"item\":\"https:\\\/\\\/sof2.jmstudios.es\\\/shop\\\/\"},{\"@type\":\"ListItem\",\"position\":3,\"name\":\"Licencia Windows 11 Pro Workstations\"}]},{\"@type\":\"WebSite\",\"@id\":\"https:\\\/\\\/sof2.jmstudios.es\\\/#website\",\"url\":\"https:\\\/\\\/sof2.jmstudios.es\\\/\",\"name\":\"Software F\u00e1cil\",\"description\":\" WooCommerce Template For Toy Store\",\"publisher\":{\"@id\":\"https:\\\/\\\/sof2.jmstudios.es\\\/#organization\"},\"potentialAction\":[{\"@type\":\"SearchAction\",\"target\":{\"@type\":\"EntryPoint\",\"urlTemplate\":\"https:\\\/\\\/sof2.jmstudios.es\\\/?s={search_term_string}\"},\"query-input\":{\"@type\":\"PropertyValueSpecification\",\"valueRequired\":true,\"valueName\":\"search_term_string\"}}],\"inLanguage\":\"es\"},{\"@type\":\"Organization\",\"@id\":\"https:\\\/\\\/sof2.jmstudios.es\\\/#organization\",\"name\":\"Software F\u00e1cil\",\"url\":\"https:\\\/\\\/sof2.jmstudios.es\\\/\",\"logo\":{\"@type\":\"ImageObject\",\"inLanguage\":\"es\",\"@id\":\"https:\\\/\\\/sof2.jmstudios.es\\\/#\\\/schema\\\/logo\\\/image\\\/\",\"url\":\"https:\\\/\\\/sof2.jmstudios.es\\\/wp-content\\\/uploads\\\/2025\\\/10\\\/cropped-software_facil_logo-e1767484425268.png\",\"contentUrl\":\"https:\\\/\\\/sof2.jmstudios.es\\\/wp-content\\\/uploads\\\/2025\\\/10\\\/cropped-software_facil_logo-e1767484425268.png\",\"width\":400,\"height\":114,\"caption\":\"Software F\u00e1cil\"},\"image\":{\"@id\":\"https:\\\/\\\/sof2.jmstudios.es\\\/#\\\/schema\\\/logo\\\/image\\\/\"}}]}<\/script>\n<!-- \/ Yoast SEO plugin. -->","yoast_head_json":{"title":"Licencia Windows 11 Pro Workstations - Software F\u00e1cil","robots":{"index":"noindex","follow":"follow","max-snippet":"max-snippet:-1","max-image-preview":"max-image-preview:large","max-video-preview":"max-video-preview:-1"},"og_locale":"es_ES","og_type":"article","og_title":"Licencia Windows 11 Pro Workstations - Software F\u00e1cil","og_description":"Licencia Windows 11 Pro Workstations  Licencia Windows 11 Pro para Estaciones de Trabajo (Workstations). V\u00e1lida para cambiarla de PC cada vez que quieras. S\u00f3lo se puede usar en un PC a la vez. La entrega no es inmediata. Se realiza en menos de 24 horas. La licencia se env\u00eda de manera digital al correo electr\u00f3nico. Windows 11 Pro for Workstation est\u00e1 dise\u00f1ado para estaciones de trabajo de alto rendimiento. soporte gratuito.","og_url":"https:\/\/sof2.jmstudios.es\/product\/licencia-windows-11-pro-workstations\/","og_site_name":"Software F\u00e1cil","article_modified_time":"2026-02-22T00:16:00+00:00","og_image":[{"width":800,"height":800,"url":"https:\/\/sof2.jmstudios.es\/wp-content\/uploads\/2025\/10\/windows-11-pro-workstation.jpg","type":"image\/jpeg"}],"twitter_card":"summary_large_image","twitter_misc":{"Tiempo de lectura":"2 minutos"},"schema":{"@context":"https:\/\/schema.org","@graph":[{"@type":"WebPage","@id":"https:\/\/sof2.jmstudios.es\/product\/licencia-windows-11-pro-workstations\/","url":"https:\/\/sof2.jmstudios.es\/product\/licencia-windows-11-pro-workstations\/","name":"Licencia Windows 11 Pro Workstations - Software F\u00e1cil","isPartOf":{"@id":"https:\/\/sof2.jmstudios.es\/#website"},"primaryImageOfPage":{"@id":"https:\/\/sof2.jmstudios.es\/product\/licencia-windows-11-pro-workstations\/#primaryimage"},"image":{"@id":"https:\/\/sof2.jmstudios.es\/product\/licencia-windows-11-pro-workstations\/#primaryimage"},"thumbnailUrl":"https:\/\/sof2.jmstudios.es\/wp-content\/uploads\/2025\/10\/windows-11-pro-workstation.jpg","datePublished":"2025-10-23T19:54:19+00:00","dateModified":"2026-02-22T00:16:00+00:00","breadcrumb":{"@id":"https:\/\/sof2.jmstudios.es\/product\/licencia-windows-11-pro-workstations\/#breadcrumb"},"inLanguage":"es","potentialAction":[{"@type":"ReadAction","target":["https:\/\/sof2.jmstudios.es\/product\/licencia-windows-11-pro-workstations\/"]}]},{"@type":"ImageObject","inLanguage":"es","@id":"https:\/\/sof2.jmstudios.es\/product\/licencia-windows-11-pro-workstations\/#primaryimage","url":"https:\/\/sof2.jmstudios.es\/wp-content\/uploads\/2025\/10\/windows-11-pro-workstation.jpg","contentUrl":"https:\/\/sof2.jmstudios.es\/wp-content\/uploads\/2025\/10\/windows-11-pro-workstation.jpg","width":800,"height":800},{"@type":"BreadcrumbList","@id":"https:\/\/sof2.jmstudios.es\/product\/licencia-windows-11-pro-workstations\/#breadcrumb","itemListElement":[{"@type":"ListItem","position":1,"name":"Portada","item":"https:\/\/sof2.jmstudios.es\/"},{"@type":"ListItem","position":2,"name":"Productos","item":"https:\/\/sof2.jmstudios.es\/shop\/"},{"@type":"ListItem","position":3,"name":"Licencia Windows 11 Pro Workstations"}]},{"@type":"WebSite","@id":"https:\/\/sof2.jmstudios.es\/#website","url":"https:\/\/sof2.jmstudios.es\/","name":"Software F\u00e1cil","description":" WooCommerce Template For Toy Store","publisher":{"@id":"https:\/\/sof2.jmstudios.es\/#organization"},"potentialAction":[{"@type":"SearchAction","target":{"@type":"EntryPoint","urlTemplate":"https:\/\/sof2.jmstudios.es\/?s={search_term_string}"},"query-input":{"@type":"PropertyValueSpecification","valueRequired":true,"valueName":"search_term_string"}}],"inLanguage":"es"},{"@type":"Organization","@id":"https:\/\/sof2.jmstudios.es\/#organization","name":"Software F\u00e1cil","url":"https:\/\/sof2.jmstudios.es\/","logo":{"@type":"ImageObject","inLanguage":"es","@id":"https:\/\/sof2.jmstudios.es\/#\/schema\/logo\/image\/","url":"https:\/\/sof2.jmstudios.es\/wp-content\/uploads\/2025\/10\/cropped-software_facil_logo-e1767484425268.png","contentUrl":"https:\/\/sof2.jmstudios.es\/wp-content\/uploads\/2025\/10\/cropped-software_facil_logo-e1767484425268.png","width":400,"height":114,"caption":"Software F\u00e1cil"},"image":{"@id":"https:\/\/sof2.jmstudios.es\/#\/schema\/logo\/image\/"}}]}},"_links":{"self":[{"href":"https:\/\/sof2.jmstudios.es\/index.php?rest_route=\/wp\/v2\/product\/1012","targetHints":{"allow":["GET"]}}],"collection":[{"href":"https:\/\/sof2.jmstudios.es\/index.php?rest_route=\/wp\/v2\/product"}],"about":[{"href":"https:\/\/sof2.jmstudios.es\/index.php?rest_route=\/wp\/v2\/types\/product"}],"replies":[{"embeddable":true,"href":"https:\/\/sof2.jmstudios.es\/index.php?rest_route=%2Fwp%2Fv2%2Fcomments&post=1012"}],"wp:featuredmedia":[{"embeddable":true,"href":"https:\/\/sof2.jmstudios.es\/index.php?rest_route=\/wp\/v2\/media\/1010"}],"wp:attachment":[{"href":"https:\/\/sof2.jmstudios.es\/index.php?rest_route=%2Fwp%2Fv2%2Fmedia&parent=1012"}],"wp:term":[{"taxonomy":"product_brand","embeddable":true,"href":"https:\/\/sof2.jmstudios.es\/index.php?rest_route=%2Fwp%2Fv2%2Fproduct_brand&post=1012"},{"taxonomy":"product_cat","embeddable":true,"href":"https:\/\/sof2.jmstudios.es\/index.php?rest_route=%2Fwp%2Fv2%2Fproduct_cat&post=1012"},{"taxonomy":"product_tag","embeddable":true,"href":"https:\/\/sof2.jmstudios.es\/index.php?rest_route=%2Fwp%2Fv2%2Fproduct_tag&post=1012"}],"curies":[{"name":"wp","href":"https:\/\/api.w.org\/{rel}","templated":true}]}}