{"id":1008,"date":"2025-10-23T21:39:31","date_gmt":"2025-10-23T19:39:31","guid":{"rendered":"https:\/\/sof2.jmstudios.es\/?post_type=product&#038;p=1008"},"modified":"2026-02-22T01:19:08","modified_gmt":"2026-02-22T00:19:08","slug":"licencia-windows-11-workstations","status":"publish","type":"product","link":"https:\/\/sof2.jmstudios.es\/?product=licencia-windows-11-workstations","title":{"rendered":"Licencia Microsoft Office 2024 Standard LTSC"},"content":{"rendered":"<p>Licencia Microsoft Office 2024 Standard LTSC<\/p>\n<p>ten en cuenta que esta licencia no se asocia a tu cuenta de Microsoft para su activaci\u00f3n ni se descarga desde setup.office.com, por lo que es posible que si formateas tu equipo perder\u00e1s la licencias y tendr\u00e1s que adquirir una nueva. Microsoft ha implementado este sistema de distribuci\u00f3n independiente, ideal para entornos donde se prefiera una instalaci\u00f3n offline.<\/p>\n<p>Compatibilidad asegurada: Totalmente compatible con Windows 10 y Windows 11 para un rendimiento \u00f3ptimo.<br \/>\nActualizaciones garantizadas: Recibe mejoras de seguridad y funcionalidades constantemente.<br \/>\nColaboraci\u00f3n eficiente: Comparte y edita documentos en equipo con sincronizaci\u00f3n en la nube.<br \/>\nAplicaciones incluidas en Office 2024 Standard<br \/>\nCon esta suite tendr\u00e1s acceso a las herramientas clave para cualquier entorno de trabajo:<\/p>\n<p>Word 2024: Potente procesador de textos con opciones avanzadas de edici\u00f3n.<br \/>\nExcel 2024: Funcionalidades ampliadas para el an\u00e1lisis de datos y creaci\u00f3n de hojas de c\u00e1lculo.<br \/>\nPowerPoint 2024: Dise\u00f1o de presentaciones atractivas con nuevas herramientas visuales.<br \/>\nOutlook 2024: Gesti\u00f3n eficiente de correos electr\u00f3nicos, agenda y tareas.<\/p>\n","protected":false},"excerpt":{"rendered":"<p>Disfruta de Office 2024 Standard para siempre!<\/p>\n<p>Licencia vitalicia para un \u00fanico dispositivo. No caduca<br \/>\nIncluye clave de activaci\u00f3n y archivo de instalaci\u00f3n para descarga inmediata.<br \/>\nCompatible exclusivamente con Windows 10, Windows 11 y Windows Server 2019\/2021\/2025.<br \/>\nIdeal para particulares y empresas.<br \/>\nsoporte gratuito para cualquier consulta.<\/p>\n","protected":false},"featured_media":1011,"comment_status":"open","ping_status":"closed","template":"","meta":[],"product_brand":[],"product_cat":[66],"product_tag":[37,35],"class_list":{"0":"post-1008","1":"product","2":"type-product","3":"status-publish","4":"has-post-thumbnail","6":"product_cat-microsoft-office","7":"product_tag-licencia","8":"product_tag-sofware","10":"first","11":"instock","12":"sale","13":"virtual","14":"taxable","15":"purchasable","16":"product-type-simple"},"yoast_head":"<!-- This site is optimized with the Yoast SEO plugin v27.5 - https:\/\/yoast.com\/product\/yoast-seo-wordpress\/ -->\n<title>Licencia Microsoft Office 2024 Standard LTSC - Software F\u00e1cil<\/title>\n<meta name=\"robots\" content=\"noindex, follow, max-snippet:-1, max-image-preview:large, max-video-preview:-1\" \/>\n<meta property=\"og:locale\" content=\"es_ES\" \/>\n<meta property=\"og:type\" content=\"article\" \/>\n<meta property=\"og:title\" content=\"Licencia Microsoft Office 2024 Standard LTSC - Software F\u00e1cil\" \/>\n<meta property=\"og:description\" content=\"Disfruta de Office 2024 Standard para siempre!  Licencia vitalicia para un \u00fanico dispositivo. No caduca Incluye clave de activaci\u00f3n y archivo de instalaci\u00f3n para descarga inmediata. Compatible exclusivamente con Windows 10, Windows 11 y Windows Server 2019\/2021\/2025. Ideal para particulares y empresas. soporte gratuito para cualquier consulta.\" \/>\n<meta property=\"og:url\" content=\"https:\/\/sof2.jmstudios.es\/product\/licencia-windows-11-workstations\/\" \/>\n<meta property=\"og:site_name\" content=\"Software F\u00e1cil\" \/>\n<meta property=\"article:modified_time\" content=\"2026-02-22T00:19:08+00:00\" \/>\n<meta property=\"og:image\" content=\"https:\/\/sof2.jmstudios.es\/wp-content\/uploads\/2025\/10\/licencia-office-2024-standard.webp\" \/>\n\t<meta property=\"og:image:width\" content=\"800\" \/>\n\t<meta property=\"og:image:height\" content=\"800\" \/>\n\t<meta property=\"og:image:type\" content=\"image\/webp\" \/>\n<meta name=\"twitter:card\" content=\"summary_large_image\" \/>\n<meta name=\"twitter:label1\" content=\"Tiempo de lectura\" \/>\n\t<meta name=\"twitter:data1\" content=\"1 minuto\" \/>\n<script type=\"application\/ld+json\" class=\"yoast-schema-graph\">{\"@context\":\"https:\\\/\\\/schema.org\",\"@graph\":[{\"@type\":\"WebPage\",\"@id\":\"https:\\\/\\\/sof2.jmstudios.es\\\/product\\\/licencia-windows-11-workstations\\\/\",\"url\":\"https:\\\/\\\/sof2.jmstudios.es\\\/product\\\/licencia-windows-11-workstations\\\/\",\"name\":\"Licencia Microsoft Office 2024 Standard LTSC - Software F\u00e1cil\",\"isPartOf\":{\"@id\":\"https:\\\/\\\/sof2.jmstudios.es\\\/#website\"},\"primaryImageOfPage\":{\"@id\":\"https:\\\/\\\/sof2.jmstudios.es\\\/product\\\/licencia-windows-11-workstations\\\/#primaryimage\"},\"image\":{\"@id\":\"https:\\\/\\\/sof2.jmstudios.es\\\/product\\\/licencia-windows-11-workstations\\\/#primaryimage\"},\"thumbnailUrl\":\"https:\\\/\\\/sof2.jmstudios.es\\\/wp-content\\\/uploads\\\/2025\\\/10\\\/licencia-office-2024-standard.webp\",\"datePublished\":\"2025-10-23T19:39:31+00:00\",\"dateModified\":\"2026-02-22T00:19:08+00:00\",\"breadcrumb\":{\"@id\":\"https:\\\/\\\/sof2.jmstudios.es\\\/product\\\/licencia-windows-11-workstations\\\/#breadcrumb\"},\"inLanguage\":\"es\",\"potentialAction\":[{\"@type\":\"ReadAction\",\"target\":[\"https:\\\/\\\/sof2.jmstudios.es\\\/product\\\/licencia-windows-11-workstations\\\/\"]}]},{\"@type\":\"ImageObject\",\"inLanguage\":\"es\",\"@id\":\"https:\\\/\\\/sof2.jmstudios.es\\\/product\\\/licencia-windows-11-workstations\\\/#primaryimage\",\"url\":\"https:\\\/\\\/sof2.jmstudios.es\\\/wp-content\\\/uploads\\\/2025\\\/10\\\/licencia-office-2024-standard.webp\",\"contentUrl\":\"https:\\\/\\\/sof2.jmstudios.es\\\/wp-content\\\/uploads\\\/2025\\\/10\\\/licencia-office-2024-standard.webp\",\"width\":800,\"height\":800},{\"@type\":\"BreadcrumbList\",\"@id\":\"https:\\\/\\\/sof2.jmstudios.es\\\/product\\\/licencia-windows-11-workstations\\\/#breadcrumb\",\"itemListElement\":[{\"@type\":\"ListItem\",\"position\":1,\"name\":\"Portada\",\"item\":\"https:\\\/\\\/sof2.jmstudios.es\\\/\"},{\"@type\":\"ListItem\",\"position\":2,\"name\":\"Productos\",\"item\":\"https:\\\/\\\/sof2.jmstudios.es\\\/shop\\\/\"},{\"@type\":\"ListItem\",\"position\":3,\"name\":\"Licencia Microsoft Office 2024 Standard LTSC\"}]},{\"@type\":\"WebSite\",\"@id\":\"https:\\\/\\\/sof2.jmstudios.es\\\/#website\",\"url\":\"https:\\\/\\\/sof2.jmstudios.es\\\/\",\"name\":\"Software F\u00e1cil\",\"description\":\" WooCommerce Template For Toy Store\",\"publisher\":{\"@id\":\"https:\\\/\\\/sof2.jmstudios.es\\\/#organization\"},\"potentialAction\":[{\"@type\":\"SearchAction\",\"target\":{\"@type\":\"EntryPoint\",\"urlTemplate\":\"https:\\\/\\\/sof2.jmstudios.es\\\/?s={search_term_string}\"},\"query-input\":{\"@type\":\"PropertyValueSpecification\",\"valueRequired\":true,\"valueName\":\"search_term_string\"}}],\"inLanguage\":\"es\"},{\"@type\":\"Organization\",\"@id\":\"https:\\\/\\\/sof2.jmstudios.es\\\/#organization\",\"name\":\"Software F\u00e1cil\",\"url\":\"https:\\\/\\\/sof2.jmstudios.es\\\/\",\"logo\":{\"@type\":\"ImageObject\",\"inLanguage\":\"es\",\"@id\":\"https:\\\/\\\/sof2.jmstudios.es\\\/#\\\/schema\\\/logo\\\/image\\\/\",\"url\":\"https:\\\/\\\/sof2.jmstudios.es\\\/wp-content\\\/uploads\\\/2025\\\/10\\\/cropped-software_facil_logo-e1767484425268.png\",\"contentUrl\":\"https:\\\/\\\/sof2.jmstudios.es\\\/wp-content\\\/uploads\\\/2025\\\/10\\\/cropped-software_facil_logo-e1767484425268.png\",\"width\":400,\"height\":114,\"caption\":\"Software F\u00e1cil\"},\"image\":{\"@id\":\"https:\\\/\\\/sof2.jmstudios.es\\\/#\\\/schema\\\/logo\\\/image\\\/\"}}]}<\/script>\n<!-- \/ Yoast SEO plugin. -->","yoast_head_json":{"title":"Licencia Microsoft Office 2024 Standard LTSC - Software F\u00e1cil","robots":{"index":"noindex","follow":"follow","max-snippet":"max-snippet:-1","max-image-preview":"max-image-preview:large","max-video-preview":"max-video-preview:-1"},"og_locale":"es_ES","og_type":"article","og_title":"Licencia Microsoft Office 2024 Standard LTSC - Software F\u00e1cil","og_description":"Disfruta de Office 2024 Standard para siempre!  Licencia vitalicia para un \u00fanico dispositivo. No caduca Incluye clave de activaci\u00f3n y archivo de instalaci\u00f3n para descarga inmediata. Compatible exclusivamente con Windows 10, Windows 11 y Windows Server 2019\/2021\/2025. Ideal para particulares y empresas. soporte gratuito para cualquier consulta.","og_url":"https:\/\/sof2.jmstudios.es\/product\/licencia-windows-11-workstations\/","og_site_name":"Software F\u00e1cil","article_modified_time":"2026-02-22T00:19:08+00:00","og_image":[{"width":800,"height":800,"url":"https:\/\/sof2.jmstudios.es\/wp-content\/uploads\/2025\/10\/licencia-office-2024-standard.webp","type":"image\/webp"}],"twitter_card":"summary_large_image","twitter_misc":{"Tiempo de lectura":"1 minuto"},"schema":{"@context":"https:\/\/schema.org","@graph":[{"@type":"WebPage","@id":"https:\/\/sof2.jmstudios.es\/product\/licencia-windows-11-workstations\/","url":"https:\/\/sof2.jmstudios.es\/product\/licencia-windows-11-workstations\/","name":"Licencia Microsoft Office 2024 Standard LTSC - Software F\u00e1cil","isPartOf":{"@id":"https:\/\/sof2.jmstudios.es\/#website"},"primaryImageOfPage":{"@id":"https:\/\/sof2.jmstudios.es\/product\/licencia-windows-11-workstations\/#primaryimage"},"image":{"@id":"https:\/\/sof2.jmstudios.es\/product\/licencia-windows-11-workstations\/#primaryimage"},"thumbnailUrl":"https:\/\/sof2.jmstudios.es\/wp-content\/uploads\/2025\/10\/licencia-office-2024-standard.webp","datePublished":"2025-10-23T19:39:31+00:00","dateModified":"2026-02-22T00:19:08+00:00","breadcrumb":{"@id":"https:\/\/sof2.jmstudios.es\/product\/licencia-windows-11-workstations\/#breadcrumb"},"inLanguage":"es","potentialAction":[{"@type":"ReadAction","target":["https:\/\/sof2.jmstudios.es\/product\/licencia-windows-11-workstations\/"]}]},{"@type":"ImageObject","inLanguage":"es","@id":"https:\/\/sof2.jmstudios.es\/product\/licencia-windows-11-workstations\/#primaryimage","url":"https:\/\/sof2.jmstudios.es\/wp-content\/uploads\/2025\/10\/licencia-office-2024-standard.webp","contentUrl":"https:\/\/sof2.jmstudios.es\/wp-content\/uploads\/2025\/10\/licencia-office-2024-standard.webp","width":800,"height":800},{"@type":"BreadcrumbList","@id":"https:\/\/sof2.jmstudios.es\/product\/licencia-windows-11-workstations\/#breadcrumb","itemListElement":[{"@type":"ListItem","position":1,"name":"Portada","item":"https:\/\/sof2.jmstudios.es\/"},{"@type":"ListItem","position":2,"name":"Productos","item":"https:\/\/sof2.jmstudios.es\/shop\/"},{"@type":"ListItem","position":3,"name":"Licencia Microsoft Office 2024 Standard LTSC"}]},{"@type":"WebSite","@id":"https:\/\/sof2.jmstudios.es\/#website","url":"https:\/\/sof2.jmstudios.es\/","name":"Software F\u00e1cil","description":" WooCommerce Template For Toy Store","publisher":{"@id":"https:\/\/sof2.jmstudios.es\/#organization"},"potentialAction":[{"@type":"SearchAction","target":{"@type":"EntryPoint","urlTemplate":"https:\/\/sof2.jmstudios.es\/?s={search_term_string}"},"query-input":{"@type":"PropertyValueSpecification","valueRequired":true,"valueName":"search_term_string"}}],"inLanguage":"es"},{"@type":"Organization","@id":"https:\/\/sof2.jmstudios.es\/#organization","name":"Software F\u00e1cil","url":"https:\/\/sof2.jmstudios.es\/","logo":{"@type":"ImageObject","inLanguage":"es","@id":"https:\/\/sof2.jmstudios.es\/#\/schema\/logo\/image\/","url":"https:\/\/sof2.jmstudios.es\/wp-content\/uploads\/2025\/10\/cropped-software_facil_logo-e1767484425268.png","contentUrl":"https:\/\/sof2.jmstudios.es\/wp-content\/uploads\/2025\/10\/cropped-software_facil_logo-e1767484425268.png","width":400,"height":114,"caption":"Software F\u00e1cil"},"image":{"@id":"https:\/\/sof2.jmstudios.es\/#\/schema\/logo\/image\/"}}]}},"_links":{"self":[{"href":"https:\/\/sof2.jmstudios.es\/index.php?rest_route=\/wp\/v2\/product\/1008","targetHints":{"allow":["GET"]}}],"collection":[{"href":"https:\/\/sof2.jmstudios.es\/index.php?rest_route=\/wp\/v2\/product"}],"about":[{"href":"https:\/\/sof2.jmstudios.es\/index.php?rest_route=\/wp\/v2\/types\/product"}],"replies":[{"embeddable":true,"href":"https:\/\/sof2.jmstudios.es\/index.php?rest_route=%2Fwp%2Fv2%2Fcomments&post=1008"}],"wp:featuredmedia":[{"embeddable":true,"href":"https:\/\/sof2.jmstudios.es\/index.php?rest_route=\/wp\/v2\/media\/1011"}],"wp:attachment":[{"href":"https:\/\/sof2.jmstudios.es\/index.php?rest_route=%2Fwp%2Fv2%2Fmedia&parent=1008"}],"wp:term":[{"taxonomy":"product_brand","embeddable":true,"href":"https:\/\/sof2.jmstudios.es\/index.php?rest_route=%2Fwp%2Fv2%2Fproduct_brand&post=1008"},{"taxonomy":"product_cat","embeddable":true,"href":"https:\/\/sof2.jmstudios.es\/index.php?rest_route=%2Fwp%2Fv2%2Fproduct_cat&post=1008"},{"taxonomy":"product_tag","embeddable":true,"href":"https:\/\/sof2.jmstudios.es\/index.php?rest_route=%2Fwp%2Fv2%2Fproduct_tag&post=1008"}],"curies":[{"name":"wp","href":"https:\/\/api.w.org\/{rel}","templated":true}]}}