{"id":894,"date":"2025-10-22T20:54:05","date_gmt":"2025-10-22T18:54:05","guid":{"rendered":"https:\/\/sof2.jmstudios.es\/?page_id=894"},"modified":"2026-02-23T18:37:09","modified_gmt":"2026-02-23T17:37:09","slug":"sobre-nosotros","status":"publish","type":"page","link":"https:\/\/sof2.jmstudios.es\/?page_id=894","title":{"rendered":"Sobre Nosotros"},"content":{"rendered":"<h1>Sobre Nosotros<\/h1>\n<h2>\u00a1Bienvenid@!<\/h2>\n<p>Nacimos con una misi\u00f3n muy clara: hacer que el <b style=\"letter-spacing: 0px;\">software original y legal<\/b> sea accesible para todos. Creemos firmemente que la seguridad y la funcionalidad que ofrece un producto aut\u00e9ntico no deber\u00edan ser un lujo, sino un est\u00e1ndar al alcance de cualquier usuario.<\/p>\n<p>\u00a0<\/p>\n<p>En un mundo digital donde la seguridad es primordial, entendemos la importancia de contar con sistemas operativos y programas de protecci\u00f3n fiables. Por eso, nos hemos especializado en ofrecer <b>licencias originales de Windows<\/b> y las <b>mejores soluciones de antivirus<\/b> del mercado a un precio justo.<\/p>\n<p>\u00a0<\/p>\n<p><b>Nuestro Compromiso: Precios Asequibles, Calidad Garantizada<\/b><\/p>\n<p><b>\u00a0<\/b><\/p>\n<p>\u00bfC\u00f3mo lo logramos? Trabajamos exclusivamente con <b>vendedores autorizados<\/b> y verificados. Esto nos permite adquirir licencias 100% legales y funcionales que luego te ofrecemos a ti a un precio asequible.<\/p>\n<p>Nuestro objetivo es ser la alternativa clara, segura y econ\u00f3mica. Queremos que cada persona y empresa pueda tener acceso a productos originales sin tener que recurrir a m\u00e9todos de activaci\u00f3n ilegales o inseguros, que a menudo ponen en riesgo tus datos y el rendimiento de tus equipos.<\/p>\n<p>\u00a0<\/p>\n<p><b>M\u00e1s que Licencias, Ofrecemos Confianza<\/b><\/p>\n<p>\t\t\t\t\t\t\t\t\t\t\t\t\t<img loading=\"lazy\" decoding=\"async\" width=\"1024\" height=\"1024\" src=\"https:\/\/sof2.jmstudios.es\/wp-content\/uploads\/2025\/10\/software_facil_logo.png\" alt=\"\" srcset=\"https:\/\/sof2.jmstudios.es\/wp-content\/uploads\/2025\/10\/software_facil_logo.png 1024w, https:\/\/sof2.jmstudios.es\/wp-content\/uploads\/2025\/10\/software_facil_logo-300x300.png 300w, https:\/\/sof2.jmstudios.es\/wp-content\/uploads\/2025\/10\/software_facil_logo-150x150.png 150w, https:\/\/sof2.jmstudios.es\/wp-content\/uploads\/2025\/10\/software_facil_logo-768x768.png 768w, https:\/\/sof2.jmstudios.es\/wp-content\/uploads\/2025\/10\/software_facil_logo-100x100.png 100w, https:\/\/sof2.jmstudios.es\/wp-content\/uploads\/2025\/10\/software_facil_logo-200x200.png 200w, https:\/\/sof2.jmstudios.es\/wp-content\/uploads\/2025\/10\/software_facil_logo-400x400.png 400w, https:\/\/sof2.jmstudios.es\/wp-content\/uploads\/2025\/10\/software_facil_logo-500x500.png 500w, https:\/\/sof2.jmstudios.es\/wp-content\/uploads\/2025\/10\/software_facil_logo-600x600.png 600w\" sizes=\"(max-width: 1024px) 100vw, 1024px\" \/><br \/>\n\t\t\tLicencias vendidas<br \/>\n\t\t\t\t+<br \/>\n\t\t\t\t0<br \/>\n\t\t\tClientes satisfechos<br \/>\n\t\t\t\t+<br \/>\n\t\t\t\t0<br \/>\n\t\t\tProductos<br \/>\n\t\t\t\t+<br \/>\n\t\t\t\t0<br \/>\n\t\t\t\t\t\t\t\t\t\t\t\t\t\t\t\t\t<img loading=\"lazy\" decoding=\"async\" width=\"800\" height=\"800\" src=\"https:\/\/sof2.jmstudios.es\/wp-content\/uploads\/2025\/10\/licencia-windows-11-pro-eom.webp\" alt=\"\" srcset=\"https:\/\/sof2.jmstudios.es\/wp-content\/uploads\/2025\/10\/licencia-windows-11-pro-eom.webp 800w, https:\/\/sof2.jmstudios.es\/wp-content\/uploads\/2025\/10\/licencia-windows-11-pro-eom-300x300.webp 300w, https:\/\/sof2.jmstudios.es\/wp-content\/uploads\/2025\/10\/licencia-windows-11-pro-eom-150x150.webp 150w, https:\/\/sof2.jmstudios.es\/wp-content\/uploads\/2025\/10\/licencia-windows-11-pro-eom-768x768.webp 768w, https:\/\/sof2.jmstudios.es\/wp-content\/uploads\/2025\/10\/licencia-windows-11-pro-eom-600x600.webp 600w, https:\/\/sof2.jmstudios.es\/wp-content\/uploads\/2025\/10\/licencia-windows-11-pro-eom-100x100.webp 100w\" sizes=\"(max-width: 800px) 100vw, 800px\" \/><br \/>\n\t\t\t\t\t\t\tAgradezco que existan personas como ellos, simplemente geniales, atentos, paciencia infinita, etc. Gracias por vuestro servicio, para mi, el mejor que se puede recibir.<br \/>\nTrabajaremos infinitamente en mas ocasiones.<br \/>\nGRACIAS!!!!!!!!<br \/>\n\t\t\t\t\t\t\t\t\t\t\t\t\t\tJose Maria<br \/>\n\t\t\t\t\t\t\tTodo perfecto. Excelente comunicaci\u00f3n y ayuda. Recomendar\u00eda sin duda a esta empresa. Muy profesionales en todos los aspectos<br \/>\n\t\t\t\t\t\t\t\t\t\t\t\t\t\tVictor<br \/>\n\t\t\t\t\t\t\tTop, bueno, barato y funcional. Super intuitivo, todo perfecto. Muy profesional el seguimiento. Recomendado 100%<br \/>\n\t\t\t\t\t\t\t\t\t\t\t\t\t\tGrazia<\/p>\n","protected":false},"excerpt":{"rendered":"<p>Sobre Nosotros \u00a1Bienvenid@! Nacimos con una misi\u00f3n muy clara: hacer que el software original y legal sea accesible para todos. Creemos firmemente que la seguridad y la funcionalidad que ofrece un producto aut\u00e9ntico no deber\u00edan ser un lujo, sino un est\u00e1ndar al alcance de cualquier usuario. \u00a0 En un mundo digital donde la seguridad es [&hellip;]<\/p>\n","protected":false},"author":1,"featured_media":0,"parent":0,"menu_order":0,"comment_status":"closed","ping_status":"closed","template":"elementor_header_footer","meta":{"footnotes":""},"class_list":["post-894","page","type-page","status-publish","hentry"],"yoast_head":"<!-- This site is optimized with the Yoast SEO plugin v27.5 - https:\/\/yoast.com\/product\/yoast-seo-wordpress\/ -->\n<title>Sobre Nosotros | Licencias 100% Legales y Seguras- Software F\u00e1cil<\/title>\n<meta name=\"description\" content=\"Conoce la misi\u00f3n de Software F\u00e1cil. Nacimos para ofrecer licencias de software originales (Windows, Office, Antivirus) a un precio justo. Descubre por qu\u00e9 somos tu alternativa legal y segura.\" \/>\n<meta name=\"robots\" content=\"noindex, follow, max-snippet:-1, max-image-preview:large, max-video-preview:-1\" \/>\n<meta property=\"og:locale\" content=\"es_ES\" \/>\n<meta property=\"og:type\" content=\"article\" \/>\n<meta property=\"og:title\" content=\"Sobre Nosotros | Licencias 100% Legales y Seguras- Software F\u00e1cil\" \/>\n<meta property=\"og:description\" content=\"Conoce la misi\u00f3n de Software F\u00e1cil. Nacimos para ofrecer licencias de software originales (Windows, Office, Antivirus) a un precio justo. Descubre por qu\u00e9 somos tu alternativa legal y segura.\" \/>\n<meta property=\"og:url\" content=\"https:\/\/sof2.jmstudios.es\/sobre-nosotros\/\" \/>\n<meta property=\"og:site_name\" content=\"Software F\u00e1cil\" \/>\n<meta property=\"article:modified_time\" content=\"2026-02-23T17:37:09+00:00\" \/>\n<meta property=\"og:image\" content=\"https:\/\/sof2.jmstudios.es\/wp-content\/uploads\/2025\/10\/software_facil_logo.png\" \/>\n<meta name=\"twitter:card\" content=\"summary_large_image\" \/>\n<meta name=\"twitter:label1\" content=\"Tiempo de lectura\" \/>\n\t<meta name=\"twitter:data1\" content=\"2 minutos\" \/>\n<script type=\"application\/ld+json\" class=\"yoast-schema-graph\">{\"@context\":\"https:\\\/\\\/schema.org\",\"@graph\":[{\"@type\":\"WebPage\",\"@id\":\"https:\\\/\\\/sof2.jmstudios.es\\\/sobre-nosotros\\\/\",\"url\":\"https:\\\/\\\/sof2.jmstudios.es\\\/sobre-nosotros\\\/\",\"name\":\"Sobre Nosotros | Licencias 100% Legales y Seguras- Software F\u00e1cil\",\"isPartOf\":{\"@id\":\"https:\\\/\\\/sof2.jmstudios.es\\\/#website\"},\"primaryImageOfPage\":{\"@id\":\"https:\\\/\\\/sof2.jmstudios.es\\\/sobre-nosotros\\\/#primaryimage\"},\"image\":{\"@id\":\"https:\\\/\\\/sof2.jmstudios.es\\\/sobre-nosotros\\\/#primaryimage\"},\"thumbnailUrl\":\"https:\\\/\\\/sof2.jmstudios.es\\\/wp-content\\\/uploads\\\/2025\\\/10\\\/software_facil_logo.png\",\"datePublished\":\"2025-10-22T18:54:05+00:00\",\"dateModified\":\"2026-02-23T17:37:09+00:00\",\"description\":\"Conoce la misi\u00f3n de Software F\u00e1cil. Nacimos para ofrecer licencias de software originales (Windows, Office, Antivirus) a un precio justo. Descubre por qu\u00e9 somos tu alternativa legal y segura.\",\"breadcrumb\":{\"@id\":\"https:\\\/\\\/sof2.jmstudios.es\\\/sobre-nosotros\\\/#breadcrumb\"},\"inLanguage\":\"es\",\"potentialAction\":[{\"@type\":\"ReadAction\",\"target\":[\"https:\\\/\\\/sof2.jmstudios.es\\\/sobre-nosotros\\\/\"]}]},{\"@type\":\"ImageObject\",\"inLanguage\":\"es\",\"@id\":\"https:\\\/\\\/sof2.jmstudios.es\\\/sobre-nosotros\\\/#primaryimage\",\"url\":\"https:\\\/\\\/sof2.jmstudios.es\\\/wp-content\\\/uploads\\\/2025\\\/10\\\/software_facil_logo.png\",\"contentUrl\":\"https:\\\/\\\/sof2.jmstudios.es\\\/wp-content\\\/uploads\\\/2025\\\/10\\\/software_facil_logo.png\",\"width\":1024,\"height\":1024},{\"@type\":\"BreadcrumbList\",\"@id\":\"https:\\\/\\\/sof2.jmstudios.es\\\/sobre-nosotros\\\/#breadcrumb\",\"itemListElement\":[{\"@type\":\"ListItem\",\"position\":1,\"name\":\"Portada\",\"item\":\"https:\\\/\\\/sof2.jmstudios.es\\\/\"},{\"@type\":\"ListItem\",\"position\":2,\"name\":\"Sobre Nosotros\"}]},{\"@type\":\"WebSite\",\"@id\":\"https:\\\/\\\/sof2.jmstudios.es\\\/#website\",\"url\":\"https:\\\/\\\/sof2.jmstudios.es\\\/\",\"name\":\"Software F\u00e1cil\",\"description\":\" WooCommerce Template For Toy Store\",\"publisher\":{\"@id\":\"https:\\\/\\\/sof2.jmstudios.es\\\/#organization\"},\"potentialAction\":[{\"@type\":\"SearchAction\",\"target\":{\"@type\":\"EntryPoint\",\"urlTemplate\":\"https:\\\/\\\/sof2.jmstudios.es\\\/?s={search_term_string}\"},\"query-input\":{\"@type\":\"PropertyValueSpecification\",\"valueRequired\":true,\"valueName\":\"search_term_string\"}}],\"inLanguage\":\"es\"},{\"@type\":\"Organization\",\"@id\":\"https:\\\/\\\/sof2.jmstudios.es\\\/#organization\",\"name\":\"Software F\u00e1cil\",\"url\":\"https:\\\/\\\/sof2.jmstudios.es\\\/\",\"logo\":{\"@type\":\"ImageObject\",\"inLanguage\":\"es\",\"@id\":\"https:\\\/\\\/sof2.jmstudios.es\\\/#\\\/schema\\\/logo\\\/image\\\/\",\"url\":\"https:\\\/\\\/sof2.jmstudios.es\\\/wp-content\\\/uploads\\\/2025\\\/10\\\/cropped-software_facil_logo-e1767484425268.png\",\"contentUrl\":\"https:\\\/\\\/sof2.jmstudios.es\\\/wp-content\\\/uploads\\\/2025\\\/10\\\/cropped-software_facil_logo-e1767484425268.png\",\"width\":400,\"height\":114,\"caption\":\"Software F\u00e1cil\"},\"image\":{\"@id\":\"https:\\\/\\\/sof2.jmstudios.es\\\/#\\\/schema\\\/logo\\\/image\\\/\"}}]}<\/script>\n<!-- \/ Yoast SEO plugin. -->","yoast_head_json":{"title":"Sobre Nosotros | Licencias 100% Legales y Seguras- Software F\u00e1cil","description":"Conoce la misi\u00f3n de Software F\u00e1cil. Nacimos para ofrecer licencias de software originales (Windows, Office, Antivirus) a un precio justo. Descubre por qu\u00e9 somos tu alternativa legal y segura.","robots":{"index":"noindex","follow":"follow","max-snippet":"max-snippet:-1","max-image-preview":"max-image-preview:large","max-video-preview":"max-video-preview:-1"},"og_locale":"es_ES","og_type":"article","og_title":"Sobre Nosotros | Licencias 100% Legales y Seguras- Software F\u00e1cil","og_description":"Conoce la misi\u00f3n de Software F\u00e1cil. Nacimos para ofrecer licencias de software originales (Windows, Office, Antivirus) a un precio justo. Descubre por qu\u00e9 somos tu alternativa legal y segura.","og_url":"https:\/\/sof2.jmstudios.es\/sobre-nosotros\/","og_site_name":"Software F\u00e1cil","article_modified_time":"2026-02-23T17:37:09+00:00","og_image":[{"url":"https:\/\/sof2.jmstudios.es\/wp-content\/uploads\/2025\/10\/software_facil_logo.png","type":"","width":"","height":""}],"twitter_card":"summary_large_image","twitter_misc":{"Tiempo de lectura":"2 minutos"},"schema":{"@context":"https:\/\/schema.org","@graph":[{"@type":"WebPage","@id":"https:\/\/sof2.jmstudios.es\/sobre-nosotros\/","url":"https:\/\/sof2.jmstudios.es\/sobre-nosotros\/","name":"Sobre Nosotros | Licencias 100% Legales y Seguras- Software F\u00e1cil","isPartOf":{"@id":"https:\/\/sof2.jmstudios.es\/#website"},"primaryImageOfPage":{"@id":"https:\/\/sof2.jmstudios.es\/sobre-nosotros\/#primaryimage"},"image":{"@id":"https:\/\/sof2.jmstudios.es\/sobre-nosotros\/#primaryimage"},"thumbnailUrl":"https:\/\/sof2.jmstudios.es\/wp-content\/uploads\/2025\/10\/software_facil_logo.png","datePublished":"2025-10-22T18:54:05+00:00","dateModified":"2026-02-23T17:37:09+00:00","description":"Conoce la misi\u00f3n de Software F\u00e1cil. Nacimos para ofrecer licencias de software originales (Windows, Office, Antivirus) a un precio justo. Descubre por qu\u00e9 somos tu alternativa legal y segura.","breadcrumb":{"@id":"https:\/\/sof2.jmstudios.es\/sobre-nosotros\/#breadcrumb"},"inLanguage":"es","potentialAction":[{"@type":"ReadAction","target":["https:\/\/sof2.jmstudios.es\/sobre-nosotros\/"]}]},{"@type":"ImageObject","inLanguage":"es","@id":"https:\/\/sof2.jmstudios.es\/sobre-nosotros\/#primaryimage","url":"https:\/\/sof2.jmstudios.es\/wp-content\/uploads\/2025\/10\/software_facil_logo.png","contentUrl":"https:\/\/sof2.jmstudios.es\/wp-content\/uploads\/2025\/10\/software_facil_logo.png","width":1024,"height":1024},{"@type":"BreadcrumbList","@id":"https:\/\/sof2.jmstudios.es\/sobre-nosotros\/#breadcrumb","itemListElement":[{"@type":"ListItem","position":1,"name":"Portada","item":"https:\/\/sof2.jmstudios.es\/"},{"@type":"ListItem","position":2,"name":"Sobre Nosotros"}]},{"@type":"WebSite","@id":"https:\/\/sof2.jmstudios.es\/#website","url":"https:\/\/sof2.jmstudios.es\/","name":"Software F\u00e1cil","description":" WooCommerce Template For Toy Store","publisher":{"@id":"https:\/\/sof2.jmstudios.es\/#organization"},"potentialAction":[{"@type":"SearchAction","target":{"@type":"EntryPoint","urlTemplate":"https:\/\/sof2.jmstudios.es\/?s={search_term_string}"},"query-input":{"@type":"PropertyValueSpecification","valueRequired":true,"valueName":"search_term_string"}}],"inLanguage":"es"},{"@type":"Organization","@id":"https:\/\/sof2.jmstudios.es\/#organization","name":"Software F\u00e1cil","url":"https:\/\/sof2.jmstudios.es\/","logo":{"@type":"ImageObject","inLanguage":"es","@id":"https:\/\/sof2.jmstudios.es\/#\/schema\/logo\/image\/","url":"https:\/\/sof2.jmstudios.es\/wp-content\/uploads\/2025\/10\/cropped-software_facil_logo-e1767484425268.png","contentUrl":"https:\/\/sof2.jmstudios.es\/wp-content\/uploads\/2025\/10\/cropped-software_facil_logo-e1767484425268.png","width":400,"height":114,"caption":"Software F\u00e1cil"},"image":{"@id":"https:\/\/sof2.jmstudios.es\/#\/schema\/logo\/image\/"}}]}},"_links":{"self":[{"href":"https:\/\/sof2.jmstudios.es\/index.php?rest_route=\/wp\/v2\/pages\/894","targetHints":{"allow":["GET"]}}],"collection":[{"href":"https:\/\/sof2.jmstudios.es\/index.php?rest_route=\/wp\/v2\/pages"}],"about":[{"href":"https:\/\/sof2.jmstudios.es\/index.php?rest_route=\/wp\/v2\/types\/page"}],"author":[{"embeddable":true,"href":"https:\/\/sof2.jmstudios.es\/index.php?rest_route=\/wp\/v2\/users\/1"}],"replies":[{"embeddable":true,"href":"https:\/\/sof2.jmstudios.es\/index.php?rest_route=%2Fwp%2Fv2%2Fcomments&post=894"}],"version-history":[{"count":0,"href":"https:\/\/sof2.jmstudios.es\/index.php?rest_route=\/wp\/v2\/pages\/894\/revisions"}],"wp:attachment":[{"href":"https:\/\/sof2.jmstudios.es\/index.php?rest_route=%2Fwp%2Fv2%2Fmedia&parent=894"}],"curies":[{"name":"wp","href":"https:\/\/api.w.org\/{rel}","templated":true}]}}