{"id":1190,"date":"2025-10-28T19:52:13","date_gmt":"2025-10-28T18:52:13","guid":{"rendered":"https:\/\/sof2.jmstudios.es\/?page_id=1190"},"modified":"2025-10-28T19:54:08","modified_gmt":"2025-10-28T18:54:08","slug":"politica-de-cookies","status":"publish","type":"page","link":"https:\/\/sof2.jmstudios.es\/?page_id=1190","title":{"rendered":"Pol\u00edtica de Cookies"},"content":{"rendered":"<p>En cumplimiento del art\u00edculo 22.2 de la Ley 34\/2002, de 11 de julio, de Servicios de la Sociedad de la Informaci\u00f3n y de Comercio Electr\u00f3nico (LSSICE), y en adecuaci\u00f3n al Reglamento (UE) 2016\/679 (RGPD), esta Pol\u00edtica de Cookies tiene como finalidad informar de manera clara y precisa sobre las cookies que se utilizan en el sitio web https:\/\/sof2.jmstudios.es\u00a0(en adelante, el \u00abSitio Web\u00bb), propiedad de Jes\u00fas Pascual Ruiz.<\/p>\n<p>\u00a0<\/p>\n<h2>1. \u00bfQU\u00c9 ES UNA COOKIE?<\/h2>\n<p>\u00a0<\/p>\n<p>Una cookie es un peque\u00f1o fichero de texto que se almacena en su navegador (como Chrome, Firefox o Safari) cuando visita casi cualquier p\u00e1gina web. Su utilidad es que la web sea capaz de recordar su visita cuando vuelva a navegar por esa p\u00e1gina.<\/p>\n<p>Las cookies suelen almacenar informaci\u00f3n de car\u00e1cter t\u00e9cnico, preferencias personales, personalizaci\u00f3n de contenidos, estad\u00edsticas de uso, enlaces a redes sociales, acceso a cuentas de usuario, etc. El objetivo de la cookie es adaptar el contenido de la web a su perfil y necesidades.<\/p>\n<p>\u00a0<\/p>\n<h2>2. TIPOS DE COOKIES UTILIZADAS EN ESTE SITIO WEB<\/h2>\n<p>\u00a0<\/p>\n<p>Siguiendo las directrices de la Agencia Espa\u00f1ola de Protecci\u00f3n de Datos, procedemos a detallar el uso de cookies que hace esta web con el fin de informarle con la m\u00e1xima exactitud posible.<\/p>\n<p>\u00a0<\/p>\n<p>Este Sitio Web utiliza las siguientes cookies, clasificadas seg\u00fan su finalidad:<\/p>\n<p>\u00a0<\/p>\n<p>\u00a0<\/p>\n<h3>a) Cookies T\u00e9cnicas (Necesarias)<\/h3>\n<p>\u00a0<\/p>\n<p>Son aquellas imprescindibles para el correcto funcionamiento del Sitio Web y la utilizaci\u00f3n de las diferentes opciones o servicios que en \u00e9l existen. <b>Estas cookies no requieren su consentimiento<\/b> y estar\u00e1n siempre activas.<\/p>\n<p>Sin ellas, el sitio no podr\u00eda funcionar adecuadamente. Por ejemplo, se utilizan para:<\/p>\n<ul>\n<li>\n<p>Gestionar el proceso de compra.<\/p>\n<\/li>\n<li>\n<p>Almacenar los productos que a\u00f1ade a su \u00abcarrito de la compra\u00bb.<\/p>\n<\/li>\n<li>\n<p>Controlar el acceso a partes de acceso restringido (si las hubiera).<\/p>\n<\/li>\n<li>\n<p>Recordar la aceptaci\u00f3n de esta pol\u00edtica de cookies.<\/p>\n<\/li>\n<\/ul>\n<p>\u00a0<\/p>\n<h3>b) Cookies Anal\u00edticas o de Medici\u00f3n<\/h3>\n<p>\u00a0<\/p>\n<p>Son aquellas que, tratadas por nosotros o por terceros (como Google Analytics), nos permiten cuantificar el n\u00famero de usuarios y as\u00ed realizar la medici\u00f3n y an\u00e1lisis estad\u00edstico de la utilizaci\u00f3n que hacen los usuarios del servicio ofertado. Para ello se analiza su navegaci\u00f3n en nuestra p\u00e1gina web con el fin de mejorar la oferta de productos o servicios que le ofrecemos.<\/p>\n<p><b>Estas cookies solo se instalar\u00e1n si usted las acepta expresamente.<\/b><\/p>\n<p>\u00a0<\/p>\n<h3>c) Cookies de Publicidad Comportamental (Marketing)<\/h3>\n<p>\u00a0<\/p>\n<p>Son aquellas que, tratadas por nosotros o por terceros, nos permiten analizar sus h\u00e1bitos de navegaci\u00f3n en Internet para que podamos mostrarle publicidad relacionada con su perfil de navegaci\u00f3n (por ejemplo, mediante t\u00e9cnicas de remarketing).<\/p>\n<p><b>Estas cookies solo se instalar\u00e1n si usted las acepta expresamente.<\/b><\/p>\n<p>\u00a0<\/p>\n<h2>3. GESTI\u00d3N DEL CONSENTIMIENTO (BANNER DE COOKIES)<\/h2>\n<p>\u00a0<\/p>\n<p>Al acceder por primera vez al Sitio Web, se le mostrar\u00e1 un aviso o banner de cookies donde podr\u00e1:<\/p>\n<ol start=\"1\">\n<li>\n<p><b>ACEPTAR TODAS:<\/b> Prestar su consentimiento para que se instalen todas las cookies (T\u00e9cnicas, Anal\u00edticas y de Publicidad).<\/p>\n<\/li>\n<li>\n<p><b>RECHAZAR:<\/b> Rechazar todas las cookies no esenciales. En este caso, solo se cargar\u00e1n las cookies T\u00e9cnicas necesarias para el funcionamiento de la web.<\/p>\n<\/li>\n<li>\n<p><b>CONFIGURAR \/ PERSONALIZAR:<\/b> Acceder a un panel de configuraci\u00f3n donde podr\u00e1 seleccionar de forma granular qu\u00e9 tipos de cookies permite que se instalen y cu\u00e1les no.<\/p>\n<\/li>\n<\/ol>\n<p>Su elecci\u00f3n se guardar\u00e1 para futuras visitas. Puede modificar o retirar su consentimiento en cualquier momento a trav\u00e9s del panel de configuraci\u00f3n, al que podr\u00e1 acceder mediante un enlace permanente en el pie de p\u00e1gina o en esta misma Pol\u00edtica de Cookies.<\/p>\n<p>\u00a0<\/p>\n<h2>4. LISTADO DETALLADO DE COOKIES<\/h2>\n<p>\u00a0<\/p>\n<p>A continuaci\u00f3n, se detallan las cookies utilizadas en este Sitio Web:<\/p>\n<p><b>[NOTA IMPORTANTE PARA TI, JES\u00daS]:<\/b> <i>Esta tabla es un <b>ejemplo<\/b> basado en un eCommerce est\u00e1ndar (probablemente con WooCommerce y Google Analytics). <b>Debes verificar qu\u00e9 cookies instala realmente tu web<\/b> (puedes usar las herramientas de desarrollador de tu navegador o plugins espec\u00edficos) y completar esta tabla de forma veraz.<\/i><\/p>\n<table>\n<thead>\n<tr>\n<td>Tipo de Cookie<\/td>\n<td>Proveedor<\/td>\n<td>Nombre de la Cookie<\/td>\n<td>Finalidad<\/td>\n<td>Duraci\u00f3n<\/td>\n<\/tr>\n<\/thead>\n<tbody>\n<tr>\n<td><b>T\u00e9cnica (Necesaria)<\/b><\/td>\n<td>Propia (WooCommerce)<\/td>\n<td><code>woocommerce_cart_hash<\/code><\/td>\n<td>Ayuda a identificar los cambios en el carrito de compra.<\/td>\n<td>Sesi\u00f3n<\/td>\n<\/tr>\n<tr>\n<td><b>T\u00e9cnica (Necesaria)<\/b><\/td>\n<td>Propia (WooCommerce)<\/td>\n<td><code>woocommerce_items_in_cart<\/code><\/td>\n<td>Ayuda a identificar los cambios en el carrito de compra.<\/td>\n<td>Sesi\u00f3n<\/td>\n<\/tr>\n<tr>\n<td><b>T\u00e9cnica (Necesaria)<\/b><\/td>\n<td>Propia (WordPress)<\/td>\n<td><code>wordpress_logged_in_[hash]<\/code><\/td>\n<td>Identifica al usuario logueado (solo para administradores).<\/td>\n<td>Sesi\u00f3n<\/td>\n<\/tr>\n<tr>\n<td><b>T\u00e9cnica (Necesaria)<\/b><\/td>\n<td>Propia<\/td>\n<td><code>cookie_consent_status<\/code><\/td>\n<td>Almacena la preferencia de consentimiento del usuario.<\/td>\n<td>1 a\u00f1o<\/td>\n<\/tr>\n<tr>\n<td><b>Anal\u00edtica<\/b><\/td>\n<td>Google Analytics<\/td>\n<td><code>_ga<\/code><\/td>\n<td>Se usa para distinguir a los usuarios.<\/td>\n<td>2 a\u00f1os<\/td>\n<\/tr>\n<tr>\n<td><b>Anal\u00edtica<\/b><\/td>\n<td>Google Analytics<\/td>\n<td><code>_gid<\/code><\/td>\n<td>Se usa para distinguir a los usuarios.<\/td>\n<td>24 horas<\/td>\n<\/tr>\n<tr>\n<td><b>Anal\u00edtica<\/b><\/td>\n<td>Google Analytics<\/td>\n<td><code>_gat<\/code><\/td>\n<td>Se usa para limitar el porcentaje de solicitudes.<\/td>\n<td>1 minuto<\/td>\n<\/tr>\n<tr>\n<td><b>Marketing (Ejemplo)<\/b><\/td>\n<td>Facebook (Meta)<\/td>\n<td><code>_fbp<\/code><\/td>\n<td>Utilizada por Facebook para entregar series de anuncios.<\/td>\n<td>3 meses<\/td>\n<\/tr>\n<tr>\n<td><b>Marketing (Ejemplo)<\/b><\/td>\n<td>Google Ads<\/td>\n<td><code>IDE<\/code><\/td>\n<td>Utilizada por Google (DoubleClick) para remarketing.<\/td>\n<td>1 a\u00f1o<\/td>\n<\/tr>\n<\/tbody>\n<\/table>\n<p><button>Exportar a Hojas de c\u00e1lculo<\/button><button aria-label=\"Copiar tabla\" data-test-id=\"copy-table-button\"><\/button><\/p>\n<p>\u00a0<\/p>\n<h2>5. \u00bfC\u00d3MO DESACTIVAR O ELIMINAR COOKIES EN SU NAVEGADOR?<\/h2>\n<p>\u00a0<\/p>\n<p>Adem\u00e1s de gestionar su consentimiento a trav\u00e9s de nuestro panel, usted puede permitir, bloquear o eliminar las cookies instaladas en su equipo mediante la configuraci\u00f3n de las opciones del navegador instalado en su ordenador.<\/p>\n<p>Si decide bloquearlas, es posible que ciertos servicios que las necesitan (como el carrito de la compra) no est\u00e9n disponibles para usted.<\/p>\n<p>Le proporcionamos los enlaces a las instrucciones de los navegadores m\u00e1s habituales:<\/p>\n<ul>\n<li>\n<p><b>Google Chrome:<\/b> <a href=\"https:\/\/support.google.com\/chrome\/answer\/95647?hl=ca\" target=\"_blank\" rel=\"noopener\" data-hveid=\"0\" data-ved=\"0CAAQ_4QMahcKEwjB5ayxxseQAxUAAAAAHQAAAAAQXw\">https:\/\/support.google.com\/chrome\/answer\/95647?hl=ca<\/a><\/p>\n<\/li>\n<li>\n<p><b>Mozilla Firefox:<\/b> <a href=\"https:\/\/support.mozilla.org\/es\/kb\/habilitar-y-deshabilitar-cookies-sitios-web-rastrear-preferencias\" target=\"_blank\" rel=\"noopener\" data-hveid=\"0\" data-ved=\"0CAAQ_4QMahcKEwjB5ayxxseQAxUAAAAAHQAAAAAQYA\">https:\/\/support.mozilla.org\/es\/kb\/habilitar-y-deshabilitar-cookies-sitios-web-rastrear-preferencias<\/a><\/p>\n<\/li>\n<li>\n<p><b>Microsoft Edge:<\/b> <a href=\"https:\/\/support.microsoft.com\/es-es\/microsoft-edge\/eliminar-las-cookies-en-microsoft-edge-63947406-40ac-c3b8-57b9-2a946a29ae09\" target=\"_blank\" rel=\"noopener\" data-hveid=\"0\" data-ved=\"0CAAQ_4QMahcKEwjB5ayxxseQAxUAAAAAHQAAAAAQYQ\">https:\/\/support.microsoft.com\/es-es\/microsoft-edge\/eliminar-las-cookies-en-microsoft-edge-63947406-40ac-c3b8-57b9-2a946a29ae09<\/a><\/p>\n<p>\u00a0<\/li>\n<li>\n<p><b>Safari (Apple):<\/b> <a href=\"https:\/\/www.google.com\/search?q=https:\/\/support.apple.com\/es-es\/guide\/safari\/sfri11471\/mac\" target=\"_blank\" rel=\"noopener\" data-hveid=\"0\" data-ved=\"0CAAQ_4QMahcKEwjB5ayxxseQAxUAAAAAHQAAAAAQYg\">https:\/\/support.apple.com\/es-es\/guide\/safari\/sfri11471\/mac<\/a><\/p>\n<\/li>\n<\/ul>\n<p>\u00a0<\/p>\n<h2>6. MODIFICACIONES DE LA POL\u00cdTICA<\/h2>\n<p>\u00a0<\/p>\n<p>\u00a0<\/p>\n<p>Jes\u00fas Pascual Ruiz puede modificar esta Pol\u00edtica de Cookies en funci\u00f3n de nuevas exigencias legislativas, reglamentarias, o con la finalidad de adaptar dicha pol\u00edtica a las instrucciones dictadas por la Agencia Espa\u00f1ola de Protecci\u00f3n de Datos.<\/p>\n<p>Cuando se produzcan cambios significativos, se comunicar\u00e1 al usuario mediante un aviso en la web.<\/p>\n<p><i>Fecha de \u00faltima actualizaci\u00f3n: 28\/10\/2025<\/i><\/p>\n","protected":false},"excerpt":{"rendered":"<p>En cumplimiento del art\u00edculo 22.2 de la Ley 34\/2002, de 11 de julio, de Servicios de la Sociedad de la Informaci\u00f3n y de Comercio Electr\u00f3nico (LSSICE), y en adecuaci\u00f3n al Reglamento (UE) 2016\/679 (RGPD), esta Pol\u00edtica de Cookies tiene como finalidad informar de manera clara y precisa sobre las cookies que se utilizan en el [&hellip;]<\/p>\n","protected":false},"author":1,"featured_media":0,"parent":0,"menu_order":30,"comment_status":"closed","ping_status":"closed","template":"","meta":{"footnotes":""},"class_list":["post-1190","page","type-page","status-publish","hentry"],"yoast_head":"<!-- This site is optimized with the Yoast SEO plugin v27.5 - https:\/\/yoast.com\/product\/yoast-seo-wordpress\/ -->\n<title>Pol\u00edtica de Cookies - Software F\u00e1cil<\/title>\n<meta name=\"robots\" content=\"noindex, follow, max-snippet:-1, max-image-preview:large, max-video-preview:-1\" \/>\n<meta property=\"og:locale\" content=\"es_ES\" \/>\n<meta property=\"og:type\" content=\"article\" \/>\n<meta property=\"og:title\" content=\"Pol\u00edtica de Cookies - Software F\u00e1cil\" \/>\n<meta property=\"og:description\" content=\"En cumplimiento del art\u00edculo 22.2 de la Ley 34\/2002, de 11 de julio, de Servicios de la Sociedad de la Informaci\u00f3n y de Comercio Electr\u00f3nico (LSSICE), y en adecuaci\u00f3n al Reglamento (UE) 2016\/679 (RGPD), esta Pol\u00edtica de Cookies tiene como finalidad informar de manera clara y precisa sobre las cookies que se utilizan en el [&hellip;]\" \/>\n<meta property=\"og:url\" content=\"https:\/\/sof2.jmstudios.es\/politica-de-cookies\/\" \/>\n<meta property=\"og:site_name\" content=\"Software F\u00e1cil\" \/>\n<meta property=\"article:modified_time\" content=\"2025-10-28T18:54:08+00:00\" \/>\n<meta name=\"twitter:card\" content=\"summary_large_image\" \/>\n<meta name=\"twitter:label1\" content=\"Tiempo de lectura\" \/>\n\t<meta name=\"twitter:data1\" content=\"5 minutos\" \/>\n<script type=\"application\/ld+json\" class=\"yoast-schema-graph\">{\"@context\":\"https:\\\/\\\/schema.org\",\"@graph\":[{\"@type\":\"WebPage\",\"@id\":\"https:\\\/\\\/sof2.jmstudios.es\\\/politica-de-cookies\\\/\",\"url\":\"https:\\\/\\\/sof2.jmstudios.es\\\/politica-de-cookies\\\/\",\"name\":\"Pol\u00edtica de Cookies - Software F\u00e1cil\",\"isPartOf\":{\"@id\":\"https:\\\/\\\/sof2.jmstudios.es\\\/#website\"},\"datePublished\":\"2025-10-28T18:52:13+00:00\",\"dateModified\":\"2025-10-28T18:54:08+00:00\",\"breadcrumb\":{\"@id\":\"https:\\\/\\\/sof2.jmstudios.es\\\/politica-de-cookies\\\/#breadcrumb\"},\"inLanguage\":\"es\",\"potentialAction\":[{\"@type\":\"ReadAction\",\"target\":[\"https:\\\/\\\/sof2.jmstudios.es\\\/politica-de-cookies\\\/\"]}]},{\"@type\":\"BreadcrumbList\",\"@id\":\"https:\\\/\\\/sof2.jmstudios.es\\\/politica-de-cookies\\\/#breadcrumb\",\"itemListElement\":[{\"@type\":\"ListItem\",\"position\":1,\"name\":\"Portada\",\"item\":\"https:\\\/\\\/sof2.jmstudios.es\\\/\"},{\"@type\":\"ListItem\",\"position\":2,\"name\":\"Pol\u00edtica de Cookies\"}]},{\"@type\":\"WebSite\",\"@id\":\"https:\\\/\\\/sof2.jmstudios.es\\\/#website\",\"url\":\"https:\\\/\\\/sof2.jmstudios.es\\\/\",\"name\":\"Software F\u00e1cil\",\"description\":\" WooCommerce Template For Toy Store\",\"publisher\":{\"@id\":\"https:\\\/\\\/sof2.jmstudios.es\\\/#organization\"},\"potentialAction\":[{\"@type\":\"SearchAction\",\"target\":{\"@type\":\"EntryPoint\",\"urlTemplate\":\"https:\\\/\\\/sof2.jmstudios.es\\\/?s={search_term_string}\"},\"query-input\":{\"@type\":\"PropertyValueSpecification\",\"valueRequired\":true,\"valueName\":\"search_term_string\"}}],\"inLanguage\":\"es\"},{\"@type\":\"Organization\",\"@id\":\"https:\\\/\\\/sof2.jmstudios.es\\\/#organization\",\"name\":\"Software F\u00e1cil\",\"url\":\"https:\\\/\\\/sof2.jmstudios.es\\\/\",\"logo\":{\"@type\":\"ImageObject\",\"inLanguage\":\"es\",\"@id\":\"https:\\\/\\\/sof2.jmstudios.es\\\/#\\\/schema\\\/logo\\\/image\\\/\",\"url\":\"https:\\\/\\\/sof2.jmstudios.es\\\/wp-content\\\/uploads\\\/2025\\\/10\\\/cropped-software_facil_logo-e1767484425268.png\",\"contentUrl\":\"https:\\\/\\\/sof2.jmstudios.es\\\/wp-content\\\/uploads\\\/2025\\\/10\\\/cropped-software_facil_logo-e1767484425268.png\",\"width\":400,\"height\":114,\"caption\":\"Software F\u00e1cil\"},\"image\":{\"@id\":\"https:\\\/\\\/sof2.jmstudios.es\\\/#\\\/schema\\\/logo\\\/image\\\/\"}}]}<\/script>\n<!-- \/ Yoast SEO plugin. -->","yoast_head_json":{"title":"Pol\u00edtica de Cookies - Software F\u00e1cil","robots":{"index":"noindex","follow":"follow","max-snippet":"max-snippet:-1","max-image-preview":"max-image-preview:large","max-video-preview":"max-video-preview:-1"},"og_locale":"es_ES","og_type":"article","og_title":"Pol\u00edtica de Cookies - Software F\u00e1cil","og_description":"En cumplimiento del art\u00edculo 22.2 de la Ley 34\/2002, de 11 de julio, de Servicios de la Sociedad de la Informaci\u00f3n y de Comercio Electr\u00f3nico (LSSICE), y en adecuaci\u00f3n al Reglamento (UE) 2016\/679 (RGPD), esta Pol\u00edtica de Cookies tiene como finalidad informar de manera clara y precisa sobre las cookies que se utilizan en el [&hellip;]","og_url":"https:\/\/sof2.jmstudios.es\/politica-de-cookies\/","og_site_name":"Software F\u00e1cil","article_modified_time":"2025-10-28T18:54:08+00:00","twitter_card":"summary_large_image","twitter_misc":{"Tiempo de lectura":"5 minutos"},"schema":{"@context":"https:\/\/schema.org","@graph":[{"@type":"WebPage","@id":"https:\/\/sof2.jmstudios.es\/politica-de-cookies\/","url":"https:\/\/sof2.jmstudios.es\/politica-de-cookies\/","name":"Pol\u00edtica de Cookies - Software F\u00e1cil","isPartOf":{"@id":"https:\/\/sof2.jmstudios.es\/#website"},"datePublished":"2025-10-28T18:52:13+00:00","dateModified":"2025-10-28T18:54:08+00:00","breadcrumb":{"@id":"https:\/\/sof2.jmstudios.es\/politica-de-cookies\/#breadcrumb"},"inLanguage":"es","potentialAction":[{"@type":"ReadAction","target":["https:\/\/sof2.jmstudios.es\/politica-de-cookies\/"]}]},{"@type":"BreadcrumbList","@id":"https:\/\/sof2.jmstudios.es\/politica-de-cookies\/#breadcrumb","itemListElement":[{"@type":"ListItem","position":1,"name":"Portada","item":"https:\/\/sof2.jmstudios.es\/"},{"@type":"ListItem","position":2,"name":"Pol\u00edtica de Cookies"}]},{"@type":"WebSite","@id":"https:\/\/sof2.jmstudios.es\/#website","url":"https:\/\/sof2.jmstudios.es\/","name":"Software F\u00e1cil","description":" WooCommerce Template For Toy Store","publisher":{"@id":"https:\/\/sof2.jmstudios.es\/#organization"},"potentialAction":[{"@type":"SearchAction","target":{"@type":"EntryPoint","urlTemplate":"https:\/\/sof2.jmstudios.es\/?s={search_term_string}"},"query-input":{"@type":"PropertyValueSpecification","valueRequired":true,"valueName":"search_term_string"}}],"inLanguage":"es"},{"@type":"Organization","@id":"https:\/\/sof2.jmstudios.es\/#organization","name":"Software F\u00e1cil","url":"https:\/\/sof2.jmstudios.es\/","logo":{"@type":"ImageObject","inLanguage":"es","@id":"https:\/\/sof2.jmstudios.es\/#\/schema\/logo\/image\/","url":"https:\/\/sof2.jmstudios.es\/wp-content\/uploads\/2025\/10\/cropped-software_facil_logo-e1767484425268.png","contentUrl":"https:\/\/sof2.jmstudios.es\/wp-content\/uploads\/2025\/10\/cropped-software_facil_logo-e1767484425268.png","width":400,"height":114,"caption":"Software F\u00e1cil"},"image":{"@id":"https:\/\/sof2.jmstudios.es\/#\/schema\/logo\/image\/"}}]}},"_links":{"self":[{"href":"https:\/\/sof2.jmstudios.es\/index.php?rest_route=\/wp\/v2\/pages\/1190","targetHints":{"allow":["GET"]}}],"collection":[{"href":"https:\/\/sof2.jmstudios.es\/index.php?rest_route=\/wp\/v2\/pages"}],"about":[{"href":"https:\/\/sof2.jmstudios.es\/index.php?rest_route=\/wp\/v2\/types\/page"}],"author":[{"embeddable":true,"href":"https:\/\/sof2.jmstudios.es\/index.php?rest_route=\/wp\/v2\/users\/1"}],"replies":[{"embeddable":true,"href":"https:\/\/sof2.jmstudios.es\/index.php?rest_route=%2Fwp%2Fv2%2Fcomments&post=1190"}],"version-history":[{"count":0,"href":"https:\/\/sof2.jmstudios.es\/index.php?rest_route=\/wp\/v2\/pages\/1190\/revisions"}],"wp:attachment":[{"href":"https:\/\/sof2.jmstudios.es\/index.php?rest_route=%2Fwp%2Fv2%2Fmedia&parent=1190"}],"curies":[{"name":"wp","href":"https:\/\/api.w.org\/{rel}","templated":true}]}}