{"id":1175,"date":"2025-10-28T19:47:25","date_gmt":"2025-10-28T18:47:25","guid":{"rendered":"https:\/\/sof2.jmstudios.es\/?page_id=1175"},"modified":"2025-10-28T19:55:14","modified_gmt":"2025-10-28T18:55:14","slug":"aviso-legal","status":"publish","type":"page","link":"https:\/\/sof2.jmstudios.es\/?page_id=1175","title":{"rendered":"Aviso Legal"},"content":{"rendered":"<h2>1. DATOS IDENTIFICATIVOS<\/h2>\n<p>En cumplimiento con el deber de informaci\u00f3n recogido en el art\u00edculo 10 de la Ley 34\/2002, de 11 de julio, de Servicios de la Sociedad de la Informaci\u00f3n y del Comercio Electr\u00f3nico (LSSICE), a continuaci\u00f3n se reflejan los siguientes datos:<\/p>\n<ul>\n<li>\n<p><b>Titular del sitio web:<\/b> Jes\u00fas Pascual Ruiz<\/p>\n<\/li>\n<li>\n<p><b>NIF:<\/b> 74385364Y<\/p>\n<\/li>\n<li>\n<p><b>Domicilio:<\/b> C\/ Paseo de Alzavares 36 2-D, 03208 Elche (Alicante), Espa\u00f1a<\/p>\n<\/li>\n<li>\n<p><b>Correo electr\u00f3nico de contacto:<\/b> soporte@sof2.jmstudios.es<\/p>\n<\/li>\n<li>\n<p><b>Nombre del dominio:<\/b> <code>softwarefacil.com<\/code><\/p>\n<\/li>\n<li>\n<p><b>Actividad principal:<\/b> Comercio electr\u00f3nico de licencias de software (Windows, Office, Antivirus, Windows Server).<\/p>\n<\/li>\n<\/ul>\n<h2>2. OBJETO Y \u00c1MBITO DE APLICACI\u00d3N<\/h2>\n<p>El presente Aviso Legal regula el acceso y uso del sitio web <code>[INCLUIR TU DOMINIO WEB]<\/code> (en adelante, el \u00abSitio Web\u00bb), cuya finalidad es la comercializaci\u00f3n de licencias de software y productos digitales.<\/p>\n<p>La utilizaci\u00f3n del Sitio Web atribuye la condici\u00f3n de Usuario e implica la aceptaci\u00f3n plena y sin reservas de todas y cada una de las disposiciones incluidas en este Aviso Legal en la versi\u00f3n publicada por Jes\u00fas Pascual Ruiz en el momento mismo en que el Usuario acceda al Sitio Web.<\/p>\n<h2>3. CONDICIONES DE ACCESO Y USO DEL SITIO WEB<\/h2>\n<h3>3.1. Veracidad de la informaci\u00f3n<\/h3>\n<p>Toda la informaci\u00f3n que facilite el Usuario a trav\u00e9s del Sitio Web deber\u00e1 ser veraz. A estos efectos, el Usuario garantiza la autenticidad de todos aquellos datos que comunique como consecuencia de la cumplimentaci\u00f3n de los formularios necesarios para la compra o contacto.<\/p>\n<h3>3.2. Obligaci\u00f3n de hacer un uso correcto del Sitio Web<\/h3>\n<p>El Usuario se compromete a utilizar el Sitio Web de conformidad con la ley, el presente Aviso Legal, y dem\u00e1s avisos, reglamentos de uso e instrucciones puestos en su conocimiento, as\u00ed como con la moral y las buenas costumbres generalmente aceptadas y el orden p\u00fablico.<\/p>\n<p>El Usuario se abstendr\u00e1 de utilizar cualquiera de los contenidos con fines o efectos il\u00edcitos, prohibidos en el presente Aviso Legal, lesivos de los derechos e intereses de terceros, o que de cualquier forma puedan da\u00f1ar, inutilizar, sobrecargar, deteriorar o impedir la normal utilizaci\u00f3n del Sitio Web.<\/p>\n<p>\u00a0<\/p>\n<h2>4. PROPIEDAD INTELECTUAL E INDUSTRIAL<\/h2>\n<h3>4.1. Propiedad del Titular<\/h3>\n<p>Todos los elementos que conforman el Sitio Web (tales como dise\u00f1o gr\u00e1fico, c\u00f3digo fuente, logos, textos, y estructura, \u00abSoftware F\u00e1cil\u00bb) son propiedad de Jes\u00fas Pascual Ruiz o, en su caso, de terceros que han cedido sus derechos de uso. El Usuario se compromete a respetar los derechos de Propiedad Intelectual e Industrial titularidad de Jes\u00fas Pascual Ruiz.<\/p>\n<h3>4.2. Propiedad de Terceros (Marcas de Software)<\/h3>\n<p>Este Sitio Web comercializa licencias de productos cuyas marcas, nombres comerciales y logotipos (tales como Windows, Microsoft Office, Windows Server, as\u00ed como las distintas marcas de antivirus) son propiedad de sus respectivos titulares (p.ej., Microsoft Corporation, Symantec Corporation, etc.).<\/p>\n<p>Jes\u00fas Pascual Ruiz declara que act\u00faa como mero distribuidor y no se atribuye la propiedad ni ning\u00fan derecho sobre dichas marcas, las cuales se utilizan en este Sitio Web \u00fanicamente con car\u00e1cter descriptivo e informativo para la correcta identificaci\u00f3n de los productos comercializados. La adquisici\u00f3n de una licencia a trav\u00e9s de este Sitio Web no transfiere al Usuario ning\u00fan derecho de propiedad sobre dichas marcas, sino \u00fanicamente el derecho de uso (licencia) del software correspondiente seg\u00fan los t\u00e9rminos del fabricante.<\/p>\n<h2>5. EXCLUSI\u00d3N DE GARANT\u00cdAS Y RESPONSABILIDAD<\/h2>\n<p>Jes\u00fas Pascual Ruiz no se hace responsable, en ning\u00fan caso, de los da\u00f1os y perjuicios de cualquier naturaleza que pudieran ocasionar, a t\u00edtulo enunciativo: errores u omisiones en los contenidos, falta de disponibilidad del portal o la transmisi\u00f3n de virus o programas maliciosos o lesivos en los contenidos, a pesar de haber adoptado todas las medidas tecnol\u00f3gicas necesarias para evitarlo.<\/p>\n<p>La responsabilidad sobre la correcta instalaci\u00f3n, uso y compatibilidad del software adquirido recae en el Usuario, quien deber\u00e1 seguir las instrucciones del fabricante. Jes\u00fas Pascual Ruiz garantiza la legitimidad y validez de las licencias vendidas.<\/p>\n<h2>6. MODIFICACIONES<\/h2>\n<p>Jes\u00fas Pascual Ruiz se reserva el derecho de efectuar sin previo aviso las modificaciones que considere oportunas en su Sitio Web, pudiendo cambiar, suprimir o a\u00f1adir tanto los contenidos y servicios que se presten a trav\u00e9s de la misma como la forma en la que \u00e9stos aparezcan presentados o localizados.<\/p>\n<p>\u00a0<\/p>\n<h2>7. ENLACES (LINKS)<\/h2>\n<p>En el caso de que en el Sitio Web se dispusiesen enlaces o hiperv\u00ednculos hacia otros sitios de Internet, Jes\u00fas Pascual Ruiz no ejercer\u00e1 ning\u00fan tipo de control sobre dichos sitios y contenidos. En ning\u00fan caso asumir\u00e1 responsabilidad alguna por los contenidos de alg\u00fan enlace perteneciente a un sitio web ajeno.<\/p>\n<h2>8. POL\u00cdTICA DE PRIVACIDAD Y PROTECCI\u00d3N DE DATOS<\/h2>\n<p>En cumplimiento de lo dispuesto en el Reglamento (UE) 2016\/679 del Parlamento Europeo y del Consejo, de 27 de abril de 2016 (RGPD), y la Ley Org\u00e1nica 3\/2018, de 5 de diciembre (LOPDGDD), se informa al Usuario que los datos personales facilitados ser\u00e1n tratados seg\u00fan lo dispuesto en nuestra <b>Pol\u00edtica de Privacidad<\/b>.<\/p>\n<p>https:\/\/sof2.jmstudios.es\/politica-de-privacidad<\/p>\n<h2>9. USO DE COOKIES<\/h2>\n<p>Este Sitio Web utiliza cookies para mejorar la experiencia del usuario. Para m\u00e1s informaci\u00f3n sobre las cookies utilizadas, su finalidad y c\u00f3mo desactivarlas, consulte nuestra <b>Pol\u00edtica de Cookies<\/b>.<\/p>\n<p>https:\/\/sof2.jmstudios.es\/politica-de-cookies<\/p>\n<h2>10. LEGISLACI\u00d3N APLICABLE Y JURISDICCI\u00d3N<\/h2>\n<p>La relaci\u00f3n entre Jes\u00fas Pascual Ruiz y el Usuario se regir\u00e1 por la normativa espa\u00f1ola vigente.<\/p>\n<p>Para la resoluci\u00f3n de cualquier controversia que pudiera surgir, ambas partes se someten, con renuncia expresa a cualquier otro fuero que pudiera corresponderles, a los Juzgados y Tribunales de la ciudad de Elche (Alicante), salvo que la ley establezca lo contrario (como en el caso de consumidores y usuarios, que podr\u00e1n optar por los tribunales de su domicilio).<\/p>\n","protected":false},"excerpt":{"rendered":"<p>1. DATOS IDENTIFICATIVOS En cumplimiento con el deber de informaci\u00f3n recogido en el art\u00edculo 10 de la Ley 34\/2002, de 11 de julio, de Servicios de la Sociedad de la Informaci\u00f3n y del Comercio Electr\u00f3nico (LSSICE), a continuaci\u00f3n se reflejan los siguientes datos: Titular del sitio web: Jes\u00fas Pascual Ruiz NIF: 74385364Y Domicilio: C\/ Paseo [&hellip;]<\/p>\n","protected":false},"author":1,"featured_media":0,"parent":0,"menu_order":30,"comment_status":"closed","ping_status":"closed","template":"","meta":{"footnotes":""},"class_list":["post-1175","page","type-page","status-publish","hentry"],"yoast_head":"<!-- This site is optimized with the Yoast SEO plugin v27.5 - https:\/\/yoast.com\/product\/yoast-seo-wordpress\/ -->\n<title>Aviso Legal - Software F\u00e1cil<\/title>\n<meta name=\"robots\" content=\"noindex, follow, max-snippet:-1, max-image-preview:large, max-video-preview:-1\" \/>\n<meta property=\"og:locale\" content=\"es_ES\" \/>\n<meta property=\"og:type\" content=\"article\" \/>\n<meta property=\"og:title\" content=\"Aviso Legal - Software F\u00e1cil\" \/>\n<meta property=\"og:description\" content=\"1. DATOS IDENTIFICATIVOS En cumplimiento con el deber de informaci\u00f3n recogido en el art\u00edculo 10 de la Ley 34\/2002, de 11 de julio, de Servicios de la Sociedad de la Informaci\u00f3n y del Comercio Electr\u00f3nico (LSSICE), a continuaci\u00f3n se reflejan los siguientes datos: Titular del sitio web: Jes\u00fas Pascual Ruiz NIF: 74385364Y Domicilio: C\/ Paseo [&hellip;]\" \/>\n<meta property=\"og:url\" content=\"https:\/\/sof2.jmstudios.es\/aviso-legal\/\" \/>\n<meta property=\"og:site_name\" content=\"Software F\u00e1cil\" \/>\n<meta property=\"article:modified_time\" content=\"2025-10-28T18:55:14+00:00\" \/>\n<meta name=\"twitter:card\" content=\"summary_large_image\" \/>\n<meta name=\"twitter:label1\" content=\"Tiempo de lectura\" \/>\n\t<meta name=\"twitter:data1\" content=\"5 minutos\" \/>\n<script type=\"application\/ld+json\" class=\"yoast-schema-graph\">{\"@context\":\"https:\\\/\\\/schema.org\",\"@graph\":[{\"@type\":\"WebPage\",\"@id\":\"https:\\\/\\\/sof2.jmstudios.es\\\/aviso-legal\\\/\",\"url\":\"https:\\\/\\\/sof2.jmstudios.es\\\/aviso-legal\\\/\",\"name\":\"Aviso Legal - Software F\u00e1cil\",\"isPartOf\":{\"@id\":\"https:\\\/\\\/sof2.jmstudios.es\\\/#website\"},\"datePublished\":\"2025-10-28T18:47:25+00:00\",\"dateModified\":\"2025-10-28T18:55:14+00:00\",\"breadcrumb\":{\"@id\":\"https:\\\/\\\/sof2.jmstudios.es\\\/aviso-legal\\\/#breadcrumb\"},\"inLanguage\":\"es\",\"potentialAction\":[{\"@type\":\"ReadAction\",\"target\":[\"https:\\\/\\\/sof2.jmstudios.es\\\/aviso-legal\\\/\"]}]},{\"@type\":\"BreadcrumbList\",\"@id\":\"https:\\\/\\\/sof2.jmstudios.es\\\/aviso-legal\\\/#breadcrumb\",\"itemListElement\":[{\"@type\":\"ListItem\",\"position\":1,\"name\":\"Portada\",\"item\":\"https:\\\/\\\/sof2.jmstudios.es\\\/\"},{\"@type\":\"ListItem\",\"position\":2,\"name\":\"Aviso Legal\"}]},{\"@type\":\"WebSite\",\"@id\":\"https:\\\/\\\/sof2.jmstudios.es\\\/#website\",\"url\":\"https:\\\/\\\/sof2.jmstudios.es\\\/\",\"name\":\"Software F\u00e1cil\",\"description\":\" WooCommerce Template For Toy Store\",\"publisher\":{\"@id\":\"https:\\\/\\\/sof2.jmstudios.es\\\/#organization\"},\"potentialAction\":[{\"@type\":\"SearchAction\",\"target\":{\"@type\":\"EntryPoint\",\"urlTemplate\":\"https:\\\/\\\/sof2.jmstudios.es\\\/?s={search_term_string}\"},\"query-input\":{\"@type\":\"PropertyValueSpecification\",\"valueRequired\":true,\"valueName\":\"search_term_string\"}}],\"inLanguage\":\"es\"},{\"@type\":\"Organization\",\"@id\":\"https:\\\/\\\/sof2.jmstudios.es\\\/#organization\",\"name\":\"Software F\u00e1cil\",\"url\":\"https:\\\/\\\/sof2.jmstudios.es\\\/\",\"logo\":{\"@type\":\"ImageObject\",\"inLanguage\":\"es\",\"@id\":\"https:\\\/\\\/sof2.jmstudios.es\\\/#\\\/schema\\\/logo\\\/image\\\/\",\"url\":\"https:\\\/\\\/sof2.jmstudios.es\\\/wp-content\\\/uploads\\\/2025\\\/10\\\/cropped-software_facil_logo-e1767484425268.png\",\"contentUrl\":\"https:\\\/\\\/sof2.jmstudios.es\\\/wp-content\\\/uploads\\\/2025\\\/10\\\/cropped-software_facil_logo-e1767484425268.png\",\"width\":400,\"height\":114,\"caption\":\"Software F\u00e1cil\"},\"image\":{\"@id\":\"https:\\\/\\\/sof2.jmstudios.es\\\/#\\\/schema\\\/logo\\\/image\\\/\"}}]}<\/script>\n<!-- \/ Yoast SEO plugin. -->","yoast_head_json":{"title":"Aviso Legal - Software F\u00e1cil","robots":{"index":"noindex","follow":"follow","max-snippet":"max-snippet:-1","max-image-preview":"max-image-preview:large","max-video-preview":"max-video-preview:-1"},"og_locale":"es_ES","og_type":"article","og_title":"Aviso Legal - Software F\u00e1cil","og_description":"1. DATOS IDENTIFICATIVOS En cumplimiento con el deber de informaci\u00f3n recogido en el art\u00edculo 10 de la Ley 34\/2002, de 11 de julio, de Servicios de la Sociedad de la Informaci\u00f3n y del Comercio Electr\u00f3nico (LSSICE), a continuaci\u00f3n se reflejan los siguientes datos: Titular del sitio web: Jes\u00fas Pascual Ruiz NIF: 74385364Y Domicilio: C\/ Paseo [&hellip;]","og_url":"https:\/\/sof2.jmstudios.es\/aviso-legal\/","og_site_name":"Software F\u00e1cil","article_modified_time":"2025-10-28T18:55:14+00:00","twitter_card":"summary_large_image","twitter_misc":{"Tiempo de lectura":"5 minutos"},"schema":{"@context":"https:\/\/schema.org","@graph":[{"@type":"WebPage","@id":"https:\/\/sof2.jmstudios.es\/aviso-legal\/","url":"https:\/\/sof2.jmstudios.es\/aviso-legal\/","name":"Aviso Legal - Software F\u00e1cil","isPartOf":{"@id":"https:\/\/sof2.jmstudios.es\/#website"},"datePublished":"2025-10-28T18:47:25+00:00","dateModified":"2025-10-28T18:55:14+00:00","breadcrumb":{"@id":"https:\/\/sof2.jmstudios.es\/aviso-legal\/#breadcrumb"},"inLanguage":"es","potentialAction":[{"@type":"ReadAction","target":["https:\/\/sof2.jmstudios.es\/aviso-legal\/"]}]},{"@type":"BreadcrumbList","@id":"https:\/\/sof2.jmstudios.es\/aviso-legal\/#breadcrumb","itemListElement":[{"@type":"ListItem","position":1,"name":"Portada","item":"https:\/\/sof2.jmstudios.es\/"},{"@type":"ListItem","position":2,"name":"Aviso Legal"}]},{"@type":"WebSite","@id":"https:\/\/sof2.jmstudios.es\/#website","url":"https:\/\/sof2.jmstudios.es\/","name":"Software F\u00e1cil","description":" WooCommerce Template For Toy Store","publisher":{"@id":"https:\/\/sof2.jmstudios.es\/#organization"},"potentialAction":[{"@type":"SearchAction","target":{"@type":"EntryPoint","urlTemplate":"https:\/\/sof2.jmstudios.es\/?s={search_term_string}"},"query-input":{"@type":"PropertyValueSpecification","valueRequired":true,"valueName":"search_term_string"}}],"inLanguage":"es"},{"@type":"Organization","@id":"https:\/\/sof2.jmstudios.es\/#organization","name":"Software F\u00e1cil","url":"https:\/\/sof2.jmstudios.es\/","logo":{"@type":"ImageObject","inLanguage":"es","@id":"https:\/\/sof2.jmstudios.es\/#\/schema\/logo\/image\/","url":"https:\/\/sof2.jmstudios.es\/wp-content\/uploads\/2025\/10\/cropped-software_facil_logo-e1767484425268.png","contentUrl":"https:\/\/sof2.jmstudios.es\/wp-content\/uploads\/2025\/10\/cropped-software_facil_logo-e1767484425268.png","width":400,"height":114,"caption":"Software F\u00e1cil"},"image":{"@id":"https:\/\/sof2.jmstudios.es\/#\/schema\/logo\/image\/"}}]}},"_links":{"self":[{"href":"https:\/\/sof2.jmstudios.es\/index.php?rest_route=\/wp\/v2\/pages\/1175","targetHints":{"allow":["GET"]}}],"collection":[{"href":"https:\/\/sof2.jmstudios.es\/index.php?rest_route=\/wp\/v2\/pages"}],"about":[{"href":"https:\/\/sof2.jmstudios.es\/index.php?rest_route=\/wp\/v2\/types\/page"}],"author":[{"embeddable":true,"href":"https:\/\/sof2.jmstudios.es\/index.php?rest_route=\/wp\/v2\/users\/1"}],"replies":[{"embeddable":true,"href":"https:\/\/sof2.jmstudios.es\/index.php?rest_route=%2Fwp%2Fv2%2Fcomments&post=1175"}],"version-history":[{"count":0,"href":"https:\/\/sof2.jmstudios.es\/index.php?rest_route=\/wp\/v2\/pages\/1175\/revisions"}],"wp:attachment":[{"href":"https:\/\/sof2.jmstudios.es\/index.php?rest_route=%2Fwp%2Fv2%2Fmedia&parent=1175"}],"curies":[{"name":"wp","href":"https:\/\/api.w.org\/{rel}","templated":true}]}}